{"id":1195,"date":"2024-09-18T03:52:17","date_gmt":"2024-09-18T03:52:17","guid":{"rendered":"https:\/\/bowintricycle.com\/about-us\/"},"modified":"2024-11-12T08:30:29","modified_gmt":"2024-11-12T08:30:29","slug":"acerca-de-nosotros","status":"publish","type":"page","link":"https:\/\/www.bowintricycle.com\/es\/about-us\/","title":{"rendered":"Qui\u00e9nes somos"},"content":{"rendered":"<div class=\"wp-block-uagb-container uagb-block-77ef3999 alignfull uagb-is-root-container\"><div class=\"uagb-container-inner-blocks-wrap\">\n<div class=\"wp-block-uagb-advanced-heading uagb-block-a0dfcabf\"><h1 class=\"uagb-heading-text\">fabricantes de triciclos el\u00e9ctricos en china<\/h1><\/div>\n\n\n\n<div class=\"wp-block-uagb-container uagb-block-15bc65d2\"><div class=\"uagb-container__video-wrap\"><video autoplay loop muted playsinline><source src=\"https:\/\/bowintricycle.com\/wp-content\/uploads\/2024\/09\/df1275b9a5f11382497d77513fb4e40e.mp4\" type=\"video\/mp4\"\/><\/video><\/div>\n<div class=\"wp-block-uagb-info-box uagb-block-f8db6f4f uagb-infobox__content-wrap  uagb-infobox-icon-above-title uagb-infobox-image-valign-top\"><div class=\"uagb-ifb-content\"><div class=\"uagb-ifb-icon-wrap\"><div class=\"uagb-iconbox-icon-wrap uagb-infobox-shape-circle\"><svg xmlns=\"https:\/\/www.w3.org\/2000\/svg\" viewbox=\"0 0 384 512\"><path d=\"M361 215C375.3 223.8 384 239.3 384 256C384 272.7 375.3 288.2 361 296.1L73.03 472.1C58.21 482 39.66 482.4 24.52 473.9C9.377 465.4 0 449.4 0 432V80C0 62.64 9.377 46.63 24.52 38.13C39.66 29.64 58.21 29.99 73.03 39.04L361 215z\"><\/path><\/svg><\/div><\/div><div class=\"uagb-ifb-title-wrap\"><h4 class=\"uagb-ifb-title\"><font _mstmutation=\"1\"><\/font><\/h4><\/div><\/div><\/div>\n<\/div>\n<\/div><\/div>\n\n\n\n<div class=\"wp-block-uagb-container uagb-block-6b97439c alignfull uagb-is-root-container\"><div class=\"uagb-container-inner-blocks-wrap\">\n<div class=\"wp-block-uagb-advanced-heading uagb-block-93a9a65d\"><h2 class=\"uagb-heading-text\">Explora las historias<\/h2><\/div>\n<\/div><\/div>\n\n\n\n<div class=\"wp-block-uagb-container uagb-layout-grid uagb-block-a21e7343 alignfull uagb-is-root-container\"><div class=\"uagb-container-inner-blocks-wrap\">\n<div class=\"wp-block-uagb-container uagb-block-bf6a7a47\">\n<div class=\"wp-block-uagb-advanced-heading uagb-block-401f5a88\"><h5 class=\"uagb-heading-text\"><a href=\"https:\/\/www.bowintricycle.com\/es\/producto\/triciclo-de-carga-electrico\/\">triciclo de carga el\u00e9ctrico<\/a><\/h5><\/div>\n<\/div>\n\n\n\n<div class=\"wp-block-uagb-container uagb-block-f5d99c15\">\n<div class=\"wp-block-uagb-advanced-heading uagb-block-eac55b73\"><h4 class=\"uagb-heading-text\"><a href=\"https:\/\/www.bowintricycle.com\/es\/producto\/fabricante-de-triciclos-electricos-de-carga\/\">Fabricante de triciclos el\u00e9ctricos de carga<\/a><\/h4><\/div>\n<\/div>\n\n\n\n<div class=\"wp-block-uagb-container uagb-block-f053c8e9\">\n<div class=\"wp-block-uagb-advanced-heading uagb-block-5e32f5cc\"><h5 class=\"uagb-heading-text\">Mayorista de triciclos el\u00e9ctricos<\/h5><\/div>\n<\/div>\n\n\n\n<div class=\"wp-block-uagb-container uagb-block-d71fe866\">\n<div class=\"wp-block-uagb-advanced-heading uagb-block-316c575b\"><h4 class=\"uagb-heading-text\"><a href=\"https:\/\/www.bowintricycle.com\/es\/producto\/triciclo-electrico-para-pasajeros\/\">Triciclo el\u00e9ctrico para transporte de personas<\/a><\/h4><\/div>\n<\/div>\n\n\n\n<div class=\"wp-block-uagb-container uagb-block-d3443137\">\n<div class=\"wp-block-uagb-advanced-heading uagb-block-40513eea\"><h5 class=\"uagb-heading-text\"><a href=\"https:\/\/www.bowintricycle.com\/es\/categoria-de-productos\/electric-tricycle\/\">Proveedor de triciclos el\u00e9ctricos para pasajeros<\/a><\/h5><\/div>\n<\/div>\n\n\n\n<div class=\"wp-block-uagb-container uagb-block-e2ca5539\">\n<div class=\"wp-block-uagb-advanced-heading uagb-block-dd6166ac\"><h5 class=\"uagb-heading-text\">Proveedor de triciclos el\u00e9ctricos<\/h5><\/div>\n<\/div>\n<\/div><\/div>\n\n\n\n<div class=\"wp-block-uagb-container uagb-block-2a4f06fe alignfull uagb-is-root-container\"><div class=\"uagb-container-inner-blocks-wrap\">\n<div class=\"wp-block-uagb-advanced-heading uagb-block-196d295c\"><h2 class=\"uagb-heading-text\">Nuestro proceso<\/h2><\/div>\n\n\n\n<div class=\"wp-block-uagb-container uagb-layout-grid uagb-block-ee6201f3\">\n<div class=\"wp-block-uagb-info-box uagb-block-22d52622 uagb-infobox__content-wrap  uagb-infobox-icon-above-title uagb-infobox-image-valign-top\"><div class=\"uagb-ifb-content\"><div class=\"uagb-ifb-title-wrap\"><span class=\"uagb-ifb-title-prefix\">01.<\/span><h5 class=\"uagb-ifb-title\">Investigaci\u00f3n<\/h5><\/div><p class=\"uagb-ifb-desc\">Lorem ipsum dolor sit amet, consec tetur elit. Ut elit tellus, luctus nec ullam corper.<\/p><\/div><\/div>\n\n\n\n<div class=\"wp-block-uagb-info-box uagb-block-d46de7b0 uagb-infobox__content-wrap  uagb-infobox-icon-above-title uagb-infobox-image-valign-top\"><div class=\"uagb-ifb-content\"><div class=\"uagb-ifb-title-wrap\"><span class=\"uagb-ifb-title-prefix\">02.<\/span><h5 class=\"uagb-ifb-title\">Idea y concepto<\/h5><\/div><p class=\"uagb-ifb-desc\">Lorem ipsum dolor sit amet, consec tetur elit. Ut elit tellus, luctus nec ullam corper.<\/p><\/div><\/div>\n\n\n\n<div class=\"wp-block-uagb-info-box uagb-block-97e9e08d uagb-infobox__content-wrap  uagb-infobox-icon-above-title uagb-infobox-image-valign-top\"><div class=\"uagb-ifb-content\"><div class=\"uagb-ifb-title-wrap\"><span class=\"uagb-ifb-title-prefix\">03.<\/span><h5 class=\"uagb-ifb-title\">Dise\u00f1o y producci\u00f3n<\/h5><\/div><p class=\"uagb-ifb-desc\">Lorem ipsum dolor sit amet, consec tetur elit. Ut elit tellus, luctus nec ullam corper.<\/p><\/div><\/div>\n\n\n\n<div class=\"wp-block-uagb-info-box uagb-block-802bb801 uagb-infobox__content-wrap  uagb-infobox-icon-above-title uagb-infobox-image-valign-top\"><div class=\"uagb-ifb-content\"><div class=\"uagb-ifb-title-wrap\"><span class=\"uagb-ifb-title-prefix\">04.<\/span><h5 class=\"uagb-ifb-title\">Ventas y servicios<\/h5><\/div><p class=\"uagb-ifb-desc\">Lorem ipsum dolor sit amet, consec tetur elit. Ut elit tellus, luctus nec ullam corper.<\/p><\/div><\/div>\n<\/div>\n<\/div><\/div>\n\n\n\n<div class=\"wp-block-uagb-container uagb-block-d389ae60 alignfull uagb-is-root-container\"><div class=\"uagb-container-inner-blocks-wrap\">\n<div class=\"wp-block-uagb-advanced-heading uagb-block-50e563bf\"><h2 class=\"uagb-heading-text\">Bowintricycle<\/h2><\/div>\n\n\n\n<div class=\"wp-block-uagb-container uagb-block-d8b8b902\"><div class=\"uagb-container__video-wrap\"><video autoplay loop muted playsinline><source src=\"https:\/\/bowintricycle.com\/wp-content\/uploads\/2024\/09\/2bfc2b0c43ad36ce933cc220813aea40.mp4\" type=\"video\/mp4\"\/><\/video><\/div>\n<div class=\"wp-block-uagb-info-box uagb-block-385c813a uagb-infobox__content-wrap  uagb-infobox-icon-above-title uagb-infobox-image-valign-top wp-block-uagb-info-box--has-margin\"><div class=\"uagb-infobox-margin-wrapper\"><div class=\"uagb-ifb-content\"><div class=\"uagb-ifb-icon-wrap\"><div class=\"uagb-iconbox-icon-wrap uagb-infobox-shape-circle\"><svg xmlns=\"https:\/\/www.w3.org\/2000\/svg\" viewbox=\"0 0 384 512\"><path d=\"M361 215C375.3 223.8 384 239.3 384 256C384 272.7 375.3 288.2 361 296.1L73.03 472.1C58.21 482 39.66 482.4 24.52 473.9C9.377 465.4 0 449.4 0 432V80C0 62.64 9.377 46.63 24.52 38.13C39.66 29.64 58.21 29.99 73.03 39.04L361 215z\"><\/path><\/svg><\/div><\/div><div class=\"uagb-ifb-title-wrap\"><h4 class=\"uagb-ifb-title\">Ver el v\u00eddeo completo<\/h4><\/div><\/div><\/div><\/div>\n<\/div>\n\n\n\n<div class=\"wp-block-uagb-call-to-action uagb-block-2de0add8 wp-block-button\"><div class=\"uagb-cta__wrap\"><h4 class=\"uagb-cta__title\">Fabricante de triciclos el\u00e9ctricos de calidad en China.<\/h4><p class=\"uagb-cta__desc\">Fabricante de triciclos el\u00e9ctricos de calidad en China.<br>Lorem ipsum dolor sit amet, consectetur adipiscing elit. Ut elit tellus, luctus nec ullamcorper mattis.<br><a href=\"#\">\u00danete al ProgramaME<\/a><\/p><\/div><div class=\"uagb-cta__buttons\"><a href=\"#\" class=\"uagb-cta__button-link-wrapper wp-block-button__link\" target=\"_self\" rel=\"noopener noreferrer\">P\u00d3NGASE EN CONTACTO CON NOSOTROS.<\/a><\/div><\/div>\n<\/div><\/div>\n\n\n\n<div class=\"wp-block-uagb-container uagb-block-18f0201e alignfull uagb-is-root-container\"><div class=\"uagb-container-inner-blocks-wrap\">\n<div class=\"wp-block-uagb-info-box uagb-block-5dd33463 uagb-infobox__content-wrap  uagb-infobox-icon-above-title uagb-infobox-image-valign-top\"><div class=\"uagb-ifb-content\"><div class=\"uagb-ifb-title-wrap\"><h4 class=\"uagb-ifb-title-prefix\">El nuevo<\/h4><h2 class=\"uagb-ifb-title\">Bowintricycle<\/h2><\/div><p class=\"uagb-ifb-desc\">Como fabricante con amplia experiencia en la industria de los veh\u00edculos el\u00e9ctricos durante m\u00e1s de una d\u00e9cada, nuestra empresa es una empresa destacada. Estamos comprometidos con la producci\u00f3n de veh\u00edculos el\u00e9ctricos de tres ruedas de alta calidad. Equipados con tecnolog\u00eda de producci\u00f3n avanzada y un equipo profesional, nos esforzamos por crear productos innovadores y fiables. Nuestra f\u00e1brica est\u00e1 equipada con instalaciones de \u00faltima generaci\u00f3n y se adhiere a estrictas normas de control de calidad para garantizar que cada veh\u00edculo el\u00e9ctrico de tres ruedas que sale de la l\u00ednea de montaje cumple con los m\u00e1s altos requisitos de calidad.La compa\u00f1\u00eda se centra en la innovaci\u00f3n tecnol\u00f3gica y el desarrollo sostenible en el campo de los veh\u00edculos el\u00e9ctricos de tres ruedas. Exploramos y adoptamos constantemente nuevas tecnolog\u00edas para mejorar el rendimiento y la funcionalidad de nuestros productos. En la actualidad, hemos obtenido numerosas patentes en la industria de los scooters el\u00e9ctricos de tres ruedas. Estamos comprometidos a ofrecer excelentes servicios y productos para brindar comodidad y satisfacci\u00f3n a los usuarios de veh\u00edculos el\u00e9ctricos de tres ruedas.<\/p><div class=\"uagb-ifb-button-wrapper wp-block-button\"><a href=\"#\" class=\"uagb-infobox-cta-link wp-block-button__link\" target=\"_self\" rel=\"noopener noreferrer\" onclick=\"return false;\"><span class=\"uagb-inline-editing\">comprar ahora<\/span><\/a><\/div><\/div><\/div>\n<\/div><\/div>\n\n\n\n<p><\/p>","protected":false},"excerpt":{"rendered":"<p>electric tricycle manufacturers in china Explore The Stories electric cargo tricycle Electric cargo tricycle manufacturer Electric tricycle wholesaler Electric tricycle for people transportation Electric passenger tricycle supplier Electric tricycle supplier Our Process Bowintricycle<\/p>","protected":false},"author":1,"featured_media":0,"parent":0,"menu_order":0,"comment_status":"closed","ping_status":"closed","template":"","meta":{"_uag_custom_page_level_css":"","site-sidebar-layout":"no-sidebar","site-content-layout":"plain-container","ast-site-content-layout":"normal-width-container","site-content-style":"unboxed","site-sidebar-style":"unboxed","ast-global-header-display":"","ast-banner-title-visibility":"","ast-main-header-display":"","ast-hfb-above-header-display":"","ast-hfb-below-header-display":"","ast-hfb-mobile-header-display":"","site-post-title":"disabled","ast-breadcrumbs-content":"","ast-featured-img":"disabled","footer-sml-layout":"","ast-disable-related-posts":"","theme-transparent-header-meta":"enabled","adv-header-id-meta":"","stick-header-meta":"","header-above-stick-meta":"","header-main-stick-meta":"","header-below-stick-meta":"","astra-migrate-meta-layouts":"set","ast-page-background-enabled":"default","ast-page-background-meta":{"desktop":{"background-color":"","background-image":"","background-repeat":"repeat","background-position":"center center","background-size":"auto","background-attachment":"scroll","background-type":"","background-media":"","overlay-type":"","overlay-color":"","overlay-opacity":"","overlay-gradient":""},"tablet":{"background-color":"","background-image":"","background-repeat":"repeat","background-position":"center center","background-size":"auto","background-attachment":"scroll","background-type":"","background-media":"","overlay-type":"","overlay-color":"","overlay-opacity":"","overlay-gradient":""},"mobile":{"background-color":"","background-image":"","background-repeat":"repeat","background-position":"center center","background-size":"auto","background-attachment":"scroll","background-type":"","background-media":"","overlay-type":"","overlay-color":"","overlay-opacity":"","overlay-gradient":""}},"ast-content-background-meta":{"desktop":{"background-color":"var(--ast-global-color-5)","background-image":"","background-repeat":"repeat","background-position":"center center","background-size":"auto","background-attachment":"scroll","background-type":"","background-media":"","overlay-type":"","overlay-color":"","overlay-opacity":"","overlay-gradient":""},"tablet":{"background-color":"var(--ast-global-color-5)","background-image":"","background-repeat":"repeat","background-position":"center center","background-size":"auto","background-attachment":"scroll","background-type":"","background-media":"","overlay-type":"","overlay-color":"","overlay-opacity":"","overlay-gradient":""},"mobile":{"background-color":"var(--ast-global-color-5)","background-image":"","background-repeat":"repeat","background-position":"center center","background-size":"auto","background-attachment":"scroll","background-type":"","background-media":"","overlay-type":"","overlay-color":"","overlay-opacity":"","overlay-gradient":""}},"footnotes":""},"class_list":["post-1195","page","type-page","status-publish","hentry"],"yoast_head":"<!-- This site is optimized with the Yoast SEO plugin v27.4 - https:\/\/yoast.com\/product\/yoast-seo-wordpress\/ -->\n<title>Electric tricycle dealer in China - Bowintricycle<\/title>\n<meta name=\"description\" content=\"As a leading electric tricycle dealer in China, sourced from factories. We offer high-quality electric tricycles for passenger and cargo uses to meet diverse customer needs. With years of industry experience, we&#039;re known for reliability and great service.\" \/>\n<meta name=\"robots\" content=\"index, follow, max-snippet:-1, max-image-preview:large, max-video-preview:-1\" \/>\n<link rel=\"canonical\" href=\"https:\/\/www.bowintricycle.com\/es\/acerca-de-nosotros\/\" \/>\n<meta property=\"og:locale\" content=\"es_ES\" \/>\n<meta property=\"og:type\" content=\"article\" \/>\n<meta property=\"og:title\" content=\"Electric tricycle dealer in China - Bowintricycle\" \/>\n<meta property=\"og:description\" content=\"As a leading electric tricycle dealer in China, sourced from factories. We offer high-quality electric tricycles for passenger and cargo uses to meet diverse customer needs. With years of industry experience, we&#039;re known for reliability and great service.\" \/>\n<meta property=\"og:url\" content=\"https:\/\/www.bowintricycle.com\/es\/acerca-de-nosotros\/\" \/>\n<meta property=\"og:site_name\" content=\"Bowintricycle\" \/>\n<meta property=\"article:modified_time\" content=\"2024-11-12T08:30:29+00:00\" \/>\n<meta name=\"twitter:card\" content=\"summary_large_image\" \/>\n<meta name=\"twitter:label1\" content=\"Tiempo de lectura\" \/>\n\t<meta name=\"twitter:data1\" content=\"2 minutos\" \/>\n<script type=\"application\/ld+json\" class=\"yoast-schema-graph\">{\"@context\":\"https:\\\/\\\/schema.org\",\"@graph\":[{\"@type\":\"WebPage\",\"@id\":\"https:\\\/\\\/www.bowintricycle.com\\\/about-us\\\/\",\"url\":\"https:\\\/\\\/www.bowintricycle.com\\\/about-us\\\/\",\"name\":\"Electric tricycle dealer in China - Bowintricycle\",\"isPartOf\":{\"@id\":\"https:\\\/\\\/www.bowintricycle.com\\\/#website\"},\"datePublished\":\"2024-09-18T03:52:17+00:00\",\"dateModified\":\"2024-11-12T08:30:29+00:00\",\"description\":\"As a leading electric tricycle dealer in China, sourced from factories. We offer high-quality electric tricycles for passenger and cargo uses to meet diverse customer needs. With years of industry experience, we're known for reliability and great service.\",\"breadcrumb\":{\"@id\":\"https:\\\/\\\/www.bowintricycle.com\\\/about-us\\\/#breadcrumb\"},\"inLanguage\":\"es\",\"potentialAction\":[{\"@type\":\"ReadAction\",\"target\":[\"https:\\\/\\\/www.bowintricycle.com\\\/about-us\\\/\"]}]},{\"@type\":\"BreadcrumbList\",\"@id\":\"https:\\\/\\\/www.bowintricycle.com\\\/about-us\\\/#breadcrumb\",\"itemListElement\":[{\"@type\":\"ListItem\",\"position\":1,\"name\":\"Home\",\"item\":\"https:\\\/\\\/www.bowintricycle.com\\\/\"},{\"@type\":\"ListItem\",\"position\":2,\"name\":\"About Us\"}]},{\"@type\":\"WebSite\",\"@id\":\"https:\\\/\\\/www.bowintricycle.com\\\/#website\",\"url\":\"https:\\\/\\\/www.bowintricycle.com\\\/\",\"name\":\"Bowintricycle\",\"description\":\"\",\"publisher\":{\"@id\":\"https:\\\/\\\/www.bowintricycle.com\\\/#organization\"},\"potentialAction\":[{\"@type\":\"SearchAction\",\"target\":{\"@type\":\"EntryPoint\",\"urlTemplate\":\"https:\\\/\\\/www.bowintricycle.com\\\/?s={search_term_string}\"},\"query-input\":{\"@type\":\"PropertyValueSpecification\",\"valueRequired\":true,\"valueName\":\"search_term_string\"}}],\"inLanguage\":\"es\"},{\"@type\":\"Organization\",\"@id\":\"https:\\\/\\\/www.bowintricycle.com\\\/#organization\",\"name\":\"Bowintricycle\",\"url\":\"https:\\\/\\\/www.bowintricycle.com\\\/\",\"logo\":{\"@type\":\"ImageObject\",\"inLanguage\":\"es\",\"@id\":\"https:\\\/\\\/www.bowintricycle.com\\\/#\\\/schema\\\/logo\\\/image\\\/\",\"url\":\"https:\\\/\\\/bowintricycle.com\\\/wp-content\\\/uploads\\\/2024\\\/09\\\/lQLPJwWHBaxB9PfMns0ClbCwF-kQr-EvewbbaExWFWUB_661_158-1.png\",\"contentUrl\":\"https:\\\/\\\/bowintricycle.com\\\/wp-content\\\/uploads\\\/2024\\\/09\\\/lQLPJwWHBaxB9PfMns0ClbCwF-kQr-EvewbbaExWFWUB_661_158-1.png\",\"width\":661,\"height\":158,\"caption\":\"Bowintricycle\"},\"image\":{\"@id\":\"https:\\\/\\\/www.bowintricycle.com\\\/#\\\/schema\\\/logo\\\/image\\\/\"}}]}<\/script>\n<!-- \/ Yoast SEO plugin. -->","yoast_head_json":{"title":"Distribuidor de triciclos el\u00e9ctricos en China - Bowintricycle","description":"Como distribuidor l\u00edder de triciclos el\u00e9ctricos en China, procedentes de f\u00e1bricas. Ofrecemos triciclos el\u00e9ctricos de alta calidad para uso de pasajeros y carga para satisfacer las diversas necesidades de los clientes. Con a\u00f1os de experiencia en el sector, somos conocidos por nuestra fiabilidad y excelente servicio.","robots":{"index":"index","follow":"follow","max-snippet":"max-snippet:-1","max-image-preview":"max-image-preview:large","max-video-preview":"max-video-preview:-1"},"canonical":"https:\/\/www.bowintricycle.com\/es\/acerca-de-nosotros\/","og_locale":"es_ES","og_type":"article","og_title":"Electric tricycle dealer in China - Bowintricycle","og_description":"As a leading electric tricycle dealer in China, sourced from factories. We offer high-quality electric tricycles for passenger and cargo uses to meet diverse customer needs. With years of industry experience, we're known for reliability and great service.","og_url":"https:\/\/www.bowintricycle.com\/es\/acerca-de-nosotros\/","og_site_name":"Bowintricycle","article_modified_time":"2024-11-12T08:30:29+00:00","twitter_card":"summary_large_image","twitter_misc":{"Tiempo de lectura":"2 minutos"},"schema":{"@context":"https:\/\/schema.org","@graph":[{"@type":"WebPage","@id":"https:\/\/www.bowintricycle.com\/about-us\/","url":"https:\/\/www.bowintricycle.com\/about-us\/","name":"Distribuidor de triciclos el\u00e9ctricos en China - Bowintricycle","isPartOf":{"@id":"https:\/\/www.bowintricycle.com\/#website"},"datePublished":"2024-09-18T03:52:17+00:00","dateModified":"2024-11-12T08:30:29+00:00","description":"Como distribuidor l\u00edder de triciclos el\u00e9ctricos en China, procedentes de f\u00e1bricas. Ofrecemos triciclos el\u00e9ctricos de alta calidad para uso de pasajeros y carga para satisfacer las diversas necesidades de los clientes. Con a\u00f1os de experiencia en el sector, somos conocidos por nuestra fiabilidad y excelente servicio.","breadcrumb":{"@id":"https:\/\/www.bowintricycle.com\/about-us\/#breadcrumb"},"inLanguage":"es","potentialAction":[{"@type":"ReadAction","target":["https:\/\/www.bowintricycle.com\/about-us\/"]}]},{"@type":"BreadcrumbList","@id":"https:\/\/www.bowintricycle.com\/about-us\/#breadcrumb","itemListElement":[{"@type":"ListItem","position":1,"name":"Home","item":"https:\/\/www.bowintricycle.com\/"},{"@type":"ListItem","position":2,"name":"About Us"}]},{"@type":"WebSite","@id":"https:\/\/www.bowintricycle.com\/#website","url":"https:\/\/www.bowintricycle.com\/","name":"Bowintricycle","description":"","publisher":{"@id":"https:\/\/www.bowintricycle.com\/#organization"},"potentialAction":[{"@type":"SearchAction","target":{"@type":"EntryPoint","urlTemplate":"https:\/\/www.bowintricycle.com\/?s={search_term_string}"},"query-input":{"@type":"PropertyValueSpecification","valueRequired":true,"valueName":"search_term_string"}}],"inLanguage":"es"},{"@type":"Organization","@id":"https:\/\/www.bowintricycle.com\/#organization","name":"Bowintricycle","url":"https:\/\/www.bowintricycle.com\/","logo":{"@type":"ImageObject","inLanguage":"es","@id":"https:\/\/www.bowintricycle.com\/#\/schema\/logo\/image\/","url":"https:\/\/bowintricycle.com\/wp-content\/uploads\/2024\/09\/lQLPJwWHBaxB9PfMns0ClbCwF-kQr-EvewbbaExWFWUB_661_158-1.png","contentUrl":"https:\/\/bowintricycle.com\/wp-content\/uploads\/2024\/09\/lQLPJwWHBaxB9PfMns0ClbCwF-kQr-EvewbbaExWFWUB_661_158-1.png","width":661,"height":158,"caption":"Bowintricycle"},"image":{"@id":"https:\/\/www.bowintricycle.com\/#\/schema\/logo\/image\/"}}]}},"uagb_featured_image_src":{"full":false,"thumbnail":false,"medium":false,"medium_large":false,"large":false,"1536x1536":false,"2048x2048":false,"trp-custom-language-flag":false,"woocommerce_thumbnail":false,"woocommerce_single":false,"woocommerce_gallery_thumbnail":false},"uagb_author_info":{"display_name":"user","author_link":"https:\/\/www.bowintricycle.com\/es\/author\/user\/"},"uagb_comment_info":0,"uagb_excerpt":"electric tricycle manufacturers in china Explore The Stories electric cargo tricycle Electric cargo tricycle manufacturer Electric tricycle wholesaler Electric tricycle for people transportation Electric passenger tricycle supplier Electric tricycle supplier Our Process Bowintricycle","_links":{"self":[{"href":"https:\/\/www.bowintricycle.com\/es\/wp-json\/wp\/v2\/pages\/1195","targetHints":{"allow":["GET"]}}],"collection":[{"href":"https:\/\/www.bowintricycle.com\/es\/wp-json\/wp\/v2\/pages"}],"about":[{"href":"https:\/\/www.bowintricycle.com\/es\/wp-json\/wp\/v2\/types\/page"}],"author":[{"embeddable":true,"href":"https:\/\/www.bowintricycle.com\/es\/wp-json\/wp\/v2\/users\/1"}],"replies":[{"embeddable":true,"href":"https:\/\/www.bowintricycle.com\/es\/wp-json\/wp\/v2\/comments?post=1195"}],"version-history":[{"count":10,"href":"https:\/\/www.bowintricycle.com\/es\/wp-json\/wp\/v2\/pages\/1195\/revisions"}],"predecessor-version":[{"id":2470,"href":"https:\/\/www.bowintricycle.com\/es\/wp-json\/wp\/v2\/pages\/1195\/revisions\/2470"}],"wp:attachment":[{"href":"https:\/\/www.bowintricycle.com\/es\/wp-json\/wp\/v2\/media?parent=1195"}],"curies":[{"name":"wp","href":"https:\/\/api.w.org\/{rel}","templated":true}]}}