{"id":325,"date":"2024-09-18T03:52:16","date_gmt":"2024-09-18T03:52:16","guid":{"rendered":"https:\/\/bowintricycle.com\/product\/kryo-x26-mtb-model-y\/"},"modified":"2025-03-28T12:22:28","modified_gmt":"2025-03-28T04:22:28","slug":"triciclo-electrico-para-pasajeros","status":"publish","type":"product","link":"https:\/\/www.bowintricycle.com\/es\/product\/electric-passenger-tricycle\/","title":{"rendered":"Triciclo el\u00e9ctrico para pasajeros"},"content":{"rendered":"<p><img loading=\"lazy\" decoding=\"async\" class=\"alignnone wp-image-2340\" src=\"https:\/\/bowintricycle.com\/wp-content\/uploads\/2024\/09\/Electric-passenger-tricycle-1-149x300.png\" alt=\"\" width=\"417\" height=\"839\" srcset=\"https:\/\/www.bowintricycle.com\/wp-content\/uploads\/2024\/09\/Electric-passenger-tricycle-1-149x300.png 149w, https:\/\/www.bowintricycle.com\/wp-content\/uploads\/2024\/09\/Electric-passenger-tricycle-1-6x12.png 6w\" sizes=\"auto, (max-width: 417px) 100vw, 417px\" \/><\/p>\n<p>1500W\uff1aEXW oferta\uff1a$1220\uff1b2000W\uff1aEXW oferta\uff1a$1350\uff1b3000W\uff1aEXW oferta\uff1a$1438\uff1b<\/p>\n<p><strong><b>\u00a0\u00a0\u00a0 <img loading=\"lazy\" decoding=\"async\" class=\"alignnone wp-image-2341\" src=\"https:\/\/bowintricycle.com\/wp-content\/uploads\/2024\/09\/Electric-passenger-tricycle-4-300x263.png\" alt=\"\" width=\"440\" height=\"386\" srcset=\"https:\/\/www.bowintricycle.com\/wp-content\/uploads\/2024\/09\/Electric-passenger-tricycle-4-300x263.png 300w, https:\/\/www.bowintricycle.com\/wp-content\/uploads\/2024\/09\/Electric-passenger-tricycle-4-14x12.png 14w, https:\/\/www.bowintricycle.com\/wp-content\/uploads\/2024\/09\/Electric-passenger-tricycle-4.png 571w\" sizes=\"auto, (max-width: 440px) 100vw, 440px\" \/><\/b><\/strong><\/p>\n<p>Explore la vers\u00e1til gama de <strong>triciclos el\u00e9ctricos para pasajeros<\/strong> de <strong>Los principales fabricantes chinos<\/strong>. Dise\u00f1ados para ofrecer comodidad, eficiencia y sostenibilidad, estos triciclos satisfacen las necesidades de movilidad urbana y rural. Con opciones como <strong>triciclos el\u00e9ctricos para adultos<\/strong>, <strong>triciclos cerrados para pasajeros<\/strong>y <strong>triciclos para dos pasajeros<\/strong>combinan funcionalidad y respeto por el medio ambiente.<\/p>\n<p>Elija entre modelos propulsados por <strong>bater\u00edas de plomo-\u00e1cido duraderas<\/strong> para un rendimiento de largo alcance y equipado con <strong>funciones personalizables<\/strong> como frenos de disco, interiores espaciosos y avanzados sistemas de suspensi\u00f3n. Nuestro <strong>triciclos el\u00e9ctricos para pasajeros fabricados en China<\/strong> son perfectos para uso personal y comercial, garantizando fiabilidad y asequibilidad.<\/p>\n<p>Tanto si necesita <strong>proveedores de triciclos el\u00e9ctricos en China<\/strong>, <strong>asociaciones con f\u00e1bricas mayoristas<\/strong>o desea informarse sobre <strong>triciclos el\u00e9ctricos baratos<\/strong>Nuestras completas opciones ofrecen la mejor relaci\u00f3n calidad-precio. Con <strong>motores de alto rendimiento<\/strong> y <strong>configuraciones personalizadas<\/strong>Estos triciclos redefinen el transporte sostenible.<\/p>","protected":false},"excerpt":{"rendered":"<p>Lorem ipsum dolor sit amet, consectetur adipiscing elit, sed do eiusmod tempor incididunt ut labore et dolore magna aliqua. Ut enim ad minim veniam, quis nostrud exercitation ullamco laboris nisi ut aliquip ex ea commodo consequat.<\/p>","protected":false},"featured_media":2341,"comment_status":"open","ping_status":"closed","template":"","meta":{"_uag_custom_page_level_css":"","site-sidebar-layout":"default","site-content-layout":"default","ast-site-content-layout":"default","site-content-style":"default","site-sidebar-style":"default","ast-global-header-display":"","ast-banner-title-visibility":"","ast-main-header-display":"","ast-hfb-above-header-display":"","ast-hfb-below-header-display":"","ast-hfb-mobile-header-display":"","site-post-title":"disabled","ast-breadcrumbs-content":"disabled","ast-featured-img":"","footer-sml-layout":"","ast-disable-related-posts":"","theme-transparent-header-meta":"default","adv-header-id-meta":"","stick-header-meta":"","header-above-stick-meta":"","header-main-stick-meta":"","header-below-stick-meta":"","astra-migrate-meta-layouts":"set","ast-page-background-enabled":"default","ast-page-background-meta":{"desktop":{"background-color":"","background-image":"","background-repeat":"repeat","background-position":"center center","background-size":"auto","background-attachment":"scroll","background-type":"","background-media":"","overlay-type":"","overlay-color":"","overlay-opacity":"","overlay-gradient":""},"tablet":{"background-color":"","background-image":"","background-repeat":"repeat","background-position":"center center","background-size":"auto","background-attachment":"scroll","background-type":"","background-media":"","overlay-type":"","overlay-color":"","overlay-opacity":"","overlay-gradient":""},"mobile":{"background-color":"","background-image":"","background-repeat":"repeat","background-position":"center center","background-size":"auto","background-attachment":"scroll","background-type":"","background-media":"","overlay-type":"","overlay-color":"","overlay-opacity":"","overlay-gradient":""}},"ast-content-background-meta":{"desktop":{"background-color":"var(--ast-global-color-5)","background-image":"","background-repeat":"repeat","background-position":"center center","background-size":"auto","background-attachment":"scroll","background-type":"","background-media":"","overlay-type":"","overlay-color":"","overlay-opacity":"","overlay-gradient":""},"tablet":{"background-color":"var(--ast-global-color-5)","background-image":"","background-repeat":"repeat","background-position":"center center","background-size":"auto","background-attachment":"scroll","background-type":"","background-media":"","overlay-type":"","overlay-color":"","overlay-opacity":"","overlay-gradient":""},"mobile":{"background-color":"var(--ast-global-color-5)","background-image":"","background-repeat":"repeat","background-position":"center center","background-size":"auto","background-attachment":"scroll","background-type":"","background-media":"","overlay-type":"","overlay-color":"","overlay-opacity":"","overlay-gradient":""}}},"product_brand":[],"product_cat":[17],"product_tag":[],"class_list":{"0":"post-325","1":"product","2":"type-product","3":"status-publish","4":"has-post-thumbnail","6":"product_cat-electric-tricycle","7":"desktop-align-left","8":"tablet-align-left","9":"mobile-align-left","11":"first","12":"instock","13":"shipping-taxable","14":"product-type-simple"},"yoast_head":"<!-- This site is optimized with the Yoast SEO plugin v27.4 - https:\/\/yoast.com\/product\/yoast-seo-wordpress\/ -->\n<title>Electric passenger tricycle wholesaler - Bowintricycle<\/title>\n<meta name=\"description\" content=\"As a leading manufacturer, supplier, and factory in China, we specialize in electric passenger tricycles designed for efficiency and sustainability. Our products feature durable lead-acid batteries, spacious interiors, and customizable options. Perfect for personal or commercial use, we deliver reliable and affordable solutions worldwide.\" \/>\n<meta name=\"robots\" content=\"index, follow, max-snippet:-1, max-image-preview:large, max-video-preview:-1\" \/>\n<link rel=\"canonical\" href=\"https:\/\/www.bowintricycle.com\/es\/producto\/triciclo-electrico-para-pasajeros\/\" \/>\n<meta property=\"og:locale\" content=\"es_ES\" \/>\n<meta property=\"og:type\" content=\"article\" \/>\n<meta property=\"og:title\" content=\"Electric passenger tricycle wholesaler - Bowintricycle\" \/>\n<meta property=\"og:description\" content=\"As a leading manufacturer, supplier, and factory in China, we specialize in electric passenger tricycles designed for efficiency and sustainability. Our products feature durable lead-acid batteries, spacious interiors, and customizable options. Perfect for personal or commercial use, we deliver reliable and affordable solutions worldwide.\" \/>\n<meta property=\"og:url\" content=\"https:\/\/www.bowintricycle.com\/es\/producto\/triciclo-electrico-para-pasajeros\/\" \/>\n<meta property=\"og:site_name\" content=\"Bowintricycle\" \/>\n<meta property=\"article:modified_time\" content=\"2025-03-28T04:22:28+00:00\" \/>\n<meta property=\"og:image\" content=\"https:\/\/www.bowintricycle.com\/wp-content\/uploads\/2024\/09\/Electric-passenger-tricycle-4.png\" \/>\n\t<meta property=\"og:image:width\" content=\"571\" \/>\n\t<meta property=\"og:image:height\" content=\"501\" \/>\n\t<meta property=\"og:image:type\" content=\"image\/png\" \/>\n<meta name=\"twitter:card\" content=\"summary_large_image\" \/>\n<meta name=\"twitter:label1\" content=\"Tiempo de lectura\" \/>\n\t<meta name=\"twitter:data1\" content=\"2 minutos\" \/>\n<script type=\"application\/ld+json\" class=\"yoast-schema-graph\">{\"@context\":\"https:\\\/\\\/schema.org\",\"@graph\":[{\"@type\":\"WebPage\",\"@id\":\"https:\\\/\\\/www.bowintricycle.com\\\/product\\\/electric-passenger-tricycle\\\/\",\"url\":\"https:\\\/\\\/www.bowintricycle.com\\\/product\\\/electric-passenger-tricycle\\\/\",\"name\":\"Electric passenger tricycle wholesaler - Bowintricycle\",\"isPartOf\":{\"@id\":\"https:\\\/\\\/www.bowintricycle.com\\\/#website\"},\"primaryImageOfPage\":{\"@id\":\"https:\\\/\\\/www.bowintricycle.com\\\/product\\\/electric-passenger-tricycle\\\/#primaryimage\"},\"image\":{\"@id\":\"https:\\\/\\\/www.bowintricycle.com\\\/product\\\/electric-passenger-tricycle\\\/#primaryimage\"},\"thumbnailUrl\":\"https:\\\/\\\/www.bowintricycle.com\\\/wp-content\\\/uploads\\\/2024\\\/09\\\/Electric-passenger-tricycle-4.png\",\"datePublished\":\"2024-09-18T03:52:16+00:00\",\"dateModified\":\"2025-03-28T04:22:28+00:00\",\"description\":\"As a leading manufacturer, supplier, and factory in China, we specialize in electric passenger tricycles designed for efficiency and sustainability. Our products feature durable lead-acid batteries, spacious interiors, and customizable options. Perfect for personal or commercial use, we deliver reliable and affordable solutions worldwide.\",\"breadcrumb\":{\"@id\":\"https:\\\/\\\/www.bowintricycle.com\\\/product\\\/electric-passenger-tricycle\\\/#breadcrumb\"},\"inLanguage\":\"es\",\"potentialAction\":[{\"@type\":\"ReadAction\",\"target\":[\"https:\\\/\\\/www.bowintricycle.com\\\/product\\\/electric-passenger-tricycle\\\/\"]}]},{\"@type\":\"ImageObject\",\"inLanguage\":\"es\",\"@id\":\"https:\\\/\\\/www.bowintricycle.com\\\/product\\\/electric-passenger-tricycle\\\/#primaryimage\",\"url\":\"https:\\\/\\\/www.bowintricycle.com\\\/wp-content\\\/uploads\\\/2024\\\/09\\\/Electric-passenger-tricycle-4.png\",\"contentUrl\":\"https:\\\/\\\/www.bowintricycle.com\\\/wp-content\\\/uploads\\\/2024\\\/09\\\/Electric-passenger-tricycle-4.png\",\"width\":571,\"height\":501,\"caption\":\"Electric passenger tricycle\"},{\"@type\":\"BreadcrumbList\",\"@id\":\"https:\\\/\\\/www.bowintricycle.com\\\/product\\\/electric-passenger-tricycle\\\/#breadcrumb\",\"itemListElement\":[{\"@type\":\"ListItem\",\"position\":1,\"name\":\"Home\",\"item\":\"https:\\\/\\\/www.bowintricycle.com\\\/\"},{\"@type\":\"ListItem\",\"position\":2,\"name\":\"Shop\",\"item\":\"https:\\\/\\\/www.bowintricycle.com\\\/shop\\\/\"},{\"@type\":\"ListItem\",\"position\":3,\"name\":\"Electric passenger tricycle\"}]},{\"@type\":\"WebSite\",\"@id\":\"https:\\\/\\\/www.bowintricycle.com\\\/#website\",\"url\":\"https:\\\/\\\/www.bowintricycle.com\\\/\",\"name\":\"Bowintricycle\",\"description\":\"\",\"publisher\":{\"@id\":\"https:\\\/\\\/www.bowintricycle.com\\\/#organization\"},\"potentialAction\":[{\"@type\":\"SearchAction\",\"target\":{\"@type\":\"EntryPoint\",\"urlTemplate\":\"https:\\\/\\\/www.bowintricycle.com\\\/?s={search_term_string}\"},\"query-input\":{\"@type\":\"PropertyValueSpecification\",\"valueRequired\":true,\"valueName\":\"search_term_string\"}}],\"inLanguage\":\"es\"},{\"@type\":\"Organization\",\"@id\":\"https:\\\/\\\/www.bowintricycle.com\\\/#organization\",\"name\":\"Bowintricycle\",\"url\":\"https:\\\/\\\/www.bowintricycle.com\\\/\",\"logo\":{\"@type\":\"ImageObject\",\"inLanguage\":\"es\",\"@id\":\"https:\\\/\\\/www.bowintricycle.com\\\/#\\\/schema\\\/logo\\\/image\\\/\",\"url\":\"https:\\\/\\\/bowintricycle.com\\\/wp-content\\\/uploads\\\/2024\\\/09\\\/lQLPJwWHBaxB9PfMns0ClbCwF-kQr-EvewbbaExWFWUB_661_158-1.png\",\"contentUrl\":\"https:\\\/\\\/bowintricycle.com\\\/wp-content\\\/uploads\\\/2024\\\/09\\\/lQLPJwWHBaxB9PfMns0ClbCwF-kQr-EvewbbaExWFWUB_661_158-1.png\",\"width\":661,\"height\":158,\"caption\":\"Bowintricycle\"},\"image\":{\"@id\":\"https:\\\/\\\/www.bowintricycle.com\\\/#\\\/schema\\\/logo\\\/image\\\/\"}}]}<\/script>\n<!-- \/ Yoast SEO plugin. -->","yoast_head_json":{"title":"Mayorista de triciclos el\u00e9ctricos para pasajeros - Bowintricycle","description":"Como fabricante, proveedor y f\u00e1brica l\u00edder en China, estamos especializados en triciclos el\u00e9ctricos para pasajeros dise\u00f1ados para ser eficientes y sostenibles. Nuestros productos cuentan con bater\u00edas de plomo-\u00e1cido duraderas, interiores espaciosos y opciones personalizables. Perfectos para uso personal o comercial, ofrecemos soluciones fiables y asequibles en todo el mundo.","robots":{"index":"index","follow":"follow","max-snippet":"max-snippet:-1","max-image-preview":"max-image-preview:large","max-video-preview":"max-video-preview:-1"},"canonical":"https:\/\/www.bowintricycle.com\/es\/producto\/triciclo-electrico-para-pasajeros\/","og_locale":"es_ES","og_type":"article","og_title":"Electric passenger tricycle wholesaler - Bowintricycle","og_description":"As a leading manufacturer, supplier, and factory in China, we specialize in electric passenger tricycles designed for efficiency and sustainability. Our products feature durable lead-acid batteries, spacious interiors, and customizable options. Perfect for personal or commercial use, we deliver reliable and affordable solutions worldwide.","og_url":"https:\/\/www.bowintricycle.com\/es\/producto\/triciclo-electrico-para-pasajeros\/","og_site_name":"Bowintricycle","article_modified_time":"2025-03-28T04:22:28+00:00","og_image":[{"width":571,"height":501,"url":"https:\/\/www.bowintricycle.com\/wp-content\/uploads\/2024\/09\/Electric-passenger-tricycle-4.png","type":"image\/png"}],"twitter_card":"summary_large_image","twitter_misc":{"Tiempo de lectura":"2 minutos"},"schema":{"@context":"https:\/\/schema.org","@graph":[{"@type":"WebPage","@id":"https:\/\/www.bowintricycle.com\/product\/electric-passenger-tricycle\/","url":"https:\/\/www.bowintricycle.com\/product\/electric-passenger-tricycle\/","name":"Mayorista de triciclos el\u00e9ctricos para pasajeros - Bowintricycle","isPartOf":{"@id":"https:\/\/www.bowintricycle.com\/#website"},"primaryImageOfPage":{"@id":"https:\/\/www.bowintricycle.com\/product\/electric-passenger-tricycle\/#primaryimage"},"image":{"@id":"https:\/\/www.bowintricycle.com\/product\/electric-passenger-tricycle\/#primaryimage"},"thumbnailUrl":"https:\/\/www.bowintricycle.com\/wp-content\/uploads\/2024\/09\/Electric-passenger-tricycle-4.png","datePublished":"2024-09-18T03:52:16+00:00","dateModified":"2025-03-28T04:22:28+00:00","description":"Como fabricante, proveedor y f\u00e1brica l\u00edder en China, estamos especializados en triciclos el\u00e9ctricos para pasajeros dise\u00f1ados para ser eficientes y sostenibles. Nuestros productos cuentan con bater\u00edas de plomo-\u00e1cido duraderas, interiores espaciosos y opciones personalizables. Perfectos para uso personal o comercial, ofrecemos soluciones fiables y asequibles en todo el mundo.","breadcrumb":{"@id":"https:\/\/www.bowintricycle.com\/product\/electric-passenger-tricycle\/#breadcrumb"},"inLanguage":"es","potentialAction":[{"@type":"ReadAction","target":["https:\/\/www.bowintricycle.com\/product\/electric-passenger-tricycle\/"]}]},{"@type":"ImageObject","inLanguage":"es","@id":"https:\/\/www.bowintricycle.com\/product\/electric-passenger-tricycle\/#primaryimage","url":"https:\/\/www.bowintricycle.com\/wp-content\/uploads\/2024\/09\/Electric-passenger-tricycle-4.png","contentUrl":"https:\/\/www.bowintricycle.com\/wp-content\/uploads\/2024\/09\/Electric-passenger-tricycle-4.png","width":571,"height":501,"caption":"Electric passenger tricycle"},{"@type":"BreadcrumbList","@id":"https:\/\/www.bowintricycle.com\/product\/electric-passenger-tricycle\/#breadcrumb","itemListElement":[{"@type":"ListItem","position":1,"name":"Home","item":"https:\/\/www.bowintricycle.com\/"},{"@type":"ListItem","position":2,"name":"Shop","item":"https:\/\/www.bowintricycle.com\/shop\/"},{"@type":"ListItem","position":3,"name":"Electric passenger tricycle"}]},{"@type":"WebSite","@id":"https:\/\/www.bowintricycle.com\/#website","url":"https:\/\/www.bowintricycle.com\/","name":"Bowintricycle","description":"","publisher":{"@id":"https:\/\/www.bowintricycle.com\/#organization"},"potentialAction":[{"@type":"SearchAction","target":{"@type":"EntryPoint","urlTemplate":"https:\/\/www.bowintricycle.com\/?s={search_term_string}"},"query-input":{"@type":"PropertyValueSpecification","valueRequired":true,"valueName":"search_term_string"}}],"inLanguage":"es"},{"@type":"Organization","@id":"https:\/\/www.bowintricycle.com\/#organization","name":"Bowintricycle","url":"https:\/\/www.bowintricycle.com\/","logo":{"@type":"ImageObject","inLanguage":"es","@id":"https:\/\/www.bowintricycle.com\/#\/schema\/logo\/image\/","url":"https:\/\/bowintricycle.com\/wp-content\/uploads\/2024\/09\/lQLPJwWHBaxB9PfMns0ClbCwF-kQr-EvewbbaExWFWUB_661_158-1.png","contentUrl":"https:\/\/bowintricycle.com\/wp-content\/uploads\/2024\/09\/lQLPJwWHBaxB9PfMns0ClbCwF-kQr-EvewbbaExWFWUB_661_158-1.png","width":661,"height":158,"caption":"Bowintricycle"},"image":{"@id":"https:\/\/www.bowintricycle.com\/#\/schema\/logo\/image\/"}}]}},"uagb_featured_image_src":{"full":["https:\/\/www.bowintricycle.com\/wp-content\/uploads\/2024\/09\/Electric-passenger-tricycle-4.png",571,501,false],"thumbnail":["https:\/\/www.bowintricycle.com\/wp-content\/uploads\/2024\/09\/Electric-passenger-tricycle-4-150x150.png",150,150,true],"medium":["https:\/\/www.bowintricycle.com\/wp-content\/uploads\/2024\/09\/Electric-passenger-tricycle-4-300x263.png",300,263,true],"medium_large":["https:\/\/www.bowintricycle.com\/wp-content\/uploads\/2024\/09\/Electric-passenger-tricycle-4.png",571,501,false],"large":["https:\/\/www.bowintricycle.com\/wp-content\/uploads\/2024\/09\/Electric-passenger-tricycle-4.png",571,501,false],"1536x1536":["https:\/\/www.bowintricycle.com\/wp-content\/uploads\/2024\/09\/Electric-passenger-tricycle-4.png",571,501,false],"2048x2048":["https:\/\/www.bowintricycle.com\/wp-content\/uploads\/2024\/09\/Electric-passenger-tricycle-4.png",571,501,false],"trp-custom-language-flag":["https:\/\/www.bowintricycle.com\/wp-content\/uploads\/2024\/09\/Electric-passenger-tricycle-4-14x12.png",14,12,true],"woocommerce_thumbnail":["https:\/\/www.bowintricycle.com\/wp-content\/uploads\/2024\/09\/Electric-passenger-tricycle-4-300x300.png",300,300,true],"woocommerce_single":["https:\/\/www.bowintricycle.com\/wp-content\/uploads\/2024\/09\/Electric-passenger-tricycle-4.png",571,501,false],"woocommerce_gallery_thumbnail":["https:\/\/www.bowintricycle.com\/wp-content\/uploads\/2024\/09\/Electric-passenger-tricycle-4-100x100.png",100,100,true]},"uagb_author_info":{"display_name":"user","author_link":"https:\/\/www.bowintricycle.com\/es\/author\/"},"uagb_comment_info":1,"uagb_excerpt":"Lorem ipsum dolor sit amet, consectetur adipiscing elit, sed do eiusmod tempor incididunt ut labore et dolore magna aliqua. Ut enim ad minim veniam, quis nostrud exercitation ullamco laboris nisi ut aliquip ex ea commodo consequat.","_links":{"self":[{"href":"https:\/\/www.bowintricycle.com\/es\/wp-json\/wp\/v2\/product\/325","targetHints":{"allow":["GET"]}}],"collection":[{"href":"https:\/\/www.bowintricycle.com\/es\/wp-json\/wp\/v2\/product"}],"about":[{"href":"https:\/\/www.bowintricycle.com\/es\/wp-json\/wp\/v2\/types\/product"}],"replies":[{"embeddable":true,"href":"https:\/\/www.bowintricycle.com\/es\/wp-json\/wp\/v2\/comments?post=325"}],"wp:featuredmedia":[{"embeddable":true,"href":"https:\/\/www.bowintricycle.com\/es\/wp-json\/wp\/v2\/media\/2341"}],"wp:attachment":[{"href":"https:\/\/www.bowintricycle.com\/es\/wp-json\/wp\/v2\/media?parent=325"}],"wp:term":[{"taxonomy":"product_brand","embeddable":true,"href":"https:\/\/www.bowintricycle.com\/es\/wp-json\/wp\/v2\/product_brand?post=325"},{"taxonomy":"product_cat","embeddable":true,"href":"https:\/\/www.bowintricycle.com\/es\/wp-json\/wp\/v2\/product_cat?post=325"},{"taxonomy":"product_tag","embeddable":true,"href":"https:\/\/www.bowintricycle.com\/es\/wp-json\/wp\/v2\/product_tag?post=325"}],"curies":[{"name":"wp","href":"https:\/\/api.w.org\/{rel}","templated":true}]}}