{"id":1195,"date":"2024-09-18T03:52:17","date_gmt":"2024-09-18T03:52:17","guid":{"rendered":"https:\/\/bowintricycle.com\/about-us\/"},"modified":"2024-11-12T08:30:29","modified_gmt":"2024-11-12T08:30:29","slug":"sobre-nos","status":"publish","type":"page","link":"https:\/\/www.bowintricycle.com\/pt\/about-us\/","title":{"rendered":"Sobre n\u00f3s"},"content":{"rendered":"<div class=\"wp-block-uagb-container uagb-block-77ef3999 alignfull uagb-is-root-container\"><div class=\"uagb-container-inner-blocks-wrap\">\n<div class=\"wp-block-uagb-advanced-heading uagb-block-a0dfcabf\"><h1 class=\"uagb-heading-text\">fabricantes de triciclos el\u00e9tricos na china<\/h1><\/div>\n\n\n\n<div class=\"wp-block-uagb-container uagb-block-15bc65d2\"><div class=\"uagb-container__video-wrap\"><video autoplay loop muted playsinline><source src=\"https:\/\/bowintricycle.com\/wp-content\/uploads\/2024\/09\/df1275b9a5f11382497d77513fb4e40e.mp4\" type=\"video\/mp4\"\/><\/video><\/div>\n<div class=\"wp-block-uagb-info-box uagb-block-f8db6f4f uagb-infobox__content-wrap  uagb-infobox-icon-above-title uagb-infobox-image-valign-top\"><div class=\"uagb-ifb-content\"><div class=\"uagb-ifb-icon-wrap\"><div class=\"uagb-iconbox-icon-wrap uagb-infobox-shape-circle\"><svg xmlns=\"https:\/\/www.w3.org\/2000\/svg\" viewbox=\"0 0 384 512\"><path d=\"M361 215C375.3 223.8 384 239.3 384 256C384 272.7 375.3 288.2 361 296.1L73.03 472.1C58.21 482 39.66 482.4 24.52 473.9C9.377 465.4 0 449.4 0 432V80C0 62.64 9.377 46.63 24.52 38.13C39.66 29.64 58.21 29.99 73.03 39.04L361 215z\"><\/path><\/svg><\/div><\/div><div class=\"uagb-ifb-title-wrap\"><h4 class=\"uagb-ifb-title\"><font _mstmutation=\"1\"><\/font><\/h4><\/div><\/div><\/div>\n<\/div>\n<\/div><\/div>\n\n\n\n<div class=\"wp-block-uagb-container uagb-block-6b97439c alignfull uagb-is-root-container\"><div class=\"uagb-container-inner-blocks-wrap\">\n<div class=\"wp-block-uagb-advanced-heading uagb-block-93a9a65d\"><h2 class=\"uagb-heading-text\">Explore as hist\u00f3rias<\/h2><\/div>\n<\/div><\/div>\n\n\n\n<div class=\"wp-block-uagb-container uagb-layout-grid uagb-block-a21e7343 alignfull uagb-is-root-container\"><div class=\"uagb-container-inner-blocks-wrap\">\n<div class=\"wp-block-uagb-container uagb-block-bf6a7a47\">\n<div class=\"wp-block-uagb-advanced-heading uagb-block-401f5a88\"><h5 class=\"uagb-heading-text\"><a href=\"https:\/\/www.bowintricycle.com\/pt\/produto\/triciclo-eletrico-de-carga\/\">triciclo el\u00e9trico de carga<\/a><\/h5><\/div>\n<\/div>\n\n\n\n<div class=\"wp-block-uagb-container uagb-block-f5d99c15\">\n<div class=\"wp-block-uagb-advanced-heading uagb-block-eac55b73\"><h4 class=\"uagb-heading-text\"><a href=\"https:\/\/www.bowintricycle.com\/pt\/produto\/fabricante-de-triciclos-eletricos-de-carga\/\">Fabricante de triciclos el\u00e9tricos de carga<\/a><\/h4><\/div>\n<\/div>\n\n\n\n<div class=\"wp-block-uagb-container uagb-block-f053c8e9\">\n<div class=\"wp-block-uagb-advanced-heading uagb-block-5e32f5cc\"><h5 class=\"uagb-heading-text\">Atacadista de triciclos el\u00e9tricos<\/h5><\/div>\n<\/div>\n\n\n\n<div class=\"wp-block-uagb-container uagb-block-d71fe866\">\n<div class=\"wp-block-uagb-advanced-heading uagb-block-316c575b\"><h4 class=\"uagb-heading-text\"><a href=\"https:\/\/www.bowintricycle.com\/pt\/produto\/triciclo-eletrico-de-passageiros\/\">Triciclo el\u00e9trico para transporte de pessoas<\/a><\/h4><\/div>\n<\/div>\n\n\n\n<div class=\"wp-block-uagb-container uagb-block-d3443137\">\n<div class=\"wp-block-uagb-advanced-heading uagb-block-40513eea\"><h5 class=\"uagb-heading-text\"><a href=\"https:\/\/www.bowintricycle.com\/pt\/categoria-do-produto\/triciclo-eletrico\/\">Fornecedor de triciclos el\u00e9tricos de passageiros<\/a><\/h5><\/div>\n<\/div>\n\n\n\n<div class=\"wp-block-uagb-container uagb-block-e2ca5539\">\n<div class=\"wp-block-uagb-advanced-heading uagb-block-dd6166ac\"><h5 class=\"uagb-heading-text\">Fornecedor de triciclos el\u00e9tricos<\/h5><\/div>\n<\/div>\n<\/div><\/div>\n\n\n\n<div class=\"wp-block-uagb-container uagb-block-2a4f06fe alignfull uagb-is-root-container\"><div class=\"uagb-container-inner-blocks-wrap\">\n<div class=\"wp-block-uagb-advanced-heading uagb-block-196d295c\"><h2 class=\"uagb-heading-text\">Nosso processo<\/h2><\/div>\n\n\n\n<div class=\"wp-block-uagb-container uagb-layout-grid uagb-block-ee6201f3\">\n<div class=\"wp-block-uagb-info-box uagb-block-22d52622 uagb-infobox__content-wrap  uagb-infobox-icon-above-title uagb-infobox-image-valign-top\"><div class=\"uagb-ifb-content\"><div class=\"uagb-ifb-title-wrap\"><span class=\"uagb-ifb-title-prefix\">01.<\/span><h5 class=\"uagb-ifb-title\">Pesquisa<\/h5><\/div><p class=\"uagb-ifb-desc\">Lorem ipsum dolor sit amet, consec tetur elit. Ut elit tellus, luctus nec ullam corper.<\/p><\/div><\/div>\n\n\n\n<div class=\"wp-block-uagb-info-box uagb-block-d46de7b0 uagb-infobox__content-wrap  uagb-infobox-icon-above-title uagb-infobox-image-valign-top\"><div class=\"uagb-ifb-content\"><div class=\"uagb-ifb-title-wrap\"><span class=\"uagb-ifb-title-prefix\">02.<\/span><h5 class=\"uagb-ifb-title\">Ideia e conceito<\/h5><\/div><p class=\"uagb-ifb-desc\">Lorem ipsum dolor sit amet, consec tetur elit. Ut elit tellus, luctus nec ullam corper.<\/p><\/div><\/div>\n\n\n\n<div class=\"wp-block-uagb-info-box uagb-block-97e9e08d uagb-infobox__content-wrap  uagb-infobox-icon-above-title uagb-infobox-image-valign-top\"><div class=\"uagb-ifb-content\"><div class=\"uagb-ifb-title-wrap\"><span class=\"uagb-ifb-title-prefix\">03.<\/span><h5 class=\"uagb-ifb-title\">Design e produ\u00e7\u00e3o<\/h5><\/div><p class=\"uagb-ifb-desc\">Lorem ipsum dolor sit amet, consec tetur elit. Ut elit tellus, luctus nec ullam corper.<\/p><\/div><\/div>\n\n\n\n<div class=\"wp-block-uagb-info-box uagb-block-802bb801 uagb-infobox__content-wrap  uagb-infobox-icon-above-title uagb-infobox-image-valign-top\"><div class=\"uagb-ifb-content\"><div class=\"uagb-ifb-title-wrap\"><span class=\"uagb-ifb-title-prefix\">04.<\/span><h5 class=\"uagb-ifb-title\">Vendas e servi\u00e7os<\/h5><\/div><p class=\"uagb-ifb-desc\">Lorem ipsum dolor sit amet, consec tetur elit. Ut elit tellus, luctus nec ullam corper.<\/p><\/div><\/div>\n<\/div>\n<\/div><\/div>\n\n\n\n<div class=\"wp-block-uagb-container uagb-block-d389ae60 alignfull uagb-is-root-container\"><div class=\"uagb-container-inner-blocks-wrap\">\n<div class=\"wp-block-uagb-advanced-heading uagb-block-50e563bf\"><h2 class=\"uagb-heading-text\">Bowintricycle<\/h2><\/div>\n\n\n\n<div class=\"wp-block-uagb-container uagb-block-d8b8b902\"><div class=\"uagb-container__video-wrap\"><video autoplay loop muted playsinline><source src=\"https:\/\/bowintricycle.com\/wp-content\/uploads\/2024\/09\/2bfc2b0c43ad36ce933cc220813aea40.mp4\" type=\"video\/mp4\"\/><\/video><\/div>\n<div class=\"wp-block-uagb-info-box uagb-block-385c813a uagb-infobox__content-wrap  uagb-infobox-icon-above-title uagb-infobox-image-valign-top wp-block-uagb-info-box--has-margin\"><div class=\"uagb-infobox-margin-wrapper\"><div class=\"uagb-ifb-content\"><div class=\"uagb-ifb-icon-wrap\"><div class=\"uagb-iconbox-icon-wrap uagb-infobox-shape-circle\"><svg xmlns=\"https:\/\/www.w3.org\/2000\/svg\" viewbox=\"0 0 384 512\"><path d=\"M361 215C375.3 223.8 384 239.3 384 256C384 272.7 375.3 288.2 361 296.1L73.03 472.1C58.21 482 39.66 482.4 24.52 473.9C9.377 465.4 0 449.4 0 432V80C0 62.64 9.377 46.63 24.52 38.13C39.66 29.64 58.21 29.99 73.03 39.04L361 215z\"><\/path><\/svg><\/div><\/div><div class=\"uagb-ifb-title-wrap\"><h4 class=\"uagb-ifb-title\">Assistir ao v\u00eddeo completo<\/h4><\/div><\/div><\/div><\/div>\n<\/div>\n\n\n\n<div class=\"wp-block-uagb-call-to-action uagb-block-2de0add8 wp-block-button\"><div class=\"uagb-cta__wrap\"><h4 class=\"uagb-cta__title\">Fabricante de triciclos el\u00e9tricos de qualidade na China.<\/h4><p class=\"uagb-cta__desc\">LFabricante de triciclos el\u00e9tricos de qualidade na China.<br>Lorem ipsum dolor sit amet, consectetur adipiscing elit. Ut elit tellus, luctus nec ullamcorper mattis.<br><a href=\"#\">Participe do ProgramME<\/a><\/p><\/div><div class=\"uagb-cta__buttons\"><a href=\"#\" class=\"uagb-cta__button-link-wrapper wp-block-button__link\" target=\"_self\" rel=\"noopener noreferrer\">ENTRE EM CONTATO CONOSCO.<\/a><\/div><\/div>\n<\/div><\/div>\n\n\n\n<div class=\"wp-block-uagb-container uagb-block-18f0201e alignfull uagb-is-root-container\"><div class=\"uagb-container-inner-blocks-wrap\">\n<div class=\"wp-block-uagb-info-box uagb-block-5dd33463 uagb-infobox__content-wrap  uagb-infobox-icon-above-title uagb-infobox-image-valign-top\"><div class=\"uagb-ifb-content\"><div class=\"uagb-ifb-title-wrap\"><h4 class=\"uagb-ifb-title-prefix\">O novo<\/h4><h2 class=\"uagb-ifb-title\">Bowintricycle<\/h2><\/div><p class=\"uagb-ifb-desc\">Como fabricante com ampla experi\u00eancia no setor de ve\u00edculos el\u00e9tricos h\u00e1 mais de uma d\u00e9cada, nossa empresa \u00e9 um empreendimento de destaque. Temos o compromisso de produzir ve\u00edculos el\u00e9tricos de tr\u00eas rodas de alta qualidade. Equipados com tecnologia de produ\u00e7\u00e3o avan\u00e7ada e uma equipe profissional, n\u00f3s nos esfor\u00e7amos para criar produtos inovadores e confi\u00e1veis. Nossa f\u00e1brica \u00e9 equipada com instala\u00e7\u00f5es de \u00faltima gera\u00e7\u00e3o e adere a rigorosos padr\u00f5es de controle de qualidade para garantir que cada ve\u00edculo el\u00e9trico de tr\u00eas rodas que sai da linha de montagem atenda aos mais altos requisitos de qualidade. Estamos constantemente explorando e adotando novas tecnologias para melhorar o desempenho e a funcionalidade de nossos produtos. No momento, obtivemos v\u00e1rias patentes no setor de scooters el\u00e9tricas de tr\u00eas rodas. Temos o compromisso de oferecer excelentes servi\u00e7os e produtos para proporcionar conveni\u00eancia e satisfa\u00e7\u00e3o aos usu\u00e1rios de ve\u00edculos el\u00e9tricos de tr\u00eas rodas.<\/p><div class=\"uagb-ifb-button-wrapper wp-block-button\"><a href=\"#\" class=\"uagb-infobox-cta-link wp-block-button__link\" target=\"_self\" rel=\"noopener noreferrer\" onclick=\"return false;\"><span class=\"uagb-inline-editing\">compre agora<\/span><\/a><\/div><\/div><\/div>\n<\/div><\/div>\n\n\n\n<p><\/p>","protected":false},"excerpt":{"rendered":"<p>electric tricycle manufacturers in china Explore The Stories electric cargo tricycle Electric cargo tricycle manufacturer Electric tricycle wholesaler Electric tricycle for people transportation Electric passenger tricycle supplier Electric tricycle supplier Our Process Bowintricycle<\/p>","protected":false},"author":1,"featured_media":0,"parent":0,"menu_order":0,"comment_status":"closed","ping_status":"closed","template":"","meta":{"_uag_custom_page_level_css":"","site-sidebar-layout":"no-sidebar","site-content-layout":"plain-container","ast-site-content-layout":"normal-width-container","site-content-style":"unboxed","site-sidebar-style":"unboxed","ast-global-header-display":"","ast-banner-title-visibility":"","ast-main-header-display":"","ast-hfb-above-header-display":"","ast-hfb-below-header-display":"","ast-hfb-mobile-header-display":"","site-post-title":"disabled","ast-breadcrumbs-content":"","ast-featured-img":"disabled","footer-sml-layout":"","ast-disable-related-posts":"","theme-transparent-header-meta":"enabled","adv-header-id-meta":"","stick-header-meta":"","header-above-stick-meta":"","header-main-stick-meta":"","header-below-stick-meta":"","astra-migrate-meta-layouts":"set","ast-page-background-enabled":"default","ast-page-background-meta":{"desktop":{"background-color":"","background-image":"","background-repeat":"repeat","background-position":"center center","background-size":"auto","background-attachment":"scroll","background-type":"","background-media":"","overlay-type":"","overlay-color":"","overlay-opacity":"","overlay-gradient":""},"tablet":{"background-color":"","background-image":"","background-repeat":"repeat","background-position":"center center","background-size":"auto","background-attachment":"scroll","background-type":"","background-media":"","overlay-type":"","overlay-color":"","overlay-opacity":"","overlay-gradient":""},"mobile":{"background-color":"","background-image":"","background-repeat":"repeat","background-position":"center center","background-size":"auto","background-attachment":"scroll","background-type":"","background-media":"","overlay-type":"","overlay-color":"","overlay-opacity":"","overlay-gradient":""}},"ast-content-background-meta":{"desktop":{"background-color":"var(--ast-global-color-5)","background-image":"","background-repeat":"repeat","background-position":"center center","background-size":"auto","background-attachment":"scroll","background-type":"","background-media":"","overlay-type":"","overlay-color":"","overlay-opacity":"","overlay-gradient":""},"tablet":{"background-color":"var(--ast-global-color-5)","background-image":"","background-repeat":"repeat","background-position":"center center","background-size":"auto","background-attachment":"scroll","background-type":"","background-media":"","overlay-type":"","overlay-color":"","overlay-opacity":"","overlay-gradient":""},"mobile":{"background-color":"var(--ast-global-color-5)","background-image":"","background-repeat":"repeat","background-position":"center center","background-size":"auto","background-attachment":"scroll","background-type":"","background-media":"","overlay-type":"","overlay-color":"","overlay-opacity":"","overlay-gradient":""}},"footnotes":""},"class_list":["post-1195","page","type-page","status-publish","hentry"],"yoast_head":"<!-- This site is optimized with the Yoast SEO plugin v27.4 - https:\/\/yoast.com\/product\/yoast-seo-wordpress\/ -->\n<title>Electric tricycle dealer in China - Bowintricycle<\/title>\n<meta name=\"description\" content=\"As a leading electric tricycle dealer in China, sourced from factories. We offer high-quality electric tricycles for passenger and cargo uses to meet diverse customer needs. With years of industry experience, we&#039;re known for reliability and great service.\" \/>\n<meta name=\"robots\" content=\"index, follow, max-snippet:-1, max-image-preview:large, max-video-preview:-1\" \/>\n<link rel=\"canonical\" href=\"https:\/\/www.bowintricycle.com\/pt\/sobre-nos\/\" \/>\n<meta property=\"og:locale\" content=\"pt_BR\" \/>\n<meta property=\"og:type\" content=\"article\" \/>\n<meta property=\"og:title\" content=\"Electric tricycle dealer in China - Bowintricycle\" \/>\n<meta property=\"og:description\" content=\"As a leading electric tricycle dealer in China, sourced from factories. We offer high-quality electric tricycles for passenger and cargo uses to meet diverse customer needs. With years of industry experience, we&#039;re known for reliability and great service.\" \/>\n<meta property=\"og:url\" content=\"https:\/\/www.bowintricycle.com\/pt\/sobre-nos\/\" \/>\n<meta property=\"og:site_name\" content=\"Bowintricycle\" \/>\n<meta property=\"article:modified_time\" content=\"2024-11-12T08:30:29+00:00\" \/>\n<meta name=\"twitter:card\" content=\"summary_large_image\" \/>\n<meta name=\"twitter:label1\" content=\"Est. tempo de leitura\" \/>\n\t<meta name=\"twitter:data1\" content=\"2 minutos\" \/>\n<script type=\"application\/ld+json\" class=\"yoast-schema-graph\">{\"@context\":\"https:\\\/\\\/schema.org\",\"@graph\":[{\"@type\":\"WebPage\",\"@id\":\"https:\\\/\\\/www.bowintricycle.com\\\/about-us\\\/\",\"url\":\"https:\\\/\\\/www.bowintricycle.com\\\/about-us\\\/\",\"name\":\"Electric tricycle dealer in China - Bowintricycle\",\"isPartOf\":{\"@id\":\"https:\\\/\\\/www.bowintricycle.com\\\/#website\"},\"datePublished\":\"2024-09-18T03:52:17+00:00\",\"dateModified\":\"2024-11-12T08:30:29+00:00\",\"description\":\"As a leading electric tricycle dealer in China, sourced from factories. We offer high-quality electric tricycles for passenger and cargo uses to meet diverse customer needs. With years of industry experience, we're known for reliability and great service.\",\"breadcrumb\":{\"@id\":\"https:\\\/\\\/www.bowintricycle.com\\\/about-us\\\/#breadcrumb\"},\"inLanguage\":\"pt-BR\",\"potentialAction\":[{\"@type\":\"ReadAction\",\"target\":[\"https:\\\/\\\/www.bowintricycle.com\\\/about-us\\\/\"]}]},{\"@type\":\"BreadcrumbList\",\"@id\":\"https:\\\/\\\/www.bowintricycle.com\\\/about-us\\\/#breadcrumb\",\"itemListElement\":[{\"@type\":\"ListItem\",\"position\":1,\"name\":\"Home\",\"item\":\"https:\\\/\\\/www.bowintricycle.com\\\/\"},{\"@type\":\"ListItem\",\"position\":2,\"name\":\"About Us\"}]},{\"@type\":\"WebSite\",\"@id\":\"https:\\\/\\\/www.bowintricycle.com\\\/#website\",\"url\":\"https:\\\/\\\/www.bowintricycle.com\\\/\",\"name\":\"Bowintricycle\",\"description\":\"\",\"publisher\":{\"@id\":\"https:\\\/\\\/www.bowintricycle.com\\\/#organization\"},\"potentialAction\":[{\"@type\":\"SearchAction\",\"target\":{\"@type\":\"EntryPoint\",\"urlTemplate\":\"https:\\\/\\\/www.bowintricycle.com\\\/?s={search_term_string}\"},\"query-input\":{\"@type\":\"PropertyValueSpecification\",\"valueRequired\":true,\"valueName\":\"search_term_string\"}}],\"inLanguage\":\"pt-BR\"},{\"@type\":\"Organization\",\"@id\":\"https:\\\/\\\/www.bowintricycle.com\\\/#organization\",\"name\":\"Bowintricycle\",\"url\":\"https:\\\/\\\/www.bowintricycle.com\\\/\",\"logo\":{\"@type\":\"ImageObject\",\"inLanguage\":\"pt-BR\",\"@id\":\"https:\\\/\\\/www.bowintricycle.com\\\/#\\\/schema\\\/logo\\\/image\\\/\",\"url\":\"https:\\\/\\\/bowintricycle.com\\\/wp-content\\\/uploads\\\/2024\\\/09\\\/lQLPJwWHBaxB9PfMns0ClbCwF-kQr-EvewbbaExWFWUB_661_158-1.png\",\"contentUrl\":\"https:\\\/\\\/bowintricycle.com\\\/wp-content\\\/uploads\\\/2024\\\/09\\\/lQLPJwWHBaxB9PfMns0ClbCwF-kQr-EvewbbaExWFWUB_661_158-1.png\",\"width\":661,\"height\":158,\"caption\":\"Bowintricycle\"},\"image\":{\"@id\":\"https:\\\/\\\/www.bowintricycle.com\\\/#\\\/schema\\\/logo\\\/image\\\/\"}}]}<\/script>\n<!-- \/ Yoast SEO plugin. -->","yoast_head_json":{"title":"Revendedor de triciclos el\u00e9tricos na China - Bowintricycle","description":"Como um dos principais revendedores de triciclos el\u00e9tricos da China, com origem nas f\u00e1bricas. Oferecemos triciclos el\u00e9tricos de alta qualidade para uso de passageiros e carga para atender \u00e0s diversas necessidades dos clientes. Com anos de experi\u00eancia no setor, somos conhecidos por nossa confiabilidade e excelente servi\u00e7o.","robots":{"index":"index","follow":"follow","max-snippet":"max-snippet:-1","max-image-preview":"max-image-preview:large","max-video-preview":"max-video-preview:-1"},"canonical":"https:\/\/www.bowintricycle.com\/pt\/sobre-nos\/","og_locale":"pt_BR","og_type":"article","og_title":"Electric tricycle dealer in China - Bowintricycle","og_description":"As a leading electric tricycle dealer in China, sourced from factories. We offer high-quality electric tricycles for passenger and cargo uses to meet diverse customer needs. With years of industry experience, we're known for reliability and great service.","og_url":"https:\/\/www.bowintricycle.com\/pt\/sobre-nos\/","og_site_name":"Bowintricycle","article_modified_time":"2024-11-12T08:30:29+00:00","twitter_card":"summary_large_image","twitter_misc":{"Est. tempo de leitura":"2 minutos"},"schema":{"@context":"https:\/\/schema.org","@graph":[{"@type":"WebPage","@id":"https:\/\/www.bowintricycle.com\/about-us\/","url":"https:\/\/www.bowintricycle.com\/about-us\/","name":"Revendedor de triciclos el\u00e9tricos na China - Bowintricycle","isPartOf":{"@id":"https:\/\/www.bowintricycle.com\/#website"},"datePublished":"2024-09-18T03:52:17+00:00","dateModified":"2024-11-12T08:30:29+00:00","description":"Como um dos principais revendedores de triciclos el\u00e9tricos da China, com origem nas f\u00e1bricas. Oferecemos triciclos el\u00e9tricos de alta qualidade para uso de passageiros e carga para atender \u00e0s diversas necessidades dos clientes. Com anos de experi\u00eancia no setor, somos conhecidos por nossa confiabilidade e excelente servi\u00e7o.","breadcrumb":{"@id":"https:\/\/www.bowintricycle.com\/about-us\/#breadcrumb"},"inLanguage":"pt-BR","potentialAction":[{"@type":"ReadAction","target":["https:\/\/www.bowintricycle.com\/about-us\/"]}]},{"@type":"BreadcrumbList","@id":"https:\/\/www.bowintricycle.com\/about-us\/#breadcrumb","itemListElement":[{"@type":"ListItem","position":1,"name":"Home","item":"https:\/\/www.bowintricycle.com\/"},{"@type":"ListItem","position":2,"name":"About Us"}]},{"@type":"WebSite","@id":"https:\/\/www.bowintricycle.com\/#website","url":"https:\/\/www.bowintricycle.com\/","name":"Bowintricycle","description":"","publisher":{"@id":"https:\/\/www.bowintricycle.com\/#organization"},"potentialAction":[{"@type":"SearchAction","target":{"@type":"EntryPoint","urlTemplate":"https:\/\/www.bowintricycle.com\/?s={search_term_string}"},"query-input":{"@type":"PropertyValueSpecification","valueRequired":true,"valueName":"search_term_string"}}],"inLanguage":"pt-BR"},{"@type":"Organization","@id":"https:\/\/www.bowintricycle.com\/#organization","name":"Bowintricycle","url":"https:\/\/www.bowintricycle.com\/","logo":{"@type":"ImageObject","inLanguage":"pt-BR","@id":"https:\/\/www.bowintricycle.com\/#\/schema\/logo\/image\/","url":"https:\/\/bowintricycle.com\/wp-content\/uploads\/2024\/09\/lQLPJwWHBaxB9PfMns0ClbCwF-kQr-EvewbbaExWFWUB_661_158-1.png","contentUrl":"https:\/\/bowintricycle.com\/wp-content\/uploads\/2024\/09\/lQLPJwWHBaxB9PfMns0ClbCwF-kQr-EvewbbaExWFWUB_661_158-1.png","width":661,"height":158,"caption":"Bowintricycle"},"image":{"@id":"https:\/\/www.bowintricycle.com\/#\/schema\/logo\/image\/"}}]}},"uagb_featured_image_src":{"full":false,"thumbnail":false,"medium":false,"medium_large":false,"large":false,"1536x1536":false,"2048x2048":false,"trp-custom-language-flag":false,"woocommerce_thumbnail":false,"woocommerce_single":false,"woocommerce_gallery_thumbnail":false},"uagb_author_info":{"display_name":"user","author_link":"https:\/\/www.bowintricycle.com\/pt\/author\/user\/"},"uagb_comment_info":0,"uagb_excerpt":"electric tricycle manufacturers in china Explore The Stories electric cargo tricycle Electric cargo tricycle manufacturer Electric tricycle wholesaler Electric tricycle for people transportation Electric passenger tricycle supplier Electric tricycle supplier Our Process Bowintricycle","_links":{"self":[{"href":"https:\/\/www.bowintricycle.com\/pt\/wp-json\/wp\/v2\/pages\/1195","targetHints":{"allow":["GET"]}}],"collection":[{"href":"https:\/\/www.bowintricycle.com\/pt\/wp-json\/wp\/v2\/pages"}],"about":[{"href":"https:\/\/www.bowintricycle.com\/pt\/wp-json\/wp\/v2\/types\/page"}],"author":[{"embeddable":true,"href":"https:\/\/www.bowintricycle.com\/pt\/wp-json\/wp\/v2\/users\/1"}],"replies":[{"embeddable":true,"href":"https:\/\/www.bowintricycle.com\/pt\/wp-json\/wp\/v2\/comments?post=1195"}],"version-history":[{"count":10,"href":"https:\/\/www.bowintricycle.com\/pt\/wp-json\/wp\/v2\/pages\/1195\/revisions"}],"predecessor-version":[{"id":2470,"href":"https:\/\/www.bowintricycle.com\/pt\/wp-json\/wp\/v2\/pages\/1195\/revisions\/2470"}],"wp:attachment":[{"href":"https:\/\/www.bowintricycle.com\/pt\/wp-json\/wp\/v2\/media?parent=1195"}],"curies":[{"name":"wp","href":"https:\/\/api.w.org\/{rel}","templated":true}]}}