{"id":106,"date":"2024-09-18T03:52:16","date_gmt":"2024-09-18T03:52:16","guid":{"rendered":"https:\/\/bowintricycle.com\/product\/kryo-x26-mtb-model-x\/"},"modified":"2024-09-26T08:08:06","modified_gmt":"2024-09-26T08:08:06","slug":"insan-tasimaciligi-icin-elektrikli-uc-tekerlekli-bisiklet","status":"publish","type":"product","link":"https:\/\/www.bowintricycle.com\/tr\/product\/electric-tricycle-for-people-transportation\/","title":{"rendered":"insan ta\u015f\u0131mac\u0131l\u0131\u011f\u0131 i\u00e7in elektrikli \u00fc\u00e7 tekerlekli bisiklet"},"content":{"rendered":"<p><img loading=\"lazy\" decoding=\"async\" class=\"alignnone wp-image-2351\" style=\"font-style: inherit; font-weight: inherit;\" src=\"https:\/\/bowintricycle.com\/wp-content\/uploads\/2024\/09\/814dbd43b1aaddf0aa0d2bdf4a57cb0-1-300x225.jpg\" alt=\"\" width=\"406\" height=\"304\" srcset=\"https:\/\/www.bowintricycle.com\/wp-content\/uploads\/2024\/09\/814dbd43b1aaddf0aa0d2bdf4a57cb0-1-300x225.jpg 300w, https:\/\/www.bowintricycle.com\/wp-content\/uploads\/2024\/09\/814dbd43b1aaddf0aa0d2bdf4a57cb0-1-1024x768.jpg 1024w, https:\/\/www.bowintricycle.com\/wp-content\/uploads\/2024\/09\/814dbd43b1aaddf0aa0d2bdf4a57cb0-1-768x576.jpg 768w, https:\/\/www.bowintricycle.com\/wp-content\/uploads\/2024\/09\/814dbd43b1aaddf0aa0d2bdf4a57cb0-1-1536x1152.jpg 1536w, https:\/\/www.bowintricycle.com\/wp-content\/uploads\/2024\/09\/814dbd43b1aaddf0aa0d2bdf4a57cb0-1-16x12.jpg 16w, https:\/\/www.bowintricycle.com\/wp-content\/uploads\/2024\/09\/814dbd43b1aaddf0aa0d2bdf4a57cb0-1-600x450.jpg 600w, https:\/\/www.bowintricycle.com\/wp-content\/uploads\/2024\/09\/814dbd43b1aaddf0aa0d2bdf4a57cb0-1.jpg 1706w\" sizes=\"auto, (max-width: 406px) 100vw, 406px\" \/><img loading=\"lazy\" decoding=\"async\" class=\"alignnone wp-image-2355\" style=\"font-style: inherit; font-weight: inherit;\" src=\"https:\/\/bowintricycle.com\/wp-content\/uploads\/2024\/09\/eacb59455ec9646553ed9bb74bdacb7-1-300x300.jpg\" alt=\"\" width=\"318\" height=\"318\" srcset=\"https:\/\/www.bowintricycle.com\/wp-content\/uploads\/2024\/09\/eacb59455ec9646553ed9bb74bdacb7-1-300x300.jpg 300w, https:\/\/www.bowintricycle.com\/wp-content\/uploads\/2024\/09\/eacb59455ec9646553ed9bb74bdacb7-1-1024x1024.jpg 1024w, https:\/\/www.bowintricycle.com\/wp-content\/uploads\/2024\/09\/eacb59455ec9646553ed9bb74bdacb7-1-150x150.jpg 150w, https:\/\/www.bowintricycle.com\/wp-content\/uploads\/2024\/09\/eacb59455ec9646553ed9bb74bdacb7-1-768x768.jpg 768w, https:\/\/www.bowintricycle.com\/wp-content\/uploads\/2024\/09\/eacb59455ec9646553ed9bb74bdacb7-1-12x12.jpg 12w, https:\/\/www.bowintricycle.com\/wp-content\/uploads\/2024\/09\/eacb59455ec9646553ed9bb74bdacb7-1-600x600.jpg 600w, https:\/\/www.bowintricycle.com\/wp-content\/uploads\/2024\/09\/eacb59455ec9646553ed9bb74bdacb7-1-100x100.jpg 100w, https:\/\/www.bowintricycle.com\/wp-content\/uploads\/2024\/09\/eacb59455ec9646553ed9bb74bdacb7-1.jpg 1080w\" sizes=\"auto, (max-width: 318px) 100vw, 318px\" \/><span style=\"font-size: 16px;\">\u00a0<\/span> <span style=\"font-size: 16px;\">\u00a0<\/span><img loading=\"lazy\" decoding=\"async\" class=\"alignnone wp-image-2352\" style=\"font-style: inherit; font-weight: inherit;\" src=\"https:\/\/bowintricycle.com\/wp-content\/uploads\/2024\/09\/91178296c41415ce2e7aa54ccfb0799-1-300x169.jpg\" alt=\"\" width=\"478\" height=\"269\" srcset=\"https:\/\/www.bowintricycle.com\/wp-content\/uploads\/2024\/09\/91178296c41415ce2e7aa54ccfb0799-1-300x169.jpg 300w, https:\/\/www.bowintricycle.com\/wp-content\/uploads\/2024\/09\/91178296c41415ce2e7aa54ccfb0799-1-1024x576.jpg 1024w, https:\/\/www.bowintricycle.com\/wp-content\/uploads\/2024\/09\/91178296c41415ce2e7aa54ccfb0799-1-768x432.jpg 768w, https:\/\/www.bowintricycle.com\/wp-content\/uploads\/2024\/09\/91178296c41415ce2e7aa54ccfb0799-1-1536x864.jpg 1536w, https:\/\/www.bowintricycle.com\/wp-content\/uploads\/2024\/09\/91178296c41415ce2e7aa54ccfb0799-1-18x10.jpg 18w, https:\/\/www.bowintricycle.com\/wp-content\/uploads\/2024\/09\/91178296c41415ce2e7aa54ccfb0799-1-600x338.jpg 600w, https:\/\/www.bowintricycle.com\/wp-content\/uploads\/2024\/09\/91178296c41415ce2e7aa54ccfb0799-1.jpg 1920w\" sizes=\"auto, (max-width: 478px) 100vw, 478px\" \/><\/p>\n<p><img loading=\"lazy\" decoding=\"async\" class=\"alignnone size-medium wp-image-2357\" src=\"https:\/\/bowintricycle.com\/wp-content\/uploads\/2024\/09\/2f7825f9b48130456990cf2337e60d2-1-300x300.jpg\" alt=\"\" width=\"300\" height=\"300\" srcset=\"https:\/\/www.bowintricycle.com\/wp-content\/uploads\/2024\/09\/2f7825f9b48130456990cf2337e60d2-1-300x300.jpg 300w, https:\/\/www.bowintricycle.com\/wp-content\/uploads\/2024\/09\/2f7825f9b48130456990cf2337e60d2-1-150x150.jpg 150w, https:\/\/www.bowintricycle.com\/wp-content\/uploads\/2024\/09\/2f7825f9b48130456990cf2337e60d2-1-768x768.jpg 768w, https:\/\/www.bowintricycle.com\/wp-content\/uploads\/2024\/09\/2f7825f9b48130456990cf2337e60d2-1-12x12.jpg 12w, https:\/\/www.bowintricycle.com\/wp-content\/uploads\/2024\/09\/2f7825f9b48130456990cf2337e60d2-1-600x600.jpg 600w, https:\/\/www.bowintricycle.com\/wp-content\/uploads\/2024\/09\/2f7825f9b48130456990cf2337e60d2-1-100x100.jpg 100w, https:\/\/www.bowintricycle.com\/wp-content\/uploads\/2024\/09\/2f7825f9b48130456990cf2337e60d2-1.jpg 800w\" sizes=\"auto, (max-width: 300px) 100vw, 300px\" \/> <img loading=\"lazy\" decoding=\"async\" class=\"alignnone size-medium wp-image-2359\" src=\"https:\/\/bowintricycle.com\/wp-content\/uploads\/2024\/09\/d4f2af35ab178f144ade450b2fd045a-2-300x300.jpg\" alt=\"\" width=\"300\" height=\"300\" srcset=\"https:\/\/www.bowintricycle.com\/wp-content\/uploads\/2024\/09\/d4f2af35ab178f144ade450b2fd045a-2-300x300.jpg 300w, https:\/\/www.bowintricycle.com\/wp-content\/uploads\/2024\/09\/d4f2af35ab178f144ade450b2fd045a-2-150x150.jpg 150w, https:\/\/www.bowintricycle.com\/wp-content\/uploads\/2024\/09\/d4f2af35ab178f144ade450b2fd045a-2-768x768.jpg 768w, https:\/\/www.bowintricycle.com\/wp-content\/uploads\/2024\/09\/d4f2af35ab178f144ade450b2fd045a-2-12x12.jpg 12w, https:\/\/www.bowintricycle.com\/wp-content\/uploads\/2024\/09\/d4f2af35ab178f144ade450b2fd045a-2-600x600.jpg 600w, https:\/\/www.bowintricycle.com\/wp-content\/uploads\/2024\/09\/d4f2af35ab178f144ade450b2fd045a-2-100x100.jpg 100w, https:\/\/www.bowintricycle.com\/wp-content\/uploads\/2024\/09\/d4f2af35ab178f144ade450b2fd045a-2.jpg 800w\" sizes=\"auto, (max-width: 300px) 100vw, 300px\" \/><\/p>\n<p>1500W\uff1aEXW teklifi\uff1a$1220\uff1b2000W\uff1aEXW teklifi\uff1a$1350\uff1b3000W\uff1aEXW teklifi\uff1a$1438\uff1b<\/p>\n<p>EXW teklifi\uff1a$1750\uff1b<\/p>\n<p><strong><b>\uff08<\/b><\/strong><strong><b>Bu fiyat teklifine nakliye, paketleme, pil ve \u015farj cihaz\u0131 \u00fccretleri dahil de\u011fildir.<\/b><\/strong><strong><b>\u00a0\uff09 <\/b><\/strong><strong><b>\u00a0 \u00a0 \u00a0 \u00a0 \u00a0 \u00a0 \u00a0<\/b><\/strong><\/p>\n<p>1500W ve 2000W motorlar\u0131n markalar\u0131 Nanpu \uff08\u5357\u666e\uff09, Wanbang \uff08\u4e07\u90a6\uff09 ile kontrol\u00f6r olarak, Xinlianda\uff08\u6b23\u8054\u8fbe\uff09 3000W motor olarak ve Shuntian\uff08\u987a\u5929\uff09 kontrol\u00f6r olarak. Lityum fosfat pillerin markas\u0131, yurt i\u00e7i sat\u0131\u015flarda ilk \u00fc\u00e7 markadan biri olan Guoxuan\uff08\u56fd\u8f69\uff09'd\u0131r.<\/p>\n<div class=\"auto-hide-last-sibling-br paragraph-u1TS5p paragraph-element br-paragraph-space\">Elektrikli yolcu \u00fc\u00e7 tekerlekli bisikleti, ula\u015f\u0131m d\u00fcnyas\u0131nda ezber bozan bir \u00fcr\u00fcnd\u00fcr. Modern tasar\u0131m\u0131 ve geli\u015fmi\u015f \u00f6zellikleri onu kalabal\u0131\u011f\u0131n aras\u0131ndan s\u0131y\u0131r\u0131yor. Kendinizi bu \u015f\u0131k ara\u00e7la gezerken hayal edin, gitti\u011finiz her yerde dikkatleri \u00fczerinize \u00e7ekin.<\/div>\n<div class=\"auto-hide-last-sibling-br paragraph-u1TS5p paragraph-element br-paragraph-space\">G\u00fc\u00e7l\u00fc bir batarya ile donat\u0131lm\u0131\u015f olup, uzun bir menzil ve h\u0131zl\u0131 \u015farj \u00f6zellikleri sunar. Art\u0131k yolculuklar\u0131n\u0131zda g\u00fcc\u00fcn\u00fcz\u00fcn bitmesi konusunda endi\u015felenmenize gerek yok. Konforlu koltuklar ve yumu\u015fak s\u00fcspansiyon, t\u00fcm yolcular i\u00e7in keyifli bir s\u00fcr\u00fc\u015f sa\u011flar.<\/div>\n<div class=\"auto-hide-last-sibling-br paragraph-u1TS5p paragraph-element br-paragraph-space\">\u0130ster \u015fehirde dola\u015fmak i\u00e7in pratik bir yol, ister \u00f6zel g\u00fcnler i\u00e7in benzersiz bir ula\u015f\u0131m \u015fekli ar\u0131yor olun, Elektrikli yolcu \u00fc\u00e7 tekerlekli bisikleti kesinlikle etkileyecektir. Bu ola\u011fan\u00fcst\u00fc ara\u00e7la mobilitenin gelece\u011fini kucaklay\u0131n.<\/div>\n<p>&nbsp;<\/p>","protected":false},"excerpt":{"rendered":"<p>Lorem ipsum dolor sit amet, consectetur adipiscing elit, sed do eiusmod tempor incidunt ut labore et dolore magna aliqua. Ut enim ad minim veniam, quis nostrud exercitation ullamco laboris nisi ut aliquip ex ea commodo consequat.<\/p>","protected":false},"featured_media":2358,"comment_status":"open","ping_status":"closed","template":"","meta":{"_uag_custom_page_level_css":"","site-sidebar-layout":"default","site-content-layout":"default","ast-site-content-layout":"default","site-content-style":"default","site-sidebar-style":"default","ast-global-header-display":"","ast-banner-title-visibility":"","ast-main-header-display":"","ast-hfb-above-header-display":"","ast-hfb-below-header-display":"","ast-hfb-mobile-header-display":"","site-post-title":"disabled","ast-breadcrumbs-content":"disabled","ast-featured-img":"","footer-sml-layout":"","ast-disable-related-posts":"","theme-transparent-header-meta":"default","adv-header-id-meta":"","stick-header-meta":"","header-above-stick-meta":"","header-main-stick-meta":"","header-below-stick-meta":"","astra-migrate-meta-layouts":"set","ast-page-background-enabled":"default","ast-page-background-meta":{"desktop":{"background-color":"","background-image":"","background-repeat":"repeat","background-position":"center center","background-size":"auto","background-attachment":"scroll","background-type":"","background-media":"","overlay-type":"","overlay-color":"","overlay-opacity":"","overlay-gradient":""},"tablet":{"background-color":"","background-image":"","background-repeat":"repeat","background-position":"center center","background-size":"auto","background-attachment":"scroll","background-type":"","background-media":"","overlay-type":"","overlay-color":"","overlay-opacity":"","overlay-gradient":""},"mobile":{"background-color":"","background-image":"","background-repeat":"repeat","background-position":"center center","background-size":"auto","background-attachment":"scroll","background-type":"","background-media":"","overlay-type":"","overlay-color":"","overlay-opacity":"","overlay-gradient":""}},"ast-content-background-meta":{"desktop":{"background-color":"var(--ast-global-color-5)","background-image":"","background-repeat":"repeat","background-position":"center center","background-size":"auto","background-attachment":"scroll","background-type":"","background-media":"","overlay-type":"","overlay-color":"","overlay-opacity":"","overlay-gradient":""},"tablet":{"background-color":"var(--ast-global-color-5)","background-image":"","background-repeat":"repeat","background-position":"center center","background-size":"auto","background-attachment":"scroll","background-type":"","background-media":"","overlay-type":"","overlay-color":"","overlay-opacity":"","overlay-gradient":""},"mobile":{"background-color":"var(--ast-global-color-5)","background-image":"","background-repeat":"repeat","background-position":"center center","background-size":"auto","background-attachment":"scroll","background-type":"","background-media":"","overlay-type":"","overlay-color":"","overlay-opacity":"","overlay-gradient":""}}},"product_brand":[],"product_cat":[17],"product_tag":[],"class_list":{"0":"post-106","1":"product","2":"type-product","3":"status-publish","4":"has-post-thumbnail","6":"product_cat-electric-tricycle","7":"desktop-align-left","8":"tablet-align-left","9":"mobile-align-left","11":"first","12":"instock","13":"shipping-taxable","14":"product-type-simple"},"yoast_head":"<!-- This site is optimized with the Yoast SEO plugin v27.4 - https:\/\/yoast.com\/product\/yoast-seo-wordpress\/ -->\n<title>electric tricycle for people transportation - Bowintricycle<\/title>\n<meta name=\"robots\" content=\"index, follow, max-snippet:-1, max-image-preview:large, max-video-preview:-1\" \/>\n<link rel=\"canonical\" href=\"https:\/\/www.bowintricycle.com\/tr\/urun\/insan-tasimaciligi-icin-elektrikli-uc-tekerlekli-bisiklet\/\" \/>\n<meta property=\"og:locale\" content=\"tr_TR\" \/>\n<meta property=\"og:type\" content=\"article\" \/>\n<meta property=\"og:title\" content=\"electric tricycle for people transportation - Bowintricycle\" \/>\n<meta property=\"og:description\" content=\"Lorem ipsum dolor sit amet, consectetur adipiscing elit, sed do eiusmod tempor incididunt ut labore et dolore magna aliqua. Ut enim ad minim veniam, quis nostrud exercitation ullamco laboris nisi ut aliquip ex ea commodo consequat.\" \/>\n<meta property=\"og:url\" content=\"https:\/\/www.bowintricycle.com\/tr\/urun\/insan-tasimaciligi-icin-elektrikli-uc-tekerlekli-bisiklet\/\" \/>\n<meta property=\"og:site_name\" content=\"Bowintricycle\" \/>\n<meta property=\"article:modified_time\" content=\"2024-09-26T08:08:06+00:00\" \/>\n<meta property=\"og:image\" content=\"https:\/\/www.bowintricycle.com\/wp-content\/uploads\/2024\/09\/a2eed2b8325a01759db556ee2a56493-2.jpg\" \/>\n\t<meta property=\"og:image:width\" content=\"800\" \/>\n\t<meta property=\"og:image:height\" content=\"800\" \/>\n\t<meta property=\"og:image:type\" content=\"image\/jpeg\" \/>\n<meta name=\"twitter:card\" content=\"summary_large_image\" \/>\n<meta name=\"twitter:label1\" content=\"Tahmini okuma s\u00fcresi\" \/>\n\t<meta name=\"twitter:data1\" content=\"2 dakika\" \/>\n<script type=\"application\/ld+json\" class=\"yoast-schema-graph\">{\"@context\":\"https:\\\/\\\/schema.org\",\"@graph\":[{\"@type\":\"WebPage\",\"@id\":\"https:\\\/\\\/www.bowintricycle.com\\\/product\\\/electric-tricycle-for-people-transportation\\\/\",\"url\":\"https:\\\/\\\/www.bowintricycle.com\\\/product\\\/electric-tricycle-for-people-transportation\\\/\",\"name\":\"electric tricycle for people transportation - Bowintricycle\",\"isPartOf\":{\"@id\":\"https:\\\/\\\/www.bowintricycle.com\\\/#website\"},\"primaryImageOfPage\":{\"@id\":\"https:\\\/\\\/www.bowintricycle.com\\\/product\\\/electric-tricycle-for-people-transportation\\\/#primaryimage\"},\"image\":{\"@id\":\"https:\\\/\\\/www.bowintricycle.com\\\/product\\\/electric-tricycle-for-people-transportation\\\/#primaryimage\"},\"thumbnailUrl\":\"https:\\\/\\\/www.bowintricycle.com\\\/wp-content\\\/uploads\\\/2024\\\/09\\\/a2eed2b8325a01759db556ee2a56493-2.jpg\",\"datePublished\":\"2024-09-18T03:52:16+00:00\",\"dateModified\":\"2024-09-26T08:08:06+00:00\",\"breadcrumb\":{\"@id\":\"https:\\\/\\\/www.bowintricycle.com\\\/product\\\/electric-tricycle-for-people-transportation\\\/#breadcrumb\"},\"inLanguage\":\"tr\",\"potentialAction\":[{\"@type\":\"ReadAction\",\"target\":[\"https:\\\/\\\/www.bowintricycle.com\\\/product\\\/electric-tricycle-for-people-transportation\\\/\"]}]},{\"@type\":\"ImageObject\",\"inLanguage\":\"tr\",\"@id\":\"https:\\\/\\\/www.bowintricycle.com\\\/product\\\/electric-tricycle-for-people-transportation\\\/#primaryimage\",\"url\":\"https:\\\/\\\/www.bowintricycle.com\\\/wp-content\\\/uploads\\\/2024\\\/09\\\/a2eed2b8325a01759db556ee2a56493-2.jpg\",\"contentUrl\":\"https:\\\/\\\/www.bowintricycle.com\\\/wp-content\\\/uploads\\\/2024\\\/09\\\/a2eed2b8325a01759db556ee2a56493-2.jpg\",\"width\":800,\"height\":800,\"caption\":\"china electric tricycle for adults\"},{\"@type\":\"BreadcrumbList\",\"@id\":\"https:\\\/\\\/www.bowintricycle.com\\\/product\\\/electric-tricycle-for-people-transportation\\\/#breadcrumb\",\"itemListElement\":[{\"@type\":\"ListItem\",\"position\":1,\"name\":\"Home\",\"item\":\"https:\\\/\\\/www.bowintricycle.com\\\/\"},{\"@type\":\"ListItem\",\"position\":2,\"name\":\"Shop\",\"item\":\"https:\\\/\\\/www.bowintricycle.com\\\/shop\\\/\"},{\"@type\":\"ListItem\",\"position\":3,\"name\":\"electric tricycle for people transportation\"}]},{\"@type\":\"WebSite\",\"@id\":\"https:\\\/\\\/www.bowintricycle.com\\\/#website\",\"url\":\"https:\\\/\\\/www.bowintricycle.com\\\/\",\"name\":\"Bowintricycle\",\"description\":\"\",\"publisher\":{\"@id\":\"https:\\\/\\\/www.bowintricycle.com\\\/#organization\"},\"potentialAction\":[{\"@type\":\"SearchAction\",\"target\":{\"@type\":\"EntryPoint\",\"urlTemplate\":\"https:\\\/\\\/www.bowintricycle.com\\\/?s={search_term_string}\"},\"query-input\":{\"@type\":\"PropertyValueSpecification\",\"valueRequired\":true,\"valueName\":\"search_term_string\"}}],\"inLanguage\":\"tr\"},{\"@type\":\"Organization\",\"@id\":\"https:\\\/\\\/www.bowintricycle.com\\\/#organization\",\"name\":\"Bowintricycle\",\"url\":\"https:\\\/\\\/www.bowintricycle.com\\\/\",\"logo\":{\"@type\":\"ImageObject\",\"inLanguage\":\"tr\",\"@id\":\"https:\\\/\\\/www.bowintricycle.com\\\/#\\\/schema\\\/logo\\\/image\\\/\",\"url\":\"https:\\\/\\\/bowintricycle.com\\\/wp-content\\\/uploads\\\/2024\\\/09\\\/lQLPJwWHBaxB9PfMns0ClbCwF-kQr-EvewbbaExWFWUB_661_158-1.png\",\"contentUrl\":\"https:\\\/\\\/bowintricycle.com\\\/wp-content\\\/uploads\\\/2024\\\/09\\\/lQLPJwWHBaxB9PfMns0ClbCwF-kQr-EvewbbaExWFWUB_661_158-1.png\",\"width\":661,\"height\":158,\"caption\":\"Bowintricycle\"},\"image\":{\"@id\":\"https:\\\/\\\/www.bowintricycle.com\\\/#\\\/schema\\\/logo\\\/image\\\/\"}}]}<\/script>\n<!-- \/ Yoast SEO plugin. -->","yoast_head_json":{"title":"insan ta\u015f\u0131mac\u0131l\u0131\u011f\u0131 i\u00e7in elektrikli \u00fc\u00e7 tekerlekli bisiklet - Bowintricycle","robots":{"index":"index","follow":"follow","max-snippet":"max-snippet:-1","max-image-preview":"max-image-preview:large","max-video-preview":"max-video-preview:-1"},"canonical":"https:\/\/www.bowintricycle.com\/tr\/urun\/insan-tasimaciligi-icin-elektrikli-uc-tekerlekli-bisiklet\/","og_locale":"tr_TR","og_type":"article","og_title":"electric tricycle for people transportation - Bowintricycle","og_description":"Lorem ipsum dolor sit amet, consectetur adipiscing elit, sed do eiusmod tempor incididunt ut labore et dolore magna aliqua. Ut enim ad minim veniam, quis nostrud exercitation ullamco laboris nisi ut aliquip ex ea commodo consequat.","og_url":"https:\/\/www.bowintricycle.com\/tr\/urun\/insan-tasimaciligi-icin-elektrikli-uc-tekerlekli-bisiklet\/","og_site_name":"Bowintricycle","article_modified_time":"2024-09-26T08:08:06+00:00","og_image":[{"width":800,"height":800,"url":"https:\/\/www.bowintricycle.com\/wp-content\/uploads\/2024\/09\/a2eed2b8325a01759db556ee2a56493-2.jpg","type":"image\/jpeg"}],"twitter_card":"summary_large_image","twitter_misc":{"Tahmini okuma s\u00fcresi":"2 dakika"},"schema":{"@context":"https:\/\/schema.org","@graph":[{"@type":"WebPage","@id":"https:\/\/www.bowintricycle.com\/product\/electric-tricycle-for-people-transportation\/","url":"https:\/\/www.bowintricycle.com\/product\/electric-tricycle-for-people-transportation\/","name":"insan ta\u015f\u0131mac\u0131l\u0131\u011f\u0131 i\u00e7in elektrikli \u00fc\u00e7 tekerlekli bisiklet - Bowintricycle","isPartOf":{"@id":"https:\/\/www.bowintricycle.com\/#website"},"primaryImageOfPage":{"@id":"https:\/\/www.bowintricycle.com\/product\/electric-tricycle-for-people-transportation\/#primaryimage"},"image":{"@id":"https:\/\/www.bowintricycle.com\/product\/electric-tricycle-for-people-transportation\/#primaryimage"},"thumbnailUrl":"https:\/\/www.bowintricycle.com\/wp-content\/uploads\/2024\/09\/a2eed2b8325a01759db556ee2a56493-2.jpg","datePublished":"2024-09-18T03:52:16+00:00","dateModified":"2024-09-26T08:08:06+00:00","breadcrumb":{"@id":"https:\/\/www.bowintricycle.com\/product\/electric-tricycle-for-people-transportation\/#breadcrumb"},"inLanguage":"tr","potentialAction":[{"@type":"ReadAction","target":["https:\/\/www.bowintricycle.com\/product\/electric-tricycle-for-people-transportation\/"]}]},{"@type":"ImageObject","inLanguage":"tr","@id":"https:\/\/www.bowintricycle.com\/product\/electric-tricycle-for-people-transportation\/#primaryimage","url":"https:\/\/www.bowintricycle.com\/wp-content\/uploads\/2024\/09\/a2eed2b8325a01759db556ee2a56493-2.jpg","contentUrl":"https:\/\/www.bowintricycle.com\/wp-content\/uploads\/2024\/09\/a2eed2b8325a01759db556ee2a56493-2.jpg","width":800,"height":800,"caption":"china electric tricycle for adults"},{"@type":"BreadcrumbList","@id":"https:\/\/www.bowintricycle.com\/product\/electric-tricycle-for-people-transportation\/#breadcrumb","itemListElement":[{"@type":"ListItem","position":1,"name":"Home","item":"https:\/\/www.bowintricycle.com\/"},{"@type":"ListItem","position":2,"name":"Shop","item":"https:\/\/www.bowintricycle.com\/shop\/"},{"@type":"ListItem","position":3,"name":"electric tricycle for people transportation"}]},{"@type":"WebSite","@id":"https:\/\/www.bowintricycle.com\/#website","url":"https:\/\/www.bowintricycle.com\/","name":"Bowintricycle","description":"","publisher":{"@id":"https:\/\/www.bowintricycle.com\/#organization"},"potentialAction":[{"@type":"SearchAction","target":{"@type":"EntryPoint","urlTemplate":"https:\/\/www.bowintricycle.com\/?s={search_term_string}"},"query-input":{"@type":"PropertyValueSpecification","valueRequired":true,"valueName":"search_term_string"}}],"inLanguage":"tr"},{"@type":"Organization","@id":"https:\/\/www.bowintricycle.com\/#organization","name":"Bowintricycle","url":"https:\/\/www.bowintricycle.com\/","logo":{"@type":"ImageObject","inLanguage":"tr","@id":"https:\/\/www.bowintricycle.com\/#\/schema\/logo\/image\/","url":"https:\/\/bowintricycle.com\/wp-content\/uploads\/2024\/09\/lQLPJwWHBaxB9PfMns0ClbCwF-kQr-EvewbbaExWFWUB_661_158-1.png","contentUrl":"https:\/\/bowintricycle.com\/wp-content\/uploads\/2024\/09\/lQLPJwWHBaxB9PfMns0ClbCwF-kQr-EvewbbaExWFWUB_661_158-1.png","width":661,"height":158,"caption":"Bowintricycle"},"image":{"@id":"https:\/\/www.bowintricycle.com\/#\/schema\/logo\/image\/"}}]}},"uagb_featured_image_src":{"full":["https:\/\/www.bowintricycle.com\/wp-content\/uploads\/2024\/09\/a2eed2b8325a01759db556ee2a56493-2.jpg",800,800,false],"thumbnail":["https:\/\/www.bowintricycle.com\/wp-content\/uploads\/2024\/09\/a2eed2b8325a01759db556ee2a56493-2-150x150.jpg",150,150,true],"medium":["https:\/\/www.bowintricycle.com\/wp-content\/uploads\/2024\/09\/a2eed2b8325a01759db556ee2a56493-2-300x300.jpg",300,300,true],"medium_large":["https:\/\/www.bowintricycle.com\/wp-content\/uploads\/2024\/09\/a2eed2b8325a01759db556ee2a56493-2-768x768.jpg",768,768,true],"large":["https:\/\/www.bowintricycle.com\/wp-content\/uploads\/2024\/09\/a2eed2b8325a01759db556ee2a56493-2.jpg",800,800,false],"1536x1536":["https:\/\/www.bowintricycle.com\/wp-content\/uploads\/2024\/09\/a2eed2b8325a01759db556ee2a56493-2.jpg",800,800,false],"2048x2048":["https:\/\/www.bowintricycle.com\/wp-content\/uploads\/2024\/09\/a2eed2b8325a01759db556ee2a56493-2.jpg",800,800,false],"trp-custom-language-flag":["https:\/\/www.bowintricycle.com\/wp-content\/uploads\/2024\/09\/a2eed2b8325a01759db556ee2a56493-2-12x12.jpg",12,12,true],"woocommerce_thumbnail":["https:\/\/www.bowintricycle.com\/wp-content\/uploads\/2024\/09\/a2eed2b8325a01759db556ee2a56493-2-300x300.jpg",300,300,true],"woocommerce_single":["https:\/\/www.bowintricycle.com\/wp-content\/uploads\/2024\/09\/a2eed2b8325a01759db556ee2a56493-2-600x600.jpg",600,600,true],"woocommerce_gallery_thumbnail":["https:\/\/www.bowintricycle.com\/wp-content\/uploads\/2024\/09\/a2eed2b8325a01759db556ee2a56493-2-100x100.jpg",100,100,true]},"uagb_author_info":{"display_name":"user","author_link":"https:\/\/www.bowintricycle.com\/tr\/author\/"},"uagb_comment_info":0,"uagb_excerpt":"Lorem ipsum dolor sit amet, consectetur adipiscing elit, sed do eiusmod tempor incididunt ut labore et dolore magna aliqua. Ut enim ad minim veniam, quis nostrud exercitation ullamco laboris nisi ut aliquip ex ea commodo consequat.","_links":{"self":[{"href":"https:\/\/www.bowintricycle.com\/tr\/wp-json\/wp\/v2\/product\/106","targetHints":{"allow":["GET"]}}],"collection":[{"href":"https:\/\/www.bowintricycle.com\/tr\/wp-json\/wp\/v2\/product"}],"about":[{"href":"https:\/\/www.bowintricycle.com\/tr\/wp-json\/wp\/v2\/types\/product"}],"replies":[{"embeddable":true,"href":"https:\/\/www.bowintricycle.com\/tr\/wp-json\/wp\/v2\/comments?post=106"}],"wp:featuredmedia":[{"embeddable":true,"href":"https:\/\/www.bowintricycle.com\/tr\/wp-json\/wp\/v2\/media\/2358"}],"wp:attachment":[{"href":"https:\/\/www.bowintricycle.com\/tr\/wp-json\/wp\/v2\/media?parent=106"}],"wp:term":[{"taxonomy":"product_brand","embeddable":true,"href":"https:\/\/www.bowintricycle.com\/tr\/wp-json\/wp\/v2\/product_brand?post=106"},{"taxonomy":"product_cat","embeddable":true,"href":"https:\/\/www.bowintricycle.com\/tr\/wp-json\/wp\/v2\/product_cat?post=106"},{"taxonomy":"product_tag","embeddable":true,"href":"https:\/\/www.bowintricycle.com\/tr\/wp-json\/wp\/v2\/product_tag?post=106"}],"curies":[{"name":"wp","href":"https:\/\/api.w.org\/{rel}","templated":true}]}}