{"id":2512,"date":"2024-12-03T09:59:41","date_gmt":"2024-12-03T09:59:41","guid":{"rendered":"https:\/\/www.bowintricycle.com\/?post_type=product&#038;p=2512"},"modified":"2025-05-02T15:45:01","modified_gmt":"2025-05-02T07:45:01","slug":"cinde-elektrikli-uc-tekerlekli-uc-tekerlekli-bisiklet-ureticisi","status":"publish","type":"product","link":"https:\/\/www.bowintricycle.com\/tr\/product\/electric-three-wheeler-tricycle-manufacturer-in-china\/","title":{"rendered":"\u00c7in'de Elektrikli \u00dc\u00e7 Tekerlekli \u00dc\u00e7 Tekerlekli Bisiklet \u00dcreticisi"},"content":{"rendered":"<p>Elektrikli bisikletler ve \u00fc\u00e7 tekerlekli bisikletler, d\u00fcnya \u00e7ap\u0131nda \u00e7evreye duyarl\u0131 ve sa\u011fl\u0131k odakl\u0131 bireylerin tercihi haline geliyor. \u00d6nde gelen bir <strong>\u00c7in'de elektrikli \u00fc\u00e7 tekerlekli \u00fc\u00e7 tekerlekli bisiklet \u00fcreticisi<\/strong>modern ta\u015f\u0131mac\u0131l\u0131\u011f\u0131n taleplerini kar\u015f\u0131lamak i\u00e7in tasarlanm\u0131\u015f y\u00fcksek kaliteli ara\u00e7lar sunma konusunda uzman\u0131z.<\/p>\n<p>Elektrikli \u00fc\u00e7 tekerlekli bisikletlerimiz \u015funlarla donat\u0131lm\u0131\u015ft\u0131r <strong>g\u00fc\u00e7l\u00fc motorlar<\/strong> ve <strong>uzun \u00f6m\u00fcrl\u00fc piller<\/strong>\u00e7e\u015fitli uygulamalar i\u00e7in e\u015fsiz performans, geni\u015fletilmi\u015f menzil ve verimlilik sa\u011flar. \u0130ster son kilometre teslimat\u0131, ister tar\u0131msal nakliye veya ki\u015fisel kullan\u0131m i\u00e7in olsun, \u00fc\u00e7 tekerlekli bisikletlerimiz kullan\u0131c\u0131 deneyimini geli\u015ftirmek i\u00e7in i\u015flevselli\u011fi yenilik\u00e7i tasar\u0131mla birle\u015ftirir.<\/p>\n<h3><strong>Neden Bizi Se\u00e7melisiniz?<\/strong><\/h3>\n<ol>\n<li><strong>Y\u00fcksek Performansl\u0131 Motorlar<\/strong>:\n<ul>\n<li>Geli\u015fmi\u015f motor teknolojisi ile daha h\u0131zl\u0131, daha g\u00fcvenilir s\u00fcr\u00fc\u015fler ya\u015fay\u0131n.<\/li>\n<\/ul>\n<\/li>\n<li><strong>Uzat\u0131lm\u0131\u015f Pil \u00d6mr\u00fc<\/strong>:\n<ul>\n<li>Dayan\u0131kl\u0131 ve enerji tasarruflu ak\u00fclerle tek bir \u015farjla daha uzun mesafeler kat edin.<\/li>\n<\/ul>\n<\/li>\n<li><strong>Dayan\u0131kl\u0131 ve \u015e\u0131k Tasar\u0131mlar<\/strong>:\n<ul>\n<li>A\u011f\u0131r y\u00fckler i\u00e7in g\u00fc\u00e7l\u00fc, g\u00fcvenilir bir yap\u0131 sa\u011flarken ba\u015f d\u00f6nd\u00fcrmek i\u00e7in \u00fcretilmi\u015ftir.<\/li>\n<\/ul>\n<\/li>\n<li><strong>\u00c7evre Dostu \u00c7\u00f6z\u00fcmler<\/strong>:\n<ul>\n<li>S\u0131f\u0131r emisyonlu ara\u00e7larla daha ye\u015fil bir gezegene katk\u0131da bulunun.<\/li>\n<\/ul>\n<\/li>\n<\/ol>\n<h3><strong>Uygulamalar<\/strong><\/h3>\n<ul>\n<li><strong>Lojistik ve Teslimat Hizmetleri<\/strong>: \u015eehir i\u00e7i son kilometre teslimat\u0131 i\u00e7in m\u00fckemmeldir.<\/li>\n<li><strong>Tar\u0131msal Kullan\u0131m<\/strong>: Mal ve malzemelerin verimli bir \u015fekilde ta\u015f\u0131nmas\u0131.<\/li>\n<li><strong>Ki\u015fisel Ta\u015f\u0131mac\u0131l\u0131k<\/strong>: G\u00fcnl\u00fck i\u015fe gidi\u015f geli\u015fler i\u00e7in s\u00fcrd\u00fcr\u00fclebilir bir alternatif.<\/li>\n<li><strong>End\u00fcstriyel ve Depo \u00c7\u00f6z\u00fcmleri<\/strong>: A\u011f\u0131r y\u00fckleri kolayl\u0131kla ta\u015f\u0131y\u0131n.<\/li>\n<\/ul>\n<p>\u00c7in'in en iyi \u00fcreticilerinden biri olarak, performans ve s\u00fcrd\u00fcr\u00fclebilirlik standartlar\u0131n\u0131 yeniden tan\u0131mlayan son teknoloji elektrikli \u00fc\u00e7 tekerlekli bisikletler sunmaya kararl\u0131y\u0131z. Ara\u00e7lar\u0131m\u0131z, kaliteleri ve \u00e7ok y\u00f6nl\u00fcl\u00fckleriyle d\u00fcnya \u00e7ap\u0131nda g\u00fcvenilirdir.<\/p>\n<p><strong>Ula\u015f\u0131m ihtiya\u00e7lar\u0131n\u0131z\u0131 kar\u015f\u0131layan yenilik\u00e7i, y\u00fcksek performansl\u0131 elektrikli \u00fc\u00e7 tekerlekli bisikletler i\u00e7in bug\u00fcn bizimle ortak olun!<\/strong><\/p>","protected":false},"excerpt":{"rendered":"<p>Electric bikes and tricycles are becoming the preferred choice for environmentally-conscious and health-focused individuals worldwide. As a leading electric three-wheeler tricycle manufacturer in China, we specialize in delivering high-quality vehicles designed to meet the demands of modern transportation. Our electric tricycles are equipped with powerful motors and long-lasting batteries, providing unmatched performance, extended range, and [&hellip;]<\/p>\n","protected":false},"featured_media":2513,"comment_status":"open","ping_status":"closed","template":"","meta":{"_uag_custom_page_level_css":"","site-sidebar-layout":"default","site-content-layout":"","ast-site-content-layout":"default","site-content-style":"default","site-sidebar-style":"default","ast-global-header-display":"","ast-banner-title-visibility":"","ast-main-header-display":"","ast-hfb-above-header-display":"","ast-hfb-below-header-display":"","ast-hfb-mobile-header-display":"","site-post-title":"","ast-breadcrumbs-content":"","ast-featured-img":"","footer-sml-layout":"","ast-disable-related-posts":"","theme-transparent-header-meta":"default","adv-header-id-meta":"","stick-header-meta":"","header-above-stick-meta":"","header-main-stick-meta":"","header-below-stick-meta":"","astra-migrate-meta-layouts":"set","ast-page-background-enabled":"default","ast-page-background-meta":{"desktop":{"background-color":"","background-image":"","background-repeat":"repeat","background-position":"center center","background-size":"auto","background-attachment":"scroll","background-type":"","background-media":"","overlay-type":"","overlay-color":"","overlay-opacity":"","overlay-gradient":""},"tablet":{"background-color":"","background-image":"","background-repeat":"repeat","background-position":"center center","background-size":"auto","background-attachment":"scroll","background-type":"","background-media":"","overlay-type":"","overlay-color":"","overlay-opacity":"","overlay-gradient":""},"mobile":{"background-color":"","background-image":"","background-repeat":"repeat","background-position":"center center","background-size":"auto","background-attachment":"scroll","background-type":"","background-media":"","overlay-type":"","overlay-color":"","overlay-opacity":"","overlay-gradient":""}},"ast-content-background-meta":{"desktop":{"background-color":"var(--ast-global-color-5)","background-image":"","background-repeat":"repeat","background-position":"center center","background-size":"auto","background-attachment":"scroll","background-type":"","background-media":"","overlay-type":"","overlay-color":"","overlay-opacity":"","overlay-gradient":""},"tablet":{"background-color":"var(--ast-global-color-5)","background-image":"","background-repeat":"repeat","background-position":"center center","background-size":"auto","background-attachment":"scroll","background-type":"","background-media":"","overlay-type":"","overlay-color":"","overlay-opacity":"","overlay-gradient":""},"mobile":{"background-color":"var(--ast-global-color-5)","background-image":"","background-repeat":"repeat","background-position":"center center","background-size":"auto","background-attachment":"scroll","background-type":"","background-media":"","overlay-type":"","overlay-color":"","overlay-opacity":"","overlay-gradient":""}}},"product_brand":[],"product_cat":[17],"product_tag":[],"class_list":{"0":"post-2512","1":"product","2":"type-product","3":"status-publish","4":"has-post-thumbnail","6":"product_cat-electric-tricycle","7":"desktop-align-left","8":"tablet-align-left","9":"mobile-align-left","11":"first","12":"instock","13":"shipping-taxable","14":"product-type-simple"},"yoast_head":"<!-- This site is optimized with the Yoast SEO plugin v27.4 - https:\/\/yoast.com\/product\/yoast-seo-wordpress\/ -->\n<title>Electric Three-Wheeler Tricycle Manufacturer and Factory in China | Reliable E-Tricycle Supplier<\/title>\n<meta name=\"description\" content=\"Discover premium electric three-wheeler tricycles from a leading manufacturer in China. Offering high-quality, energy-efficient, and affordable e-tricycles for various applications. Contact us today!\" \/>\n<meta name=\"robots\" content=\"index, follow, max-snippet:-1, max-image-preview:large, max-video-preview:-1\" \/>\n<link rel=\"canonical\" href=\"https:\/\/www.bowintricycle.com\/tr\/urun\/cinde-elektrikli-uc-tekerlekli-uc-tekerlekli-bisiklet-ureticisi\/\" \/>\n<meta property=\"og:locale\" content=\"tr_TR\" \/>\n<meta property=\"og:type\" content=\"article\" \/>\n<meta property=\"og:title\" content=\"Electric Three-Wheeler Tricycle Manufacturer and Factory in China | Reliable E-Tricycle Supplier\" \/>\n<meta property=\"og:description\" content=\"Discover premium electric three-wheeler tricycles from a leading manufacturer in China. Offering high-quality, energy-efficient, and affordable e-tricycles for various applications. Contact us today!\" \/>\n<meta property=\"og:url\" content=\"https:\/\/www.bowintricycle.com\/tr\/urun\/cinde-elektrikli-uc-tekerlekli-uc-tekerlekli-bisiklet-ureticisi\/\" \/>\n<meta property=\"og:site_name\" content=\"Bowintricycle\" \/>\n<meta property=\"article:modified_time\" content=\"2025-05-02T07:45:01+00:00\" \/>\n<meta property=\"og:image\" content=\"https:\/\/www.bowintricycle.com\/wp-content\/uploads\/2024\/12\/5bb8180204c6542831ebf3517a1d724.jpg\" \/>\n\t<meta property=\"og:image:width\" content=\"800\" \/>\n\t<meta property=\"og:image:height\" content=\"600\" \/>\n\t<meta property=\"og:image:type\" content=\"image\/jpeg\" \/>\n<meta name=\"twitter:card\" content=\"summary_large_image\" \/>\n<meta name=\"twitter:label1\" content=\"Tahmini okuma s\u00fcresi\" \/>\n\t<meta name=\"twitter:data1\" content=\"2 dakika\" \/>\n<script type=\"application\/ld+json\" class=\"yoast-schema-graph\">{\"@context\":\"https:\\\/\\\/schema.org\",\"@graph\":[{\"@type\":\"WebPage\",\"@id\":\"https:\\\/\\\/www.bowintricycle.com\\\/product\\\/electric-three-wheeler-tricycle-manufacturer-in-china\\\/\",\"url\":\"https:\\\/\\\/www.bowintricycle.com\\\/product\\\/electric-three-wheeler-tricycle-manufacturer-in-china\\\/\",\"name\":\"Electric Three-Wheeler Tricycle Manufacturer and Factory in China | Reliable E-Tricycle Supplier\",\"isPartOf\":{\"@id\":\"https:\\\/\\\/www.bowintricycle.com\\\/#website\"},\"primaryImageOfPage\":{\"@id\":\"https:\\\/\\\/www.bowintricycle.com\\\/product\\\/electric-three-wheeler-tricycle-manufacturer-in-china\\\/#primaryimage\"},\"image\":{\"@id\":\"https:\\\/\\\/www.bowintricycle.com\\\/product\\\/electric-three-wheeler-tricycle-manufacturer-in-china\\\/#primaryimage\"},\"thumbnailUrl\":\"https:\\\/\\\/www.bowintricycle.com\\\/wp-content\\\/uploads\\\/2024\\\/12\\\/5bb8180204c6542831ebf3517a1d724.jpg\",\"datePublished\":\"2024-12-03T09:59:41+00:00\",\"dateModified\":\"2025-05-02T07:45:01+00:00\",\"description\":\"Discover premium electric three-wheeler tricycles from a leading manufacturer in China. Offering high-quality, energy-efficient, and affordable e-tricycles for various applications. Contact us today!\",\"breadcrumb\":{\"@id\":\"https:\\\/\\\/www.bowintricycle.com\\\/product\\\/electric-three-wheeler-tricycle-manufacturer-in-china\\\/#breadcrumb\"},\"inLanguage\":\"tr\",\"potentialAction\":[{\"@type\":\"ReadAction\",\"target\":[\"https:\\\/\\\/www.bowintricycle.com\\\/product\\\/electric-three-wheeler-tricycle-manufacturer-in-china\\\/\"]}]},{\"@type\":\"ImageObject\",\"inLanguage\":\"tr\",\"@id\":\"https:\\\/\\\/www.bowintricycle.com\\\/product\\\/electric-three-wheeler-tricycle-manufacturer-in-china\\\/#primaryimage\",\"url\":\"https:\\\/\\\/www.bowintricycle.com\\\/wp-content\\\/uploads\\\/2024\\\/12\\\/5bb8180204c6542831ebf3517a1d724.jpg\",\"contentUrl\":\"https:\\\/\\\/www.bowintricycle.com\\\/wp-content\\\/uploads\\\/2024\\\/12\\\/5bb8180204c6542831ebf3517a1d724.jpg\",\"width\":800,\"height\":600,\"caption\":\"electric tricycle\"},{\"@type\":\"BreadcrumbList\",\"@id\":\"https:\\\/\\\/www.bowintricycle.com\\\/product\\\/electric-three-wheeler-tricycle-manufacturer-in-china\\\/#breadcrumb\",\"itemListElement\":[{\"@type\":\"ListItem\",\"position\":1,\"name\":\"Home\",\"item\":\"https:\\\/\\\/www.bowintricycle.com\\\/\"},{\"@type\":\"ListItem\",\"position\":2,\"name\":\"Shop\",\"item\":\"https:\\\/\\\/www.bowintricycle.com\\\/shop\\\/\"},{\"@type\":\"ListItem\",\"position\":3,\"name\":\"Electric Three-Wheeler Tricycle Manufacturer in China\"}]},{\"@type\":\"WebSite\",\"@id\":\"https:\\\/\\\/www.bowintricycle.com\\\/#website\",\"url\":\"https:\\\/\\\/www.bowintricycle.com\\\/\",\"name\":\"Bowintricycle\",\"description\":\"\",\"publisher\":{\"@id\":\"https:\\\/\\\/www.bowintricycle.com\\\/#organization\"},\"potentialAction\":[{\"@type\":\"SearchAction\",\"target\":{\"@type\":\"EntryPoint\",\"urlTemplate\":\"https:\\\/\\\/www.bowintricycle.com\\\/?s={search_term_string}\"},\"query-input\":{\"@type\":\"PropertyValueSpecification\",\"valueRequired\":true,\"valueName\":\"search_term_string\"}}],\"inLanguage\":\"tr\"},{\"@type\":\"Organization\",\"@id\":\"https:\\\/\\\/www.bowintricycle.com\\\/#organization\",\"name\":\"Bowintricycle\",\"url\":\"https:\\\/\\\/www.bowintricycle.com\\\/\",\"logo\":{\"@type\":\"ImageObject\",\"inLanguage\":\"tr\",\"@id\":\"https:\\\/\\\/www.bowintricycle.com\\\/#\\\/schema\\\/logo\\\/image\\\/\",\"url\":\"https:\\\/\\\/bowintricycle.com\\\/wp-content\\\/uploads\\\/2024\\\/09\\\/lQLPJwWHBaxB9PfMns0ClbCwF-kQr-EvewbbaExWFWUB_661_158-1.png\",\"contentUrl\":\"https:\\\/\\\/bowintricycle.com\\\/wp-content\\\/uploads\\\/2024\\\/09\\\/lQLPJwWHBaxB9PfMns0ClbCwF-kQr-EvewbbaExWFWUB_661_158-1.png\",\"width\":661,\"height\":158,\"caption\":\"Bowintricycle\"},\"image\":{\"@id\":\"https:\\\/\\\/www.bowintricycle.com\\\/#\\\/schema\\\/logo\\\/image\\\/\"}}]}<\/script>\n<!-- \/ Yoast SEO plugin. -->","yoast_head_json":{"title":"\u00c7in'de Elektrikli \u00dc\u00e7 Tekerlekli \u00dc\u00e7 Tekerlekli Bisiklet \u00dcreticisi ve Fabrikas\u0131 | G\u00fcvenilir E-Tricycle Tedarik\u00e7isi","description":"\u00c7in'in \u00f6nde gelen \u00fcreticilerinden birinci s\u0131n\u0131f elektrikli \u00fc\u00e7 tekerlekli bisikletleri ke\u015ffedin. \u00c7e\u015fitli uygulamalar i\u00e7in y\u00fcksek kaliteli, enerji tasarruflu ve uygun fiyatl\u0131 e-tekerlekli bisikletler sunuyoruz. Bug\u00fcn bize ula\u015f\u0131n!","robots":{"index":"index","follow":"follow","max-snippet":"max-snippet:-1","max-image-preview":"max-image-preview:large","max-video-preview":"max-video-preview:-1"},"canonical":"https:\/\/www.bowintricycle.com\/tr\/urun\/cinde-elektrikli-uc-tekerlekli-uc-tekerlekli-bisiklet-ureticisi\/","og_locale":"tr_TR","og_type":"article","og_title":"Electric Three-Wheeler Tricycle Manufacturer and Factory in China | Reliable E-Tricycle Supplier","og_description":"Discover premium electric three-wheeler tricycles from a leading manufacturer in China. Offering high-quality, energy-efficient, and affordable e-tricycles for various applications. Contact us today!","og_url":"https:\/\/www.bowintricycle.com\/tr\/urun\/cinde-elektrikli-uc-tekerlekli-uc-tekerlekli-bisiklet-ureticisi\/","og_site_name":"Bowintricycle","article_modified_time":"2025-05-02T07:45:01+00:00","og_image":[{"width":800,"height":600,"url":"https:\/\/www.bowintricycle.com\/wp-content\/uploads\/2024\/12\/5bb8180204c6542831ebf3517a1d724.jpg","type":"image\/jpeg"}],"twitter_card":"summary_large_image","twitter_misc":{"Tahmini okuma s\u00fcresi":"2 dakika"},"schema":{"@context":"https:\/\/schema.org","@graph":[{"@type":"WebPage","@id":"https:\/\/www.bowintricycle.com\/product\/electric-three-wheeler-tricycle-manufacturer-in-china\/","url":"https:\/\/www.bowintricycle.com\/product\/electric-three-wheeler-tricycle-manufacturer-in-china\/","name":"\u00c7in'de Elektrikli \u00dc\u00e7 Tekerlekli \u00dc\u00e7 Tekerlekli Bisiklet \u00dcreticisi ve Fabrikas\u0131 | G\u00fcvenilir E-Tricycle Tedarik\u00e7isi","isPartOf":{"@id":"https:\/\/www.bowintricycle.com\/#website"},"primaryImageOfPage":{"@id":"https:\/\/www.bowintricycle.com\/product\/electric-three-wheeler-tricycle-manufacturer-in-china\/#primaryimage"},"image":{"@id":"https:\/\/www.bowintricycle.com\/product\/electric-three-wheeler-tricycle-manufacturer-in-china\/#primaryimage"},"thumbnailUrl":"https:\/\/www.bowintricycle.com\/wp-content\/uploads\/2024\/12\/5bb8180204c6542831ebf3517a1d724.jpg","datePublished":"2024-12-03T09:59:41+00:00","dateModified":"2025-05-02T07:45:01+00:00","description":"\u00c7in'in \u00f6nde gelen \u00fcreticilerinden birinci s\u0131n\u0131f elektrikli \u00fc\u00e7 tekerlekli bisikletleri ke\u015ffedin. \u00c7e\u015fitli uygulamalar i\u00e7in y\u00fcksek kaliteli, enerji tasarruflu ve uygun fiyatl\u0131 e-tekerlekli bisikletler sunuyoruz. Bug\u00fcn bize ula\u015f\u0131n!","breadcrumb":{"@id":"https:\/\/www.bowintricycle.com\/product\/electric-three-wheeler-tricycle-manufacturer-in-china\/#breadcrumb"},"inLanguage":"tr","potentialAction":[{"@type":"ReadAction","target":["https:\/\/www.bowintricycle.com\/product\/electric-three-wheeler-tricycle-manufacturer-in-china\/"]}]},{"@type":"ImageObject","inLanguage":"tr","@id":"https:\/\/www.bowintricycle.com\/product\/electric-three-wheeler-tricycle-manufacturer-in-china\/#primaryimage","url":"https:\/\/www.bowintricycle.com\/wp-content\/uploads\/2024\/12\/5bb8180204c6542831ebf3517a1d724.jpg","contentUrl":"https:\/\/www.bowintricycle.com\/wp-content\/uploads\/2024\/12\/5bb8180204c6542831ebf3517a1d724.jpg","width":800,"height":600,"caption":"electric tricycle"},{"@type":"BreadcrumbList","@id":"https:\/\/www.bowintricycle.com\/product\/electric-three-wheeler-tricycle-manufacturer-in-china\/#breadcrumb","itemListElement":[{"@type":"ListItem","position":1,"name":"Home","item":"https:\/\/www.bowintricycle.com\/"},{"@type":"ListItem","position":2,"name":"Shop","item":"https:\/\/www.bowintricycle.com\/shop\/"},{"@type":"ListItem","position":3,"name":"Electric Three-Wheeler Tricycle Manufacturer in China"}]},{"@type":"WebSite","@id":"https:\/\/www.bowintricycle.com\/#website","url":"https:\/\/www.bowintricycle.com\/","name":"Bowintricycle","description":"","publisher":{"@id":"https:\/\/www.bowintricycle.com\/#organization"},"potentialAction":[{"@type":"SearchAction","target":{"@type":"EntryPoint","urlTemplate":"https:\/\/www.bowintricycle.com\/?s={search_term_string}"},"query-input":{"@type":"PropertyValueSpecification","valueRequired":true,"valueName":"search_term_string"}}],"inLanguage":"tr"},{"@type":"Organization","@id":"https:\/\/www.bowintricycle.com\/#organization","name":"Bowintricycle","url":"https:\/\/www.bowintricycle.com\/","logo":{"@type":"ImageObject","inLanguage":"tr","@id":"https:\/\/www.bowintricycle.com\/#\/schema\/logo\/image\/","url":"https:\/\/bowintricycle.com\/wp-content\/uploads\/2024\/09\/lQLPJwWHBaxB9PfMns0ClbCwF-kQr-EvewbbaExWFWUB_661_158-1.png","contentUrl":"https:\/\/bowintricycle.com\/wp-content\/uploads\/2024\/09\/lQLPJwWHBaxB9PfMns0ClbCwF-kQr-EvewbbaExWFWUB_661_158-1.png","width":661,"height":158,"caption":"Bowintricycle"},"image":{"@id":"https:\/\/www.bowintricycle.com\/#\/schema\/logo\/image\/"}}]}},"uagb_featured_image_src":{"full":["https:\/\/www.bowintricycle.com\/wp-content\/uploads\/2024\/12\/5bb8180204c6542831ebf3517a1d724.jpg",800,600,false],"thumbnail":["https:\/\/www.bowintricycle.com\/wp-content\/uploads\/2024\/12\/5bb8180204c6542831ebf3517a1d724-150x150.jpg",150,150,true],"medium":["https:\/\/www.bowintricycle.com\/wp-content\/uploads\/2024\/12\/5bb8180204c6542831ebf3517a1d724-300x225.jpg",300,225,true],"medium_large":["https:\/\/www.bowintricycle.com\/wp-content\/uploads\/2024\/12\/5bb8180204c6542831ebf3517a1d724-768x576.jpg",768,576,true],"large":["https:\/\/www.bowintricycle.com\/wp-content\/uploads\/2024\/12\/5bb8180204c6542831ebf3517a1d724.jpg",800,600,false],"1536x1536":["https:\/\/www.bowintricycle.com\/wp-content\/uploads\/2024\/12\/5bb8180204c6542831ebf3517a1d724.jpg",800,600,false],"2048x2048":["https:\/\/www.bowintricycle.com\/wp-content\/uploads\/2024\/12\/5bb8180204c6542831ebf3517a1d724.jpg",800,600,false],"trp-custom-language-flag":["https:\/\/www.bowintricycle.com\/wp-content\/uploads\/2024\/12\/5bb8180204c6542831ebf3517a1d724-16x12.jpg",16,12,true],"woocommerce_thumbnail":["https:\/\/www.bowintricycle.com\/wp-content\/uploads\/2024\/12\/5bb8180204c6542831ebf3517a1d724-300x300.jpg",300,300,true],"woocommerce_single":["https:\/\/www.bowintricycle.com\/wp-content\/uploads\/2024\/12\/5bb8180204c6542831ebf3517a1d724-600x450.jpg",600,450,true],"woocommerce_gallery_thumbnail":["https:\/\/www.bowintricycle.com\/wp-content\/uploads\/2024\/12\/5bb8180204c6542831ebf3517a1d724-100x100.jpg",100,100,true]},"uagb_author_info":{"display_name":"user","author_link":"https:\/\/www.bowintricycle.com\/tr\/author\/"},"uagb_comment_info":3,"uagb_excerpt":"Electric bikes and tricycles are becoming the preferred choice for environmentally-conscious and health-focused individuals worldwide. As a leading electric three-wheeler tricycle manufacturer in China, we specialize in delivering high-quality vehicles designed to meet the demands of modern transportation. Our electric tricycles are equipped with powerful motors and long-lasting batteries, providing unmatched performance, extended range, and&hellip;","_links":{"self":[{"href":"https:\/\/www.bowintricycle.com\/tr\/wp-json\/wp\/v2\/product\/2512","targetHints":{"allow":["GET"]}}],"collection":[{"href":"https:\/\/www.bowintricycle.com\/tr\/wp-json\/wp\/v2\/product"}],"about":[{"href":"https:\/\/www.bowintricycle.com\/tr\/wp-json\/wp\/v2\/types\/product"}],"replies":[{"embeddable":true,"href":"https:\/\/www.bowintricycle.com\/tr\/wp-json\/wp\/v2\/comments?post=2512"}],"wp:featuredmedia":[{"embeddable":true,"href":"https:\/\/www.bowintricycle.com\/tr\/wp-json\/wp\/v2\/media\/2513"}],"wp:attachment":[{"href":"https:\/\/www.bowintricycle.com\/tr\/wp-json\/wp\/v2\/media?parent=2512"}],"wp:term":[{"taxonomy":"product_brand","embeddable":true,"href":"https:\/\/www.bowintricycle.com\/tr\/wp-json\/wp\/v2\/product_brand?post=2512"},{"taxonomy":"product_cat","embeddable":true,"href":"https:\/\/www.bowintricycle.com\/tr\/wp-json\/wp\/v2\/product_cat?post=2512"},{"taxonomy":"product_tag","embeddable":true,"href":"https:\/\/www.bowintricycle.com\/tr\/wp-json\/wp\/v2\/product_tag?post=2512"}],"curies":[{"name":"wp","href":"https:\/\/api.w.org\/{rel}","templated":true}]}}