{"id":325,"date":"2024-09-18T03:52:16","date_gmt":"2024-09-18T03:52:16","guid":{"rendered":"https:\/\/bowintricycle.com\/product\/kryo-x26-mtb-model-y\/"},"modified":"2025-03-28T12:22:28","modified_gmt":"2025-03-28T04:22:28","slug":"elektrikli-yolcu-uc-tekerlekli-bisikleti","status":"publish","type":"product","link":"https:\/\/www.bowintricycle.com\/tr\/product\/electric-passenger-tricycle\/","title":{"rendered":"Elektrikli yolcu \u00fc\u00e7 tekerlekli bisikleti"},"content":{"rendered":"<p><img loading=\"lazy\" decoding=\"async\" class=\"alignnone wp-image-2340\" src=\"https:\/\/bowintricycle.com\/wp-content\/uploads\/2024\/09\/Electric-passenger-tricycle-1-149x300.png\" alt=\"\" width=\"417\" height=\"839\" srcset=\"https:\/\/www.bowintricycle.com\/wp-content\/uploads\/2024\/09\/Electric-passenger-tricycle-1-149x300.png 149w, https:\/\/www.bowintricycle.com\/wp-content\/uploads\/2024\/09\/Electric-passenger-tricycle-1-6x12.png 6w\" sizes=\"auto, (max-width: 417px) 100vw, 417px\" \/><\/p>\n<p>1500W\uff1aEXW teklifi\uff1a$1220\uff1b2000W\uff1aEXW teklifi\uff1a$1350\uff1b3000W\uff1aEXW teklifi\uff1a$1438\uff1b<\/p>\n<p><strong><b>\u00a0\u00a0\u00a0 <img loading=\"lazy\" decoding=\"async\" class=\"alignnone wp-image-2341\" src=\"https:\/\/bowintricycle.com\/wp-content\/uploads\/2024\/09\/Electric-passenger-tricycle-4-300x263.png\" alt=\"\" width=\"440\" height=\"386\" srcset=\"https:\/\/www.bowintricycle.com\/wp-content\/uploads\/2024\/09\/Electric-passenger-tricycle-4-300x263.png 300w, https:\/\/www.bowintricycle.com\/wp-content\/uploads\/2024\/09\/Electric-passenger-tricycle-4-14x12.png 14w, https:\/\/www.bowintricycle.com\/wp-content\/uploads\/2024\/09\/Electric-passenger-tricycle-4.png 571w\" sizes=\"auto, (max-width: 440px) 100vw, 440px\" \/><\/b><\/strong><\/p>\n<p>\u00c7ok y\u00f6nl\u00fc \u00fcr\u00fcn yelpazesini ke\u015ffedin <strong>elektrikli yolcu \u00fc\u00e7 tekerlekli bisikletleri<\/strong> itibaren <strong>\u00c7in'in \u00f6nde gelen \u00fcreticileri<\/strong>. Konfor, verimlilik ve s\u00fcrd\u00fcr\u00fclebilirlik i\u00e7in tasarlanan bu \u00fc\u00e7 tekerlekli bisikletler, kentsel ve k\u0131rsal hareketlilik ihtiya\u00e7lar\u0131n\u0131 kar\u015f\u0131lar. A\u015fa\u011f\u0131daki gibi se\u00e7eneklerle <strong>yeti\u015fkin elektrikli \u00fc\u00e7 tekerlekli bisikletler<\/strong>, <strong>kapal\u0131 yolcu \u00fc\u00e7 tekerlekli bisikletleri<\/strong>ve <strong>iki yolcu kapasiteli \u00fc\u00e7 tekerlekli bisikletler<\/strong>i\u015flevselli\u011fi \u00e7evre dostu olma \u00f6zelli\u011fiyle birle\u015ftirir.<\/p>\n<p>Taraf\u0131ndan desteklenen modeller aras\u0131ndan se\u00e7im yap\u0131n <strong>dayan\u0131kl\u0131 kur\u015fun-asit ak\u00fcler<\/strong> uzun menzilli performans i\u00e7in ve a\u015fa\u011f\u0131dakilerle donat\u0131lm\u0131\u015ft\u0131r <strong>\u00f6zelle\u015fti\u0307ri\u0307lebi\u0307li\u0307r \u00f6zelli\u0307kler<\/strong> disk frenler, geni\u015f i\u00e7 mekanlar ve geli\u015fmi\u015f s\u00fcspansiyon sistemleri gibi. Bizim <strong>\u00c7in'de \u00fcretilen elektrikli yolcu \u00fc\u00e7 tekerlekli bisikletleri<\/strong> ki\u015fisel ve ticari kullan\u0131m i\u00e7in m\u00fckemmeldir, g\u00fcvenilirlik ve uygun fiyat sa\u011flar.<\/p>\n<p>\u0130ster ihtiyac\u0131n\u0131z olsun <strong>\u00c7in'deki elektrikli \u00fc\u00e7 tekerlekli bisiklet tedarik\u00e7ileri<\/strong>, <strong>toptan fabri\u0307ka ortakliklari<\/strong>veya hakk\u0131nda bilgi almak istedi\u011finiz <strong>d\u00fc\u015f\u00fck fi\u0307yatli elektri\u0307kli\u0307 \u00fc\u00e7 tekerlekli\u0307 bi\u0307si\u0307kletler<\/strong>kapsaml\u0131 se\u00e7eneklerimiz en iyi de\u011feri sunar. \u0130le <strong>y\u00fcksek performansl\u0131 motorlar<\/strong> ve <strong>\u00f6zel konfi\u0307g\u00fcrasyonlar<\/strong>bu \u00fc\u00e7 tekerlekli bisikletler s\u00fcrd\u00fcr\u00fclebilir ula\u015f\u0131m\u0131 yeniden tan\u0131ml\u0131yor.<\/p>","protected":false},"excerpt":{"rendered":"<p>Lorem ipsum dolor sit amet, consectetur adipiscing elit, sed do eiusmod tempor incidunt ut labore et dolore magna aliqua. Ut enim ad minim veniam, quis nostrud exercitation ullamco laboris nisi ut aliquip ex ea commodo consequat.<\/p>","protected":false},"featured_media":2341,"comment_status":"open","ping_status":"closed","template":"","meta":{"_uag_custom_page_level_css":"","site-sidebar-layout":"default","site-content-layout":"default","ast-site-content-layout":"default","site-content-style":"default","site-sidebar-style":"default","ast-global-header-display":"","ast-banner-title-visibility":"","ast-main-header-display":"","ast-hfb-above-header-display":"","ast-hfb-below-header-display":"","ast-hfb-mobile-header-display":"","site-post-title":"disabled","ast-breadcrumbs-content":"disabled","ast-featured-img":"","footer-sml-layout":"","ast-disable-related-posts":"","theme-transparent-header-meta":"default","adv-header-id-meta":"","stick-header-meta":"","header-above-stick-meta":"","header-main-stick-meta":"","header-below-stick-meta":"","astra-migrate-meta-layouts":"set","ast-page-background-enabled":"default","ast-page-background-meta":{"desktop":{"background-color":"","background-image":"","background-repeat":"repeat","background-position":"center center","background-size":"auto","background-attachment":"scroll","background-type":"","background-media":"","overlay-type":"","overlay-color":"","overlay-opacity":"","overlay-gradient":""},"tablet":{"background-color":"","background-image":"","background-repeat":"repeat","background-position":"center center","background-size":"auto","background-attachment":"scroll","background-type":"","background-media":"","overlay-type":"","overlay-color":"","overlay-opacity":"","overlay-gradient":""},"mobile":{"background-color":"","background-image":"","background-repeat":"repeat","background-position":"center center","background-size":"auto","background-attachment":"scroll","background-type":"","background-media":"","overlay-type":"","overlay-color":"","overlay-opacity":"","overlay-gradient":""}},"ast-content-background-meta":{"desktop":{"background-color":"var(--ast-global-color-5)","background-image":"","background-repeat":"repeat","background-position":"center center","background-size":"auto","background-attachment":"scroll","background-type":"","background-media":"","overlay-type":"","overlay-color":"","overlay-opacity":"","overlay-gradient":""},"tablet":{"background-color":"var(--ast-global-color-5)","background-image":"","background-repeat":"repeat","background-position":"center center","background-size":"auto","background-attachment":"scroll","background-type":"","background-media":"","overlay-type":"","overlay-color":"","overlay-opacity":"","overlay-gradient":""},"mobile":{"background-color":"var(--ast-global-color-5)","background-image":"","background-repeat":"repeat","background-position":"center center","background-size":"auto","background-attachment":"scroll","background-type":"","background-media":"","overlay-type":"","overlay-color":"","overlay-opacity":"","overlay-gradient":""}}},"product_brand":[],"product_cat":[17],"product_tag":[],"class_list":{"0":"post-325","1":"product","2":"type-product","3":"status-publish","4":"has-post-thumbnail","6":"product_cat-electric-tricycle","7":"desktop-align-left","8":"tablet-align-left","9":"mobile-align-left","11":"first","12":"instock","13":"shipping-taxable","14":"product-type-simple"},"yoast_head":"<!-- This site is optimized with the Yoast SEO plugin v27.5 - https:\/\/yoast.com\/product\/yoast-seo-wordpress\/ -->\n<title>Electric passenger tricycle wholesaler - Bowintricycle<\/title>\n<meta name=\"description\" content=\"As a leading manufacturer, supplier, and factory in China, we specialize in electric passenger tricycles designed for efficiency and sustainability. Our products feature durable lead-acid batteries, spacious interiors, and customizable options. Perfect for personal or commercial use, we deliver reliable and affordable solutions worldwide.\" \/>\n<meta name=\"robots\" content=\"index, follow, max-snippet:-1, max-image-preview:large, max-video-preview:-1\" \/>\n<link rel=\"canonical\" href=\"https:\/\/www.bowintricycle.com\/tr\/urun\/elektrikli-yolcu-uc-tekerlekli-bisikleti\/\" \/>\n<meta property=\"og:locale\" content=\"tr_TR\" \/>\n<meta property=\"og:type\" content=\"article\" \/>\n<meta property=\"og:title\" content=\"Electric passenger tricycle wholesaler - Bowintricycle\" \/>\n<meta property=\"og:description\" content=\"As a leading manufacturer, supplier, and factory in China, we specialize in electric passenger tricycles designed for efficiency and sustainability. Our products feature durable lead-acid batteries, spacious interiors, and customizable options. Perfect for personal or commercial use, we deliver reliable and affordable solutions worldwide.\" \/>\n<meta property=\"og:url\" content=\"https:\/\/www.bowintricycle.com\/tr\/urun\/elektrikli-yolcu-uc-tekerlekli-bisikleti\/\" \/>\n<meta property=\"og:site_name\" content=\"Bowintricycle\" \/>\n<meta property=\"article:modified_time\" content=\"2025-03-28T04:22:28+00:00\" \/>\n<meta property=\"og:image\" content=\"https:\/\/www.bowintricycle.com\/wp-content\/uploads\/2024\/09\/Electric-passenger-tricycle-4.png\" \/>\n\t<meta property=\"og:image:width\" content=\"571\" \/>\n\t<meta property=\"og:image:height\" content=\"501\" \/>\n\t<meta property=\"og:image:type\" content=\"image\/png\" \/>\n<meta name=\"twitter:card\" content=\"summary_large_image\" \/>\n<meta name=\"twitter:label1\" content=\"Tahmini okuma s\u00fcresi\" \/>\n\t<meta name=\"twitter:data1\" content=\"2 dakika\" \/>\n<script type=\"application\/ld+json\" class=\"yoast-schema-graph\">{\"@context\":\"https:\\\/\\\/schema.org\",\"@graph\":[{\"@type\":\"WebPage\",\"@id\":\"https:\\\/\\\/www.bowintricycle.com\\\/product\\\/electric-passenger-tricycle\\\/\",\"url\":\"https:\\\/\\\/www.bowintricycle.com\\\/product\\\/electric-passenger-tricycle\\\/\",\"name\":\"Electric passenger tricycle wholesaler - Bowintricycle\",\"isPartOf\":{\"@id\":\"https:\\\/\\\/www.bowintricycle.com\\\/#website\"},\"primaryImageOfPage\":{\"@id\":\"https:\\\/\\\/www.bowintricycle.com\\\/product\\\/electric-passenger-tricycle\\\/#primaryimage\"},\"image\":{\"@id\":\"https:\\\/\\\/www.bowintricycle.com\\\/product\\\/electric-passenger-tricycle\\\/#primaryimage\"},\"thumbnailUrl\":\"https:\\\/\\\/www.bowintricycle.com\\\/wp-content\\\/uploads\\\/2024\\\/09\\\/Electric-passenger-tricycle-4.png\",\"datePublished\":\"2024-09-18T03:52:16+00:00\",\"dateModified\":\"2025-03-28T04:22:28+00:00\",\"description\":\"As a leading manufacturer, supplier, and factory in China, we specialize in electric passenger tricycles designed for efficiency and sustainability. Our products feature durable lead-acid batteries, spacious interiors, and customizable options. Perfect for personal or commercial use, we deliver reliable and affordable solutions worldwide.\",\"breadcrumb\":{\"@id\":\"https:\\\/\\\/www.bowintricycle.com\\\/product\\\/electric-passenger-tricycle\\\/#breadcrumb\"},\"inLanguage\":\"tr\",\"potentialAction\":[{\"@type\":\"ReadAction\",\"target\":[\"https:\\\/\\\/www.bowintricycle.com\\\/product\\\/electric-passenger-tricycle\\\/\"]}]},{\"@type\":\"ImageObject\",\"inLanguage\":\"tr\",\"@id\":\"https:\\\/\\\/www.bowintricycle.com\\\/product\\\/electric-passenger-tricycle\\\/#primaryimage\",\"url\":\"https:\\\/\\\/www.bowintricycle.com\\\/wp-content\\\/uploads\\\/2024\\\/09\\\/Electric-passenger-tricycle-4.png\",\"contentUrl\":\"https:\\\/\\\/www.bowintricycle.com\\\/wp-content\\\/uploads\\\/2024\\\/09\\\/Electric-passenger-tricycle-4.png\",\"width\":571,\"height\":501,\"caption\":\"Electric passenger tricycle\"},{\"@type\":\"BreadcrumbList\",\"@id\":\"https:\\\/\\\/www.bowintricycle.com\\\/product\\\/electric-passenger-tricycle\\\/#breadcrumb\",\"itemListElement\":[{\"@type\":\"ListItem\",\"position\":1,\"name\":\"Home\",\"item\":\"https:\\\/\\\/www.bowintricycle.com\\\/\"},{\"@type\":\"ListItem\",\"position\":2,\"name\":\"Shop\",\"item\":\"https:\\\/\\\/www.bowintricycle.com\\\/shop\\\/\"},{\"@type\":\"ListItem\",\"position\":3,\"name\":\"Electric passenger tricycle\"}]},{\"@type\":\"WebSite\",\"@id\":\"https:\\\/\\\/www.bowintricycle.com\\\/#website\",\"url\":\"https:\\\/\\\/www.bowintricycle.com\\\/\",\"name\":\"Bowintricycle\",\"description\":\"\",\"publisher\":{\"@id\":\"https:\\\/\\\/www.bowintricycle.com\\\/#organization\"},\"potentialAction\":[{\"@type\":\"SearchAction\",\"target\":{\"@type\":\"EntryPoint\",\"urlTemplate\":\"https:\\\/\\\/www.bowintricycle.com\\\/?s={search_term_string}\"},\"query-input\":{\"@type\":\"PropertyValueSpecification\",\"valueRequired\":true,\"valueName\":\"search_term_string\"}}],\"inLanguage\":\"tr\"},{\"@type\":\"Organization\",\"@id\":\"https:\\\/\\\/www.bowintricycle.com\\\/#organization\",\"name\":\"Bowintricycle\",\"url\":\"https:\\\/\\\/www.bowintricycle.com\\\/\",\"logo\":{\"@type\":\"ImageObject\",\"inLanguage\":\"tr\",\"@id\":\"https:\\\/\\\/www.bowintricycle.com\\\/#\\\/schema\\\/logo\\\/image\\\/\",\"url\":\"https:\\\/\\\/bowintricycle.com\\\/wp-content\\\/uploads\\\/2024\\\/09\\\/lQLPJwWHBaxB9PfMns0ClbCwF-kQr-EvewbbaExWFWUB_661_158-1.png\",\"contentUrl\":\"https:\\\/\\\/bowintricycle.com\\\/wp-content\\\/uploads\\\/2024\\\/09\\\/lQLPJwWHBaxB9PfMns0ClbCwF-kQr-EvewbbaExWFWUB_661_158-1.png\",\"width\":661,\"height\":158,\"caption\":\"Bowintricycle\"},\"image\":{\"@id\":\"https:\\\/\\\/www.bowintricycle.com\\\/#\\\/schema\\\/logo\\\/image\\\/\"}}]}<\/script>\n<!-- \/ Yoast SEO plugin. -->","yoast_head_json":{"title":"Elektrikli yolcu \u00fc\u00e7 tekerlekli bisiklet toptanc\u0131s\u0131 - Bowintricycle","description":"\u00c7in'de lider bir \u00fcretici, tedarik\u00e7i ve fabrika olarak, verimlilik ve s\u00fcrd\u00fcr\u00fclebilirlik i\u00e7in tasarlanm\u0131\u015f elektrikli yolcu \u00fc\u00e7 tekerlekli bisikletleri konusunda uzman\u0131z. \u00dcr\u00fcnlerimiz dayan\u0131kl\u0131 kur\u015fun-asit ak\u00fclere, geni\u015f i\u00e7 mekanlara ve \u00f6zelle\u015ftirilebilir se\u00e7eneklere sahiptir. Ki\u015fisel veya ticari kullan\u0131m i\u00e7in m\u00fckemmel olan \u00fcr\u00fcnlerimizle d\u00fcnya \u00e7ap\u0131nda g\u00fcvenilir ve uygun fiyatl\u0131 \u00e7\u00f6z\u00fcmler sunuyoruz.","robots":{"index":"index","follow":"follow","max-snippet":"max-snippet:-1","max-image-preview":"max-image-preview:large","max-video-preview":"max-video-preview:-1"},"canonical":"https:\/\/www.bowintricycle.com\/tr\/urun\/elektrikli-yolcu-uc-tekerlekli-bisikleti\/","og_locale":"tr_TR","og_type":"article","og_title":"Electric passenger tricycle wholesaler - Bowintricycle","og_description":"As a leading manufacturer, supplier, and factory in China, we specialize in electric passenger tricycles designed for efficiency and sustainability. Our products feature durable lead-acid batteries, spacious interiors, and customizable options. Perfect for personal or commercial use, we deliver reliable and affordable solutions worldwide.","og_url":"https:\/\/www.bowintricycle.com\/tr\/urun\/elektrikli-yolcu-uc-tekerlekli-bisikleti\/","og_site_name":"Bowintricycle","article_modified_time":"2025-03-28T04:22:28+00:00","og_image":[{"width":571,"height":501,"url":"https:\/\/www.bowintricycle.com\/wp-content\/uploads\/2024\/09\/Electric-passenger-tricycle-4.png","type":"image\/png"}],"twitter_card":"summary_large_image","twitter_misc":{"Tahmini okuma s\u00fcresi":"2 dakika"},"schema":{"@context":"https:\/\/schema.org","@graph":[{"@type":"WebPage","@id":"https:\/\/www.bowintricycle.com\/product\/electric-passenger-tricycle\/","url":"https:\/\/www.bowintricycle.com\/product\/electric-passenger-tricycle\/","name":"Elektrikli yolcu \u00fc\u00e7 tekerlekli bisiklet toptanc\u0131s\u0131 - Bowintricycle","isPartOf":{"@id":"https:\/\/www.bowintricycle.com\/#website"},"primaryImageOfPage":{"@id":"https:\/\/www.bowintricycle.com\/product\/electric-passenger-tricycle\/#primaryimage"},"image":{"@id":"https:\/\/www.bowintricycle.com\/product\/electric-passenger-tricycle\/#primaryimage"},"thumbnailUrl":"https:\/\/www.bowintricycle.com\/wp-content\/uploads\/2024\/09\/Electric-passenger-tricycle-4.png","datePublished":"2024-09-18T03:52:16+00:00","dateModified":"2025-03-28T04:22:28+00:00","description":"\u00c7in'de lider bir \u00fcretici, tedarik\u00e7i ve fabrika olarak, verimlilik ve s\u00fcrd\u00fcr\u00fclebilirlik i\u00e7in tasarlanm\u0131\u015f elektrikli yolcu \u00fc\u00e7 tekerlekli bisikletleri konusunda uzman\u0131z. \u00dcr\u00fcnlerimiz dayan\u0131kl\u0131 kur\u015fun-asit ak\u00fclere, geni\u015f i\u00e7 mekanlara ve \u00f6zelle\u015ftirilebilir se\u00e7eneklere sahiptir. Ki\u015fisel veya ticari kullan\u0131m i\u00e7in m\u00fckemmel olan \u00fcr\u00fcnlerimizle d\u00fcnya \u00e7ap\u0131nda g\u00fcvenilir ve uygun fiyatl\u0131 \u00e7\u00f6z\u00fcmler sunuyoruz.","breadcrumb":{"@id":"https:\/\/www.bowintricycle.com\/product\/electric-passenger-tricycle\/#breadcrumb"},"inLanguage":"tr","potentialAction":[{"@type":"ReadAction","target":["https:\/\/www.bowintricycle.com\/product\/electric-passenger-tricycle\/"]}]},{"@type":"ImageObject","inLanguage":"tr","@id":"https:\/\/www.bowintricycle.com\/product\/electric-passenger-tricycle\/#primaryimage","url":"https:\/\/www.bowintricycle.com\/wp-content\/uploads\/2024\/09\/Electric-passenger-tricycle-4.png","contentUrl":"https:\/\/www.bowintricycle.com\/wp-content\/uploads\/2024\/09\/Electric-passenger-tricycle-4.png","width":571,"height":501,"caption":"Electric passenger tricycle"},{"@type":"BreadcrumbList","@id":"https:\/\/www.bowintricycle.com\/product\/electric-passenger-tricycle\/#breadcrumb","itemListElement":[{"@type":"ListItem","position":1,"name":"Home","item":"https:\/\/www.bowintricycle.com\/"},{"@type":"ListItem","position":2,"name":"Shop","item":"https:\/\/www.bowintricycle.com\/shop\/"},{"@type":"ListItem","position":3,"name":"Electric passenger tricycle"}]},{"@type":"WebSite","@id":"https:\/\/www.bowintricycle.com\/#website","url":"https:\/\/www.bowintricycle.com\/","name":"Bowintricycle","description":"","publisher":{"@id":"https:\/\/www.bowintricycle.com\/#organization"},"potentialAction":[{"@type":"SearchAction","target":{"@type":"EntryPoint","urlTemplate":"https:\/\/www.bowintricycle.com\/?s={search_term_string}"},"query-input":{"@type":"PropertyValueSpecification","valueRequired":true,"valueName":"search_term_string"}}],"inLanguage":"tr"},{"@type":"Organization","@id":"https:\/\/www.bowintricycle.com\/#organization","name":"Bowintricycle","url":"https:\/\/www.bowintricycle.com\/","logo":{"@type":"ImageObject","inLanguage":"tr","@id":"https:\/\/www.bowintricycle.com\/#\/schema\/logo\/image\/","url":"https:\/\/bowintricycle.com\/wp-content\/uploads\/2024\/09\/lQLPJwWHBaxB9PfMns0ClbCwF-kQr-EvewbbaExWFWUB_661_158-1.png","contentUrl":"https:\/\/bowintricycle.com\/wp-content\/uploads\/2024\/09\/lQLPJwWHBaxB9PfMns0ClbCwF-kQr-EvewbbaExWFWUB_661_158-1.png","width":661,"height":158,"caption":"Bowintricycle"},"image":{"@id":"https:\/\/www.bowintricycle.com\/#\/schema\/logo\/image\/"}}]}},"uagb_featured_image_src":{"full":["https:\/\/www.bowintricycle.com\/wp-content\/uploads\/2024\/09\/Electric-passenger-tricycle-4.png",571,501,false],"thumbnail":["https:\/\/www.bowintricycle.com\/wp-content\/uploads\/2024\/09\/Electric-passenger-tricycle-4-150x150.png",150,150,true],"medium":["https:\/\/www.bowintricycle.com\/wp-content\/uploads\/2024\/09\/Electric-passenger-tricycle-4-300x263.png",300,263,true],"medium_large":["https:\/\/www.bowintricycle.com\/wp-content\/uploads\/2024\/09\/Electric-passenger-tricycle-4.png",571,501,false],"large":["https:\/\/www.bowintricycle.com\/wp-content\/uploads\/2024\/09\/Electric-passenger-tricycle-4.png",571,501,false],"1536x1536":["https:\/\/www.bowintricycle.com\/wp-content\/uploads\/2024\/09\/Electric-passenger-tricycle-4.png",571,501,false],"2048x2048":["https:\/\/www.bowintricycle.com\/wp-content\/uploads\/2024\/09\/Electric-passenger-tricycle-4.png",571,501,false],"trp-custom-language-flag":["https:\/\/www.bowintricycle.com\/wp-content\/uploads\/2024\/09\/Electric-passenger-tricycle-4-14x12.png",14,12,true],"woocommerce_thumbnail":["https:\/\/www.bowintricycle.com\/wp-content\/uploads\/2024\/09\/Electric-passenger-tricycle-4-300x300.png",300,300,true],"woocommerce_single":["https:\/\/www.bowintricycle.com\/wp-content\/uploads\/2024\/09\/Electric-passenger-tricycle-4.png",571,501,false],"woocommerce_gallery_thumbnail":["https:\/\/www.bowintricycle.com\/wp-content\/uploads\/2024\/09\/Electric-passenger-tricycle-4-100x100.png",100,100,true]},"uagb_author_info":{"display_name":"user","author_link":"https:\/\/www.bowintricycle.com\/tr\/author\/"},"uagb_comment_info":1,"uagb_excerpt":"Lorem ipsum dolor sit amet, consectetur adipiscing elit, sed do eiusmod tempor incididunt ut labore et dolore magna aliqua. Ut enim ad minim veniam, quis nostrud exercitation ullamco laboris nisi ut aliquip ex ea commodo consequat.","_links":{"self":[{"href":"https:\/\/www.bowintricycle.com\/tr\/wp-json\/wp\/v2\/product\/325","targetHints":{"allow":["GET"]}}],"collection":[{"href":"https:\/\/www.bowintricycle.com\/tr\/wp-json\/wp\/v2\/product"}],"about":[{"href":"https:\/\/www.bowintricycle.com\/tr\/wp-json\/wp\/v2\/types\/product"}],"replies":[{"embeddable":true,"href":"https:\/\/www.bowintricycle.com\/tr\/wp-json\/wp\/v2\/comments?post=325"}],"wp:featuredmedia":[{"embeddable":true,"href":"https:\/\/www.bowintricycle.com\/tr\/wp-json\/wp\/v2\/media\/2341"}],"wp:attachment":[{"href":"https:\/\/www.bowintricycle.com\/tr\/wp-json\/wp\/v2\/media?parent=325"}],"wp:term":[{"taxonomy":"product_brand","embeddable":true,"href":"https:\/\/www.bowintricycle.com\/tr\/wp-json\/wp\/v2\/product_brand?post=325"},{"taxonomy":"product_cat","embeddable":true,"href":"https:\/\/www.bowintricycle.com\/tr\/wp-json\/wp\/v2\/product_cat?post=325"},{"taxonomy":"product_tag","embeddable":true,"href":"https:\/\/www.bowintricycle.com\/tr\/wp-json\/wp\/v2\/product_tag?post=325"}],"curies":[{"name":"wp","href":"https:\/\/api.w.org\/{rel}","templated":true}]}}