{"id":1195,"date":"2024-09-18T03:52:17","date_gmt":"2024-09-18T03:52:17","guid":{"rendered":"https:\/\/bowintricycle.com\/about-us\/"},"modified":"2024-11-12T08:30:29","modified_gmt":"2024-11-12T08:30:29","slug":"ve-chung-toi","status":"publish","type":"page","link":"https:\/\/www.bowintricycle.com\/vi\/about-us\/","title":{"rendered":"Gi\u1edbi thi\u1ec7u v\u1ec1 ch\u00fang t\u00f4i"},"content":{"rendered":"<div class=\"wp-block-uagb-container uagb-block-77ef3999 alignfull uagb-is-root-container\"><div class=\"uagb-container-inner-blocks-wrap\">\n<div class=\"wp-block-uagb-advanced-heading uagb-block-a0dfcabf\"><h1 class=\"uagb-heading-text\">nh\u00e0 s\u1ea3n xu\u1ea5t xe ba b\u00e1nh \u0111i\u1ec7n t\u1ea1i Trung Qu\u1ed1c<\/h1><\/div>\n\n\n\n<div class=\"wp-block-uagb-container uagb-block-15bc65d2\"><div class=\"uagb-container__video-wrap\"><video autoplay loop muted playsinline><source src=\"https:\/\/bowintricycle.com\/wp-content\/uploads\/2024\/09\/df1275b9a5f11382497d77513fb4e40e.mp4\" type=\"video\/mp4\"\/><\/video><\/div>\n<div class=\"wp-block-uagb-info-box uagb-block-f8db6f4f uagb-infobox__content-wrap  uagb-infobox-icon-above-title uagb-infobox-image-valign-top\"><div class=\"uagb-ifb-content\"><div class=\"uagb-ifb-icon-wrap\"><div class=\"uagb-iconbox-icon-wrap uagb-infobox-shape-circle\"><svg xmlns=\"https:\/\/www.w3.org\/2000\/svg\" viewbox=\"0 0 384 512\"><path d=\"M361 215C375.3 223.8 384 239.3 384 256C384 272.7 375.3 288.2 361 296.1L73.03 472.1C58.21 482 39.66 482.4 24.52 473.9C9.377 465.4 0 449.4 0 432V80C0 62.64 9.377 46.63 24.52 38.13C39.66 29.64 58.21 29.99 73.03 39.04L361 215z\"><\/path><\/svg><\/div><\/div><div class=\"uagb-ifb-title-wrap\"><h4 class=\"uagb-ifb-title\"><font _mstmutation=\"1\"><\/font><\/h4><\/div><\/div><\/div>\n<\/div>\n<\/div><\/div>\n\n\n\n<div class=\"wp-block-uagb-container uagb-block-6b97439c alignfull uagb-is-root-container\"><div class=\"uagb-container-inner-blocks-wrap\">\n<div class=\"wp-block-uagb-advanced-heading uagb-block-93a9a65d\"><h2 class=\"uagb-heading-text\">Kh\u00e1m ph\u00e1 nh\u1eefng c\u00e2u chuy\u1ec7n<\/h2><\/div>\n<\/div><\/div>\n\n\n\n<div class=\"wp-block-uagb-container uagb-layout-grid uagb-block-a21e7343 alignfull uagb-is-root-container\"><div class=\"uagb-container-inner-blocks-wrap\">\n<div class=\"wp-block-uagb-container uagb-block-bf6a7a47\">\n<div class=\"wp-block-uagb-advanced-heading uagb-block-401f5a88\"><h5 class=\"uagb-heading-text\"><a href=\"https:\/\/www.bowintricycle.com\/vi\/\/xe-ba-banh-cho-hang-dien\/\">xe ba b\u00e1nh ch\u1edf h\u00e0ng \u0111i\u1ec7n<\/a><\/h5><\/div>\n<\/div>\n\n\n\n<div class=\"wp-block-uagb-container uagb-block-f5d99c15\">\n<div class=\"wp-block-uagb-advanced-heading uagb-block-eac55b73\"><h4 class=\"uagb-heading-text\"><a href=\"https:\/\/www.bowintricycle.com\/vi\/\/electric-cargo-tricycle-manufacturer\/\">Nh\u00e0 s\u1ea3n xu\u1ea5t xe ba b\u00e1nh ch\u1edf h\u00e0ng \u0111i\u1ec7n<\/a><\/h4><\/div>\n<\/div>\n\n\n\n<div class=\"wp-block-uagb-container uagb-block-f053c8e9\">\n<div class=\"wp-block-uagb-advanced-heading uagb-block-5e32f5cc\"><h5 class=\"uagb-heading-text\">Nh\u00e0 b\u00e1n bu\u00f4n xe ba b\u00e1nh \u0111i\u1ec7n<\/h5><\/div>\n<\/div>\n\n\n\n<div class=\"wp-block-uagb-container uagb-block-d71fe866\">\n<div class=\"wp-block-uagb-advanced-heading uagb-block-316c575b\"><h4 class=\"uagb-heading-text\"><a href=\"https:\/\/www.bowintricycle.com\/vi\/\/xe-ba-banh-cho-khach-chay-bang-dien\/\">Xe ba b\u00e1nh \u0111i\u1ec7n ch\u1edf ng\u01b0\u1eddi<\/a><\/h4><\/div>\n<\/div>\n\n\n\n<div class=\"wp-block-uagb-container uagb-block-d3443137\">\n<div class=\"wp-block-uagb-advanced-heading uagb-block-40513eea\"><h5 class=\"uagb-heading-text\"><a href=\"https:\/\/www.bowintricycle.com\/vi\/\/electric-tricycle\/\">Nh\u00e0 cung c\u1ea5p xe ba b\u00e1nh ch\u1edf kh\u00e1ch ch\u1ea1y \u0111i\u1ec7n<\/a><\/h5><\/div>\n<\/div>\n\n\n\n<div class=\"wp-block-uagb-container uagb-block-e2ca5539\">\n<div class=\"wp-block-uagb-advanced-heading uagb-block-dd6166ac\"><h5 class=\"uagb-heading-text\">Nh\u00e0 cung c\u1ea5p xe ba b\u00e1nh \u0111i\u1ec7n<\/h5><\/div>\n<\/div>\n<\/div><\/div>\n\n\n\n<div class=\"wp-block-uagb-container uagb-block-2a4f06fe alignfull uagb-is-root-container\"><div class=\"uagb-container-inner-blocks-wrap\">\n<div class=\"wp-block-uagb-advanced-heading uagb-block-196d295c\"><h2 class=\"uagb-heading-text\">Quy tr\u00ecnh c\u1ee7a ch\u00fang t\u00f4i<\/h2><\/div>\n\n\n\n<div class=\"wp-block-uagb-container uagb-layout-grid uagb-block-ee6201f3\">\n<div class=\"wp-block-uagb-info-box uagb-block-22d52622 uagb-infobox__content-wrap  uagb-infobox-icon-above-title uagb-infobox-image-valign-top\"><div class=\"uagb-ifb-content\"><div class=\"uagb-ifb-title-wrap\"><span class=\"uagb-ifb-title-prefix\">01.<\/span><h5 class=\"uagb-ifb-title\">Nghi\u00ean c\u1ee9u<\/h5><\/div><p class=\"uagb-ifb-desc\">Lorem ipsum dolor sit amet, consec tetur elit. Ut elit Tellus, luctus nec ullam corper.\u200b<\/p><\/div><\/div>\n\n\n\n<div class=\"wp-block-uagb-info-box uagb-block-d46de7b0 uagb-infobox__content-wrap  uagb-infobox-icon-above-title uagb-infobox-image-valign-top\"><div class=\"uagb-ifb-content\"><div class=\"uagb-ifb-title-wrap\"><span class=\"uagb-ifb-title-prefix\">02.<\/span><h5 class=\"uagb-ifb-title\">\u00dd t\u01b0\u1edfng &amp; Kh\u00e1i ni\u1ec7m<\/h5><\/div><p class=\"uagb-ifb-desc\">Lorem ipsum dolor sit amet, consec tetur elit. Ut elit Tellus, luctus nec ullam corper.\u200b<\/p><\/div><\/div>\n\n\n\n<div class=\"wp-block-uagb-info-box uagb-block-97e9e08d uagb-infobox__content-wrap  uagb-infobox-icon-above-title uagb-infobox-image-valign-top\"><div class=\"uagb-ifb-content\"><div class=\"uagb-ifb-title-wrap\"><span class=\"uagb-ifb-title-prefix\">03.<\/span><h5 class=\"uagb-ifb-title\">Thi\u1ebft k\u1ebf &amp; S\u1ea3n xu\u1ea5t\u200b<\/h5><\/div><p class=\"uagb-ifb-desc\">Lorem ipsum dolor sit amet, consec tetur elit. Ut elit Tellus, luctus nec ullam corper.\u200b<\/p><\/div><\/div>\n\n\n\n<div class=\"wp-block-uagb-info-box uagb-block-802bb801 uagb-infobox__content-wrap  uagb-infobox-icon-above-title uagb-infobox-image-valign-top\"><div class=\"uagb-ifb-content\"><div class=\"uagb-ifb-title-wrap\"><span class=\"uagb-ifb-title-prefix\">04.<\/span><h5 class=\"uagb-ifb-title\">B\u00e1n h\u00e0ng &amp; D\u1ecbch v\u1ee5\u200b<\/h5><\/div><p class=\"uagb-ifb-desc\">Lorem ipsum dolor sit amet, consec tetur elit. Ut elit Tellus, luctus nec ullam corper.\u200b<\/p><\/div><\/div>\n<\/div>\n<\/div><\/div>\n\n\n\n<div class=\"wp-block-uagb-container uagb-block-d389ae60 alignfull uagb-is-root-container\"><div class=\"uagb-container-inner-blocks-wrap\">\n<div class=\"wp-block-uagb-advanced-heading uagb-block-50e563bf\"><h2 class=\"uagb-heading-text\">Xe ba b\u00e1nh Bowin<\/h2><\/div>\n\n\n\n<div class=\"wp-block-uagb-container uagb-block-d8b8b902\"><div class=\"uagb-container__video-wrap\"><video autoplay loop muted playsinline><source src=\"https:\/\/bowintricycle.com\/wp-content\/uploads\/2024\/09\/2bfc2b0c43ad36ce933cc220813aea40.mp4\" type=\"video\/mp4\"\/><\/video><\/div>\n<div class=\"wp-block-uagb-info-box uagb-block-385c813a uagb-infobox__content-wrap  uagb-infobox-icon-above-title uagb-infobox-image-valign-top wp-block-uagb-info-box--has-margin\"><div class=\"uagb-infobox-margin-wrapper\"><div class=\"uagb-ifb-content\"><div class=\"uagb-ifb-icon-wrap\"><div class=\"uagb-iconbox-icon-wrap uagb-infobox-shape-circle\"><svg xmlns=\"https:\/\/www.w3.org\/2000\/svg\" viewbox=\"0 0 384 512\"><path d=\"M361 215C375.3 223.8 384 239.3 384 256C384 272.7 375.3 288.2 361 296.1L73.03 472.1C58.21 482 39.66 482.4 24.52 473.9C9.377 465.4 0 449.4 0 432V80C0 62.64 9.377 46.63 24.52 38.13C39.66 29.64 58.21 29.99 73.03 39.04L361 215z\"><\/path><\/svg><\/div><\/div><div class=\"uagb-ifb-title-wrap\"><h4 class=\"uagb-ifb-title\">Xem Video \u0110\u1ea7y \u0110\u1ee7<\/h4><\/div><\/div><\/div><\/div>\n<\/div>\n\n\n\n<div class=\"wp-block-uagb-call-to-action uagb-block-2de0add8 wp-block-button\"><div class=\"uagb-cta__wrap\"><h4 class=\"uagb-cta__title\">Nh\u00e0 s\u1ea3n xu\u1ea5t xe ba b\u00e1nh \u0111i\u1ec7n ch\u1ea5t l\u01b0\u1ee3ng t\u1ea1i Trung Qu\u1ed1c.<\/h4><p class=\"uagb-cta__desc\">Nh\u00e0 s\u1ea3n xu\u1ea5t xe ba b\u00e1nh \u0111i\u1ec7n ch\u1ea5t l\u01b0\u1ee3ng t\u1ea1i Trung Qu\u1ed1c.<br>Lorem ipsum dolor sit amet, consectetur adipiscing elit. Ut elit Tellus, luctus nec ullamcorper mattis.<br><a href=\"#\">Tham gia Ch\u01b0\u01a1ng tr\u00ecnhME<\/a><\/p><\/div><div class=\"uagb-cta__buttons\"><a href=\"#\" class=\"uagb-cta__button-link-wrapper wp-block-button__link\" target=\"_self\" rel=\"noopener noreferrer\">LI\u00caN H\u1ec6 V\u1edaI CH\u00daNG T\u00d4I.<\/a><\/div><\/div>\n<\/div><\/div>\n\n\n\n<div class=\"wp-block-uagb-container uagb-block-18f0201e alignfull uagb-is-root-container\"><div class=\"uagb-container-inner-blocks-wrap\">\n<div class=\"wp-block-uagb-info-box uagb-block-5dd33463 uagb-infobox__content-wrap  uagb-infobox-icon-above-title uagb-infobox-image-valign-top\"><div class=\"uagb-ifb-content\"><div class=\"uagb-ifb-title-wrap\"><h4 class=\"uagb-ifb-title-prefix\">T\u1ea5t c\u1ea3 m\u1edbi<\/h4><h2 class=\"uagb-ifb-title\">Xe ba b\u00e1nh Bowin<\/h2><\/div><p class=\"uagb-ifb-desc\">L\u00e0 m\u1ed9t nh\u00e0 s\u1ea3n xu\u1ea5t c\u00f3 nhi\u1ec1u kinh nghi\u1ec7m trong ng\u00e0nh xe \u0111i\u1ec7n trong h\u01a1n m\u1ed9t th\u1eadp k\u1ef7, c\u00f4ng ty ch\u00fang t\u00f4i l\u00e0 m\u1ed9t doanh nghi\u1ec7p xu\u1ea5t s\u1eafc. Ch\u00fang t\u00f4i cam k\u1ebft s\u1ea3n xu\u1ea5t xe \u0111i\u1ec7n ba b\u00e1nh ch\u1ea5t l\u01b0\u1ee3ng cao. \u0110\u01b0\u1ee3c trang b\u1ecb c\u00f4ng ngh\u1ec7 s\u1ea3n xu\u1ea5t ti\u00ean ti\u1ebfn v\u00e0 \u0111\u1ed9i ng\u0169 chuy\u00ean nghi\u1ec7p, ch\u00fang t\u00f4i n\u1ed7 l\u1ef1c t\u1ea1o ra nh\u1eefng s\u1ea3n ph\u1ea9m s\u00e1ng t\u1ea1o v\u00e0 \u0111\u00e1ng tin c\u1eady. Nh\u00e0 m\u00e1y c\u1ee7a ch\u00fang t\u00f4i \u0111\u01b0\u1ee3c trang b\u1ecb c\u00e1c c\u01a1 s\u1edf hi\u1ec7n \u0111\u1ea1i v\u00e0 tu\u00e2n th\u1ee7 c\u00e1c ti\u00eau chu\u1ea9n ki\u1ec3m so\u00e1t ch\u1ea5t l\u01b0\u1ee3ng nghi\u00eam ng\u1eb7t \u0111\u1ec3 \u0111\u1ea3m b\u1ea3o r\u1eb1ng m\u1ecdi xe \u0111i\u1ec7n ba b\u00e1nh l\u0103n b\u00e1nh kh\u1ecfi d\u00e2y chuy\u1ec1n l\u1eafp r\u00e1p \u0111\u1ec1u \u0111\u00e1p \u1ee9ng c\u00e1c y\u00eau c\u1ea7u ch\u1ea5t l\u01b0\u1ee3ng cao nh\u1ea5t. C\u00f4ng ty t\u1eadp trung v\u00e0o \u0111\u1ed5i m\u1edbi c\u00f4ng ngh\u1ec7 v\u00e0 ph\u00e1t tri\u1ec3n b\u1ec1n v\u1eefng trong l\u0129nh v\u1ef1c xe \u0111i\u1ec7n ba b\u00e1nh. Ch\u00fang t\u00f4i kh\u00f4ng ng\u1eebng kh\u00e1m ph\u00e1 v\u00e0 \u00e1p d\u1ee5ng c\u00e1c c\u00f4ng ngh\u1ec7 m\u1edbi \u0111\u1ec3 c\u1ea3i thi\u1ec7n hi\u1ec7u su\u1ea5t v\u00e0 ch\u1ee9c n\u0103ng c\u1ee7a s\u1ea3n ph\u1ea9m. Hi\u1ec7n t\u1ea1i, ch\u00fang t\u00f4i \u0111\u00e3 nh\u1eadn \u0111\u01b0\u1ee3c nhi\u1ec1u b\u1eb1ng s\u00e1ng ch\u1ebf trong ng\u00e0nh xe tay ga \u0111i\u1ec7n ba b\u00e1nh. Nh\u00e0 m\u00e1y c\u1ee7a ch\u00fang t\u00f4i c\u0169ng r\u1ea5t ch\u00fa tr\u1ecdng \u0111\u1ebfn nhu c\u1ea7u c\u1ee7a kh\u00e1ch h\u00e0ng. Ch\u00fang t\u00f4i cam k\u1ebft cung c\u1ea5p c\u00e1c d\u1ecbch v\u1ee5 v\u00e0 s\u1ea3n ph\u1ea9m tuy\u1ec7t v\u1eddi \u0111\u1ec3 mang l\u1ea1i s\u1ef1 ti\u1ec7n l\u1ee3i v\u00e0 h\u00e0i l\u00f2ng cho ng\u01b0\u1eddi d\u00f9ng xe \u0111i\u1ec7n ba b\u00e1nh.<\/p><div class=\"uagb-ifb-button-wrapper wp-block-button\"><a href=\"#\" class=\"uagb-infobox-cta-link wp-block-button__link\" target=\"_self\" rel=\"noopener noreferrer\" onclick=\"return false;\"><span class=\"uagb-inline-editing\">mua s\u1eafm ngay<\/span><\/a><\/div><\/div><\/div>\n<\/div><\/div>\n\n\n\n<p><\/p>","protected":false},"excerpt":{"rendered":"<p>electric tricycle manufacturers in china Explore The Stories electric cargo tricycle Electric cargo tricycle manufacturer Electric tricycle wholesaler Electric tricycle for people transportation Electric passenger tricycle supplier Electric tricycle supplier Our Process Bowintricycle<\/p>","protected":false},"author":1,"featured_media":0,"parent":0,"menu_order":0,"comment_status":"closed","ping_status":"closed","template":"","meta":{"_uag_custom_page_level_css":"","site-sidebar-layout":"no-sidebar","site-content-layout":"plain-container","ast-site-content-layout":"normal-width-container","site-content-style":"unboxed","site-sidebar-style":"unboxed","ast-global-header-display":"","ast-banner-title-visibility":"","ast-main-header-display":"","ast-hfb-above-header-display":"","ast-hfb-below-header-display":"","ast-hfb-mobile-header-display":"","site-post-title":"disabled","ast-breadcrumbs-content":"","ast-featured-img":"disabled","footer-sml-layout":"","ast-disable-related-posts":"","theme-transparent-header-meta":"enabled","adv-header-id-meta":"","stick-header-meta":"","header-above-stick-meta":"","header-main-stick-meta":"","header-below-stick-meta":"","astra-migrate-meta-layouts":"set","ast-page-background-enabled":"default","ast-page-background-meta":{"desktop":{"background-color":"","background-image":"","background-repeat":"repeat","background-position":"center center","background-size":"auto","background-attachment":"scroll","background-type":"","background-media":"","overlay-type":"","overlay-color":"","overlay-opacity":"","overlay-gradient":""},"tablet":{"background-color":"","background-image":"","background-repeat":"repeat","background-position":"center center","background-size":"auto","background-attachment":"scroll","background-type":"","background-media":"","overlay-type":"","overlay-color":"","overlay-opacity":"","overlay-gradient":""},"mobile":{"background-color":"","background-image":"","background-repeat":"repeat","background-position":"center center","background-size":"auto","background-attachment":"scroll","background-type":"","background-media":"","overlay-type":"","overlay-color":"","overlay-opacity":"","overlay-gradient":""}},"ast-content-background-meta":{"desktop":{"background-color":"var(--ast-global-color-5)","background-image":"","background-repeat":"repeat","background-position":"center center","background-size":"auto","background-attachment":"scroll","background-type":"","background-media":"","overlay-type":"","overlay-color":"","overlay-opacity":"","overlay-gradient":""},"tablet":{"background-color":"var(--ast-global-color-5)","background-image":"","background-repeat":"repeat","background-position":"center center","background-size":"auto","background-attachment":"scroll","background-type":"","background-media":"","overlay-type":"","overlay-color":"","overlay-opacity":"","overlay-gradient":""},"mobile":{"background-color":"var(--ast-global-color-5)","background-image":"","background-repeat":"repeat","background-position":"center center","background-size":"auto","background-attachment":"scroll","background-type":"","background-media":"","overlay-type":"","overlay-color":"","overlay-opacity":"","overlay-gradient":""}},"footnotes":""},"class_list":["post-1195","page","type-page","status-publish","hentry"],"yoast_head":"<!-- This site is optimized with the Yoast SEO plugin v27.4 - https:\/\/yoast.com\/product\/yoast-seo-wordpress\/ -->\n<title>Electric tricycle dealer in China - Bowintricycle<\/title>\n<meta name=\"description\" content=\"As a leading electric tricycle dealer in China, sourced from factories. We offer high-quality electric tricycles for passenger and cargo uses to meet diverse customer needs. With years of industry experience, we&#039;re known for reliability and great service.\" \/>\n<meta name=\"robots\" content=\"index, follow, max-snippet:-1, max-image-preview:large, max-video-preview:-1\" \/>\n<link rel=\"canonical\" href=\"https:\/\/www.bowintricycle.com\/vi\/ve-chung-toi\/\" \/>\n<meta property=\"og:locale\" content=\"vi_VN\" \/>\n<meta property=\"og:type\" content=\"article\" \/>\n<meta property=\"og:title\" content=\"Electric tricycle dealer in China - Bowintricycle\" \/>\n<meta property=\"og:description\" content=\"As a leading electric tricycle dealer in China, sourced from factories. We offer high-quality electric tricycles for passenger and cargo uses to meet diverse customer needs. With years of industry experience, we&#039;re known for reliability and great service.\" \/>\n<meta property=\"og:url\" content=\"https:\/\/www.bowintricycle.com\/vi\/ve-chung-toi\/\" \/>\n<meta property=\"og:site_name\" content=\"Bowintricycle\" \/>\n<meta property=\"article:modified_time\" content=\"2024-11-12T08:30:29+00:00\" \/>\n<meta name=\"twitter:card\" content=\"summary_large_image\" \/>\n<meta name=\"twitter:label1\" content=\"\u01af\u1edbc t\u00ednh th\u1eddi gian \u0111\u1ecdc\" \/>\n\t<meta name=\"twitter:data1\" content=\"2 ph\u00fat\" \/>\n<script type=\"application\/ld+json\" class=\"yoast-schema-graph\">{\"@context\":\"https:\\\/\\\/schema.org\",\"@graph\":[{\"@type\":\"WebPage\",\"@id\":\"https:\\\/\\\/www.bowintricycle.com\\\/about-us\\\/\",\"url\":\"https:\\\/\\\/www.bowintricycle.com\\\/about-us\\\/\",\"name\":\"Electric tricycle dealer in China - Bowintricycle\",\"isPartOf\":{\"@id\":\"https:\\\/\\\/www.bowintricycle.com\\\/#website\"},\"datePublished\":\"2024-09-18T03:52:17+00:00\",\"dateModified\":\"2024-11-12T08:30:29+00:00\",\"description\":\"As a leading electric tricycle dealer in China, sourced from factories. We offer high-quality electric tricycles for passenger and cargo uses to meet diverse customer needs. With years of industry experience, we're known for reliability and great service.\",\"breadcrumb\":{\"@id\":\"https:\\\/\\\/www.bowintricycle.com\\\/about-us\\\/#breadcrumb\"},\"inLanguage\":\"vi\",\"potentialAction\":[{\"@type\":\"ReadAction\",\"target\":[\"https:\\\/\\\/www.bowintricycle.com\\\/about-us\\\/\"]}]},{\"@type\":\"BreadcrumbList\",\"@id\":\"https:\\\/\\\/www.bowintricycle.com\\\/about-us\\\/#breadcrumb\",\"itemListElement\":[{\"@type\":\"ListItem\",\"position\":1,\"name\":\"Home\",\"item\":\"https:\\\/\\\/www.bowintricycle.com\\\/\"},{\"@type\":\"ListItem\",\"position\":2,\"name\":\"About Us\"}]},{\"@type\":\"WebSite\",\"@id\":\"https:\\\/\\\/www.bowintricycle.com\\\/#website\",\"url\":\"https:\\\/\\\/www.bowintricycle.com\\\/\",\"name\":\"Bowintricycle\",\"description\":\"\",\"publisher\":{\"@id\":\"https:\\\/\\\/www.bowintricycle.com\\\/#organization\"},\"potentialAction\":[{\"@type\":\"SearchAction\",\"target\":{\"@type\":\"EntryPoint\",\"urlTemplate\":\"https:\\\/\\\/www.bowintricycle.com\\\/?s={search_term_string}\"},\"query-input\":{\"@type\":\"PropertyValueSpecification\",\"valueRequired\":true,\"valueName\":\"search_term_string\"}}],\"inLanguage\":\"vi\"},{\"@type\":\"Organization\",\"@id\":\"https:\\\/\\\/www.bowintricycle.com\\\/#organization\",\"name\":\"Bowintricycle\",\"url\":\"https:\\\/\\\/www.bowintricycle.com\\\/\",\"logo\":{\"@type\":\"ImageObject\",\"inLanguage\":\"vi\",\"@id\":\"https:\\\/\\\/www.bowintricycle.com\\\/#\\\/schema\\\/logo\\\/image\\\/\",\"url\":\"https:\\\/\\\/bowintricycle.com\\\/wp-content\\\/uploads\\\/2024\\\/09\\\/lQLPJwWHBaxB9PfMns0ClbCwF-kQr-EvewbbaExWFWUB_661_158-1.png\",\"contentUrl\":\"https:\\\/\\\/bowintricycle.com\\\/wp-content\\\/uploads\\\/2024\\\/09\\\/lQLPJwWHBaxB9PfMns0ClbCwF-kQr-EvewbbaExWFWUB_661_158-1.png\",\"width\":661,\"height\":158,\"caption\":\"Bowintricycle\"},\"image\":{\"@id\":\"https:\\\/\\\/www.bowintricycle.com\\\/#\\\/schema\\\/logo\\\/image\\\/\"}}]}<\/script>\n<!-- \/ Yoast SEO plugin. -->","yoast_head_json":{"title":"\u0110\u1ea1i l\u00fd xe ba b\u00e1nh \u0111i\u1ec7n t\u1ea1i Trung Qu\u1ed1c - Bowintricycle","description":"L\u00e0 m\u1ed9t \u0111\u1ea1i l\u00fd xe ba b\u00e1nh \u0111i\u1ec7n h\u00e0ng \u0111\u1ea7u t\u1ea1i Trung Qu\u1ed1c, c\u00f3 ngu\u1ed3n g\u1ed1c t\u1eeb c\u00e1c nh\u00e0 m\u00e1y. Ch\u00fang t\u00f4i cung c\u1ea5p xe ba b\u00e1nh \u0111i\u1ec7n ch\u1ea5t l\u01b0\u1ee3ng cao cho m\u1ee5c \u0111\u00edch ch\u1edf kh\u00e1ch v\u00e0 ch\u1edf h\u00e0ng \u0111\u1ec3 \u0111\u00e1p \u1ee9ng nhu c\u1ea7u \u0111a d\u1ea1ng c\u1ee7a kh\u00e1ch h\u00e0ng. V\u1edbi nhi\u1ec1u n\u0103m kinh nghi\u1ec7m trong ng\u00e0nh, ch\u00fang t\u00f4i \u0111\u01b0\u1ee3c bi\u1ebft \u0111\u1ebfn v\u1edbi \u0111\u1ed9 tin c\u1eady v\u00e0 d\u1ecbch v\u1ee5 tuy\u1ec7t v\u1eddi.","robots":{"index":"index","follow":"follow","max-snippet":"max-snippet:-1","max-image-preview":"max-image-preview:large","max-video-preview":"max-video-preview:-1"},"canonical":"https:\/\/www.bowintricycle.com\/vi\/ve-chung-toi\/","og_locale":"vi_VN","og_type":"article","og_title":"Electric tricycle dealer in China - Bowintricycle","og_description":"As a leading electric tricycle dealer in China, sourced from factories. We offer high-quality electric tricycles for passenger and cargo uses to meet diverse customer needs. With years of industry experience, we're known for reliability and great service.","og_url":"https:\/\/www.bowintricycle.com\/vi\/ve-chung-toi\/","og_site_name":"Bowintricycle","article_modified_time":"2024-11-12T08:30:29+00:00","twitter_card":"summary_large_image","twitter_misc":{"\u01af\u1edbc t\u00ednh th\u1eddi gian \u0111\u1ecdc":"2 ph\u00fat"},"schema":{"@context":"https:\/\/schema.org","@graph":[{"@type":"WebPage","@id":"https:\/\/www.bowintricycle.com\/about-us\/","url":"https:\/\/www.bowintricycle.com\/about-us\/","name":"\u0110\u1ea1i l\u00fd xe ba b\u00e1nh \u0111i\u1ec7n t\u1ea1i Trung Qu\u1ed1c - Bowintricycle","isPartOf":{"@id":"https:\/\/www.bowintricycle.com\/#website"},"datePublished":"2024-09-18T03:52:17+00:00","dateModified":"2024-11-12T08:30:29+00:00","description":"L\u00e0 m\u1ed9t \u0111\u1ea1i l\u00fd xe ba b\u00e1nh \u0111i\u1ec7n h\u00e0ng \u0111\u1ea7u t\u1ea1i Trung Qu\u1ed1c, c\u00f3 ngu\u1ed3n g\u1ed1c t\u1eeb c\u00e1c nh\u00e0 m\u00e1y. Ch\u00fang t\u00f4i cung c\u1ea5p xe ba b\u00e1nh \u0111i\u1ec7n ch\u1ea5t l\u01b0\u1ee3ng cao cho m\u1ee5c \u0111\u00edch ch\u1edf kh\u00e1ch v\u00e0 ch\u1edf h\u00e0ng \u0111\u1ec3 \u0111\u00e1p \u1ee9ng nhu c\u1ea7u \u0111a d\u1ea1ng c\u1ee7a kh\u00e1ch h\u00e0ng. V\u1edbi nhi\u1ec1u n\u0103m kinh nghi\u1ec7m trong ng\u00e0nh, ch\u00fang t\u00f4i \u0111\u01b0\u1ee3c bi\u1ebft \u0111\u1ebfn v\u1edbi \u0111\u1ed9 tin c\u1eady v\u00e0 d\u1ecbch v\u1ee5 tuy\u1ec7t v\u1eddi.","breadcrumb":{"@id":"https:\/\/www.bowintricycle.com\/about-us\/#breadcrumb"},"inLanguage":"vi","potentialAction":[{"@type":"ReadAction","target":["https:\/\/www.bowintricycle.com\/about-us\/"]}]},{"@type":"BreadcrumbList","@id":"https:\/\/www.bowintricycle.com\/about-us\/#breadcrumb","itemListElement":[{"@type":"ListItem","position":1,"name":"Home","item":"https:\/\/www.bowintricycle.com\/"},{"@type":"ListItem","position":2,"name":"About Us"}]},{"@type":"WebSite","@id":"https:\/\/www.bowintricycle.com\/#website","url":"https:\/\/www.bowintricycle.com\/","name":"Xe ba b\u00e1nh Bowin","description":"","publisher":{"@id":"https:\/\/www.bowintricycle.com\/#organization"},"potentialAction":[{"@type":"SearchAction","target":{"@type":"EntryPoint","urlTemplate":"https:\/\/www.bowintricycle.com\/?s={search_term_string}"},"query-input":{"@type":"PropertyValueSpecification","valueRequired":true,"valueName":"search_term_string"}}],"inLanguage":"vi"},{"@type":"Organization","@id":"https:\/\/www.bowintricycle.com\/#organization","name":"Xe ba b\u00e1nh Bowin","url":"https:\/\/www.bowintricycle.com\/","logo":{"@type":"ImageObject","inLanguage":"vi","@id":"https:\/\/www.bowintricycle.com\/#\/schema\/logo\/image\/","url":"https:\/\/bowintricycle.com\/wp-content\/uploads\/2024\/09\/lQLPJwWHBaxB9PfMns0ClbCwF-kQr-EvewbbaExWFWUB_661_158-1.png","contentUrl":"https:\/\/bowintricycle.com\/wp-content\/uploads\/2024\/09\/lQLPJwWHBaxB9PfMns0ClbCwF-kQr-EvewbbaExWFWUB_661_158-1.png","width":661,"height":158,"caption":"Bowintricycle"},"image":{"@id":"https:\/\/www.bowintricycle.com\/#\/schema\/logo\/image\/"}}]}},"uagb_featured_image_src":{"full":false,"thumbnail":false,"medium":false,"medium_large":false,"large":false,"1536x1536":false,"2048x2048":false,"trp-custom-language-flag":false,"woocommerce_thumbnail":false,"woocommerce_single":false,"woocommerce_gallery_thumbnail":false},"uagb_author_info":{"display_name":"user","author_link":"https:\/\/www.bowintricycle.com\/vi\/author\/user\/"},"uagb_comment_info":0,"uagb_excerpt":"electric tricycle manufacturers in china Explore The Stories electric cargo tricycle Electric cargo tricycle manufacturer Electric tricycle wholesaler Electric tricycle for people transportation Electric passenger tricycle supplier Electric tricycle supplier Our Process Bowintricycle","_links":{"self":[{"href":"https:\/\/www.bowintricycle.com\/vi\/wp-json\/wp\/v2\/pages\/1195","targetHints":{"allow":["GET"]}}],"collection":[{"href":"https:\/\/www.bowintricycle.com\/vi\/wp-json\/wp\/v2\/pages"}],"about":[{"href":"https:\/\/www.bowintricycle.com\/vi\/wp-json\/wp\/v2\/types\/page"}],"author":[{"embeddable":true,"href":"https:\/\/www.bowintricycle.com\/vi\/wp-json\/wp\/v2\/users\/1"}],"replies":[{"embeddable":true,"href":"https:\/\/www.bowintricycle.com\/vi\/wp-json\/wp\/v2\/comments?post=1195"}],"version-history":[{"count":10,"href":"https:\/\/www.bowintricycle.com\/vi\/wp-json\/wp\/v2\/pages\/1195\/revisions"}],"predecessor-version":[{"id":2470,"href":"https:\/\/www.bowintricycle.com\/vi\/wp-json\/wp\/v2\/pages\/1195\/revisions\/2470"}],"wp:attachment":[{"href":"https:\/\/www.bowintricycle.com\/vi\/wp-json\/wp\/v2\/media?parent=1195"}],"curies":[{"name":"wp","href":"https:\/\/api.w.org\/{rel}","templated":true}]}}